{"id":254293,"date":"2026-01-10T22:24:22","date_gmt":"2026-01-10T19:24:22","guid":{"rendered":"https:\/\/baldumarket.lt\/product\/gray-gr01-rtv\/"},"modified":"2026-02-11T18:31:10","modified_gmt":"2026-02-11T15:31:10","slug":"gray-gr01-rtv","status":"publish","type":"product","link":"https:\/\/baldumarket.lt\/lt\/product\/gray-gr01-rtv\/","title":{"rendered":"PILKAS GR01 RTV"},"content":{"rendered":"<p>GRAY GR01 televizoriaus staliukas puikiai dera prie bet kokio svetain\u0117s ar miegamojo interjero. Prakti\u0161kos spintel\u0117s ir stal\u010dius tilps svarbiausi laidai ir priedai, o \u012fleid\u017eiama dalis \u2013 televizoriai. Stalvir\u0161\u012f galite i\u0161d\u0117styti kaip norite \u2013 ant jo d\u0117ti televizori\u0173 ar dekoratyvinius aksesuarus. Moderni spalv\u0173 gama, derinanti matin\u0119 balt\u0105 ir grafit\u0105, leid\u017eia sukurti tobul\u0105 interjer\u0105, pritaikyt\u0105 prie vartotoj\u0173 skonio ir poreiki\u0173. Subtilios sidabrin\u0117s kojel\u0117s pad\u0117s i\u0161laikyti erdv\u0119 \u0161vari\u0105, o patogios metalin\u0117s rankenos yra papildomas privalumas. U\u017e papildom\u0105 mokest\u012f galima \u012fsigyti \u0161velnaus dureli\u0173 ir stal\u010di\u0173 u\u017edarymo sistem\u0105. Televizoriaus staliukas idealiai tinka naudoti su kitais GRAY serijos baldais arba kaip atskiras baldas, prisitaikantis prie j\u016bs\u0173 kambario interjero.<\/p>\n<p>Plotis 155 cm Gylis 47 cm Auk\u0161tis 54,5 cm Produkto svoris su pakuote 41,50 kg Gamintojo kodas \/ simbolis GR01 Kolekcijos pavadinimas GRAY Pavadinimas b2b sistemoje GRAY GR-1 balta matinio grafito RTV komplektas Produkto pakuo\u010di\u0173 skai\u010dius 2 Stilius Moderni \u012franga Surinkimo instrukcijos \/ surinkimo priedai Surinkimas Savaranki\u0161kam surinkimui Korpuso spalva Balta \/ Grafitas Korpuso med\u017eiaga \/ tipas \/ storis 16 mm bald\u0173 plok\u0161t\u0117 \/ 18 mm MDF bald\u0173 plok\u0161t\u0117 Vir\u0161utinio korpuso med\u017eiaga \/ tipas \/ storis 16 mm bald\u0173 plok\u0161t\u0117 Apatinio korpuso med\u017eiaga \/ tipas \/ storis 16 mm bald\u0173 plok\u0161t\u0117 Galin\u0117s sienel\u0117s med\u017eiaga \/ tipas \/ storis 2,5 mm HDF bald\u0173 plok\u0161t\u0117 Matoma galin\u0117s sienel\u0117s dalis Balta Priekin\u0117 spalva Matin\u0117 balta Priekin\u0117 med\u017eiaga \/ tipas \/ storis 18 mm MDF bald\u0173 plok\u0161t\u0117 Priekinis vyris \u2300 35 mm, reguliuojamas trijose plok\u0161tumose Priekin\u0117 rankena \/ med\u017eiaga \/ spalva Metalas \/ Chromas Skyl\u0117 RTV laidams \u2300 50 mm Kojel\u0117 \/ med\u017eiaga \/ spalva Nereguliuojama \/ plastikin\u0117 \/ sidabrin\u0117 Papildoma koja \/ med\u017eiaga \/ spalva Nereguliuojama vidurin\u0117 \/ plastikin\u0117 \/ sidabrin\u0117 Dur\u0173 skai\u010dius 2 Stal\u010di\u0173 skai\u010dius 1 Atvir\u0173 ertmi\u0173 skai\u010dius 1 U\u017edar\u0173 ertmi\u0173 skai\u010dius 2<\/p>","protected":false},"excerpt":{"rendered":"<p>PILKAS GR01 televizoriaus staliukas puikiai dera prie bet kokio svetain\u0117s ar miegamojo interjero. Prakti\u0161kos spintel\u0117s ir stal\u010dius tilps svarbiausi laidai ir priedai, o \u012fleid\u017eiama dalis \u2013 televizoriai. Stalvir\u0161\u012f galite i\u0161d\u0117styti kaip norite \u2013 ant jo d\u0117ti televizori\u0173 ar dekoratyvinius aksesuarus. Moderni spalv\u0173 gama, derinant matines [\u2026]<\/p>","protected":false},"featured_media":254294,"comment_status":"open","ping_status":"open","template":"","meta":[],"product_brand":[],"product_cat":[2457,1175],"product_tag":[],"class_list":{"0":"post-254293","1":"product","2":"type-product","3":"status-publish","4":"has-post-thumbnail","6":"product_cat-liveo","7":"product_cat-tv-stands","9":"first","10":"instock","11":"purchasable","12":"product-type-simple"},"_links":{"self":[{"href":"https:\/\/baldumarket.lt\/lt\/wp-json\/wp\/v2\/product\/254293","targetHints":{"allow":["GET"]}}],"collection":[{"href":"https:\/\/baldumarket.lt\/lt\/wp-json\/wp\/v2\/product"}],"about":[{"href":"https:\/\/baldumarket.lt\/lt\/wp-json\/wp\/v2\/types\/product"}],"replies":[{"embeddable":true,"href":"https:\/\/baldumarket.lt\/lt\/wp-json\/wp\/v2\/comments?post=254293"}],"wp:featuredmedia":[{"embeddable":true,"href":"https:\/\/baldumarket.lt\/lt\/wp-json\/wp\/v2\/media\/254294"}],"wp:attachment":[{"href":"https:\/\/baldumarket.lt\/lt\/wp-json\/wp\/v2\/media?parent=254293"}],"wp:term":[{"taxonomy":"product_brand","embeddable":true,"href":"https:\/\/baldumarket.lt\/lt\/wp-json\/wp\/v2\/product_brand?post=254293"},{"taxonomy":"product_cat","embeddable":true,"href":"https:\/\/baldumarket.lt\/lt\/wp-json\/wp\/v2\/product_cat?post=254293"},{"taxonomy":"product_tag","embeddable":true,"href":"https:\/\/baldumarket.lt\/lt\/wp-json\/wp\/v2\/product_tag?post=254293"}],"curies":[{"name":"wp","href":"https:\/\/api.w.org\/{rel}","templated":true}]}}