{"id":254291,"date":"2026-01-10T22:24:19","date_gmt":"2026-01-10T19:24:19","guid":{"rendered":"https:\/\/baldumarket.lt\/product\/g-te-gt09-polka-wiszaca-czarny-polysk-dab\/"},"modified":"2026-02-11T18:31:10","modified_gmt":"2026-02-11T15:31:10","slug":"g-te-gt09-polka-wiszaca-czarny-polysk-dab","status":"publish","type":"product","link":"https:\/\/baldumarket.lt\/lt\/product\/g-te-gt09-polka-wiszaca-czarny-polysk-dab\/","title":{"rendered":"G-TE GT09 SIENIN\u0116 LENTYNA, JUODA BLIZG\u0116\/\u0104\u017dUOLAS"},"content":{"rendered":"<p>GT09 lentyna puikiai tinka m\u0117gstamoms knygoms, nuotraukoms ar atostog\u0173 suvenyrams eksponuoti. Ji puikiai papildo svetain\u0119, valgom\u0105j\u012f ar poilsio kambar\u012f. Ji puikiai dera su kitais G-TE serijos baldais arba veikia kaip atskiras baldas, prisitaikantis prie j\u016bs\u0173 kambario interjero dizaino.<\/p>\n<p>Plotis 152,5 cm Gylis 23,5 cm Auk\u0161tis 22 cm Stilius Modernus \u012eranga Surinkimo instrukcijos \/ surinkimo priedai Surinkimas Savaranki\u0161kam surinkimui<\/p>","protected":false},"excerpt":{"rendered":"<p>GT09 lentyna puikiai tinka m\u0117gstamoms knygoms, nuotraukoms ar atostog\u0173 suvenyrams eksponuoti. Ji puikiai papildo svetain\u0119, valgom\u0105j\u012f ar poilsio kambar\u012f. Ji puikiai dera su kitais G-TE serijos baldais arba yra atskiras baldas, prisitaikantis prie j\u016bs\u0173 kambario interjero dizaino. Plotis 152,5 cm Gylis 23,5 cm Auk\u0161tis [\u2026]<\/p>","protected":false},"featured_media":254245,"comment_status":"open","ping_status":"open","template":"","meta":[],"product_brand":[],"product_cat":[1174,2457],"product_tag":[],"class_list":{"0":"post-254291","1":"product","2":"type-product","3":"status-publish","4":"has-post-thumbnail","6":"product_cat-hanging-shelves","7":"product_cat-liveo","9":"first","10":"instock","11":"purchasable","12":"product-type-simple"},"_links":{"self":[{"href":"https:\/\/baldumarket.lt\/lt\/wp-json\/wp\/v2\/product\/254291","targetHints":{"allow":["GET"]}}],"collection":[{"href":"https:\/\/baldumarket.lt\/lt\/wp-json\/wp\/v2\/product"}],"about":[{"href":"https:\/\/baldumarket.lt\/lt\/wp-json\/wp\/v2\/types\/product"}],"replies":[{"embeddable":true,"href":"https:\/\/baldumarket.lt\/lt\/wp-json\/wp\/v2\/comments?post=254291"}],"wp:featuredmedia":[{"embeddable":true,"href":"https:\/\/baldumarket.lt\/lt\/wp-json\/wp\/v2\/media\/254245"}],"wp:attachment":[{"href":"https:\/\/baldumarket.lt\/lt\/wp-json\/wp\/v2\/media?parent=254291"}],"wp:term":[{"taxonomy":"product_brand","embeddable":true,"href":"https:\/\/baldumarket.lt\/lt\/wp-json\/wp\/v2\/product_brand?post=254291"},{"taxonomy":"product_cat","embeddable":true,"href":"https:\/\/baldumarket.lt\/lt\/wp-json\/wp\/v2\/product_cat?post=254291"},{"taxonomy":"product_tag","embeddable":true,"href":"https:\/\/baldumarket.lt\/lt\/wp-json\/wp\/v2\/product_tag?post=254291"}],"curies":[{"name":"wp","href":"https:\/\/api.w.org\/{rel}","templated":true}]}}