{"id":254287,"date":"2026-01-10T22:24:14","date_gmt":"2026-01-10T19:24:14","guid":{"rendered":"https:\/\/baldumarket.lt\/product\/g-te-gt08-regal-l-p-czarny-polysk-dab\/"},"modified":"2026-02-11T18:31:10","modified_gmt":"2026-02-11T15:31:10","slug":"g-te-gt08-regal-l-p-czarny-polysk-dab","status":"publish","type":"product","link":"https:\/\/baldumarket.lt\/lt\/product\/g-te-gt08-regal-l-p-czarny-polysk-dab\/","title":{"rendered":"G-TE GT08 K\/D LENTYNA JUODA BLIZG\u0116\/\u0104\u017dUOLAS"},"content":{"rendered":"<p>GT08 knyg\u0173 lentyna (kair\u0117je\/de\u0161in\u0117je) puikiai tinka jaukiai svetain\u0117s ar darbo kambario erdvei. \u0160i auk\u0161ta knyg\u0173 lentyna turi tris atviras ni\u0161as, puikiai tinkan\u010dias nam\u0173 bibliotekai. Apatin\u0117je dalyje yra \u012fmontuotos ni\u0161os, skirtos laikyti asmeni\u0161kesnius daiktus. Patrauklus dizainas suteiks j\u016bs\u0173 kambariui unikal\u0173 charakter\u012f. Madingas spalv\u0173 derinys kartu su unikaliu grioveliuotu priekiu traukia ak\u012f. Knyg\u0173 lentyna idealiai tinka derinti su kitais G-TE serijos baldais arba naudoti kaip atskiras baldas, prisitaikantis prie j\u016bs\u0173 kambario interjero dizaino.<\/p>\n<p>Plotis 58 cm Gylis 39,5 cm Auk\u0161tis 192,5 cm Stilius Modernus \u012eranga Surinkimo instrukcijos \/ surinkimo priedai Surinkimas Savaranki\u0161kam surinkimui<\/p>","protected":false},"excerpt":{"rendered":"<p>GT08 L\/R knyg\u0173 lentyna puikiai tinka jaukiai svetain\u0117s ar darbo kambario erdvei. \u0160i auk\u0161ta knyg\u0173 lentyna turi tris atviras ni\u0161as, puikiai tinkan\u010dias nam\u0173 bibliotekai. Apatin\u0117je dalyje yra \u012fmontuotos ni\u0161os, skirtos laikyti asmeni\u0161kesnius daiktus. Patrauklus dizainas suteiks j\u016bs\u0173 kambariui unikal\u0173 charakter\u012f. Madingas spalv\u0173 derinys kartu su [\u2026]<\/p>","protected":false},"featured_media":254246,"comment_status":"open","ping_status":"open","template":"","meta":[],"product_brand":[],"product_cat":[2457,1177],"product_tag":[],"class_list":{"0":"post-254287","1":"product","2":"type-product","3":"status-publish","4":"has-post-thumbnail","6":"product_cat-liveo","7":"product_cat-wardrobes","9":"first","10":"instock","11":"purchasable","12":"product-type-simple"},"_links":{"self":[{"href":"https:\/\/baldumarket.lt\/lt\/wp-json\/wp\/v2\/product\/254287","targetHints":{"allow":["GET"]}}],"collection":[{"href":"https:\/\/baldumarket.lt\/lt\/wp-json\/wp\/v2\/product"}],"about":[{"href":"https:\/\/baldumarket.lt\/lt\/wp-json\/wp\/v2\/types\/product"}],"replies":[{"embeddable":true,"href":"https:\/\/baldumarket.lt\/lt\/wp-json\/wp\/v2\/comments?post=254287"}],"wp:featuredmedia":[{"embeddable":true,"href":"https:\/\/baldumarket.lt\/lt\/wp-json\/wp\/v2\/media\/254246"}],"wp:attachment":[{"href":"https:\/\/baldumarket.lt\/lt\/wp-json\/wp\/v2\/media?parent=254287"}],"wp:term":[{"taxonomy":"product_brand","embeddable":true,"href":"https:\/\/baldumarket.lt\/lt\/wp-json\/wp\/v2\/product_brand?post=254287"},{"taxonomy":"product_cat","embeddable":true,"href":"https:\/\/baldumarket.lt\/lt\/wp-json\/wp\/v2\/product_cat?post=254287"},{"taxonomy":"product_tag","embeddable":true,"href":"https:\/\/baldumarket.lt\/lt\/wp-json\/wp\/v2\/product_tag?post=254287"}],"curies":[{"name":"wp","href":"https:\/\/api.w.org\/{rel}","templated":true}]}}