{"id":254279,"date":"2026-01-10T22:24:06","date_gmt":"2026-01-10T19:24:06","guid":{"rendered":"https:\/\/baldumarket.lt\/product\/g-te-gt06-witryna-l-p-2\/"},"modified":"2026-02-11T18:31:10","modified_gmt":"2026-02-11T15:31:10","slug":"g-te-gt06-witryna-l-p-2","status":"publish","type":"product","link":"https:\/\/baldumarket.lt\/lt\/product\/g-te-gt06-witryna-l-p-2\/","title":{"rendered":"G-TE GT06 VITRINA K\/D"},"content":{"rendered":"<p>GT06 kair\u0117s\/de\u0161in\u0117s pus\u0117s vitrina \u2013 tai baldas, skirtas svetain\u0117ms, valgomiesiems ir net \u0161eimos kambariams. Joje yra penkios erdvios ni\u0161os u\u017e i\u0161 dalies \u012fstiklint\u0173 dur\u0173. Spintel\u0117, idealiai tinkanti laikyti ir eksponuoti stiklinius indus bei \u012fdomius aksesuarus, gali b\u016bti komplektuojama su papildomu LED ap\u0161vietimu, kur\u012f galima \u012fsigyti kaip papildom\u0105 \u012frang\u0105. Spintel\u0119 taip pat galima komplektuoti su dekoratyviniu GT-7 ugn\u012f imituojan\u010diu ap\u0161vietimu, kuris j\u016bs\u0173 namuose sukurs jauki\u0105 ir unikali\u0105 atmosfer\u0105. Stilingas spalv\u0173 derinys kartu su unikaliu grioveliuotu priekiu tikrai patrauks ak\u012f. Spintel\u0117 idealiai tinka derinti su kitais G-TE serijos baldais arba naudoti kaip atskir\u0105 bald\u0105, leid\u017eiant\u012f jums pritaikyti interjer\u0105 pagal savo skon\u012f.<\/p>\n<p>Plotis 58 cm Gylis 39,5 cm Auk\u0161tis 192,5 cm Produkto svoris su pakuote 46,15 kg Gamintojo kodas \/ simbolis GT06 Kolekcijos pavadinimas G-TE Pavadinimas b2b sistemoje G-TE GT06 \u0104\u017dUOLO\/BALTA PUS\u0116\/\u0104\u017dUOLO VITRIN\u0116 LP KOMPLEKTAS Produkto pakuo\u010di\u0173 skai\u010dius 3 Stilius Moderni \u012franga Surinkimo instrukcijos \/ surinkimo priedai Surinkimui Savaranki\u0161kam surinkimui Korpuso spalva \u0104\u017euolas Korpuso apdailos med\u017eiaga \/ tipas \/ storis 16 mm baldin\u0117 plok\u0161t\u0117 Vir\u0161utinio korpuso apdaila \/ med\u017eiaga \/ tipas \/ storis 22 mm baldin\u0117 plok\u0161t\u0117 Apatinio korpuso apdaila \/ med\u017eiaga \/ tipas \/ storis 22 mm baldin\u0117 plok\u0161t\u0117 Lentynos spalva \u0104\u017euolas Lentynos apdailos med\u017eiaga \/ tipas \/ storis 16 mm baldin\u0117 plok\u0161t\u0117 Lentyn\u0173 kiekis 2 Galin\u0117s sienel\u0117s apdailos med\u017eiaga \/ tipas \/ storis 2,5 mm HDF baldin\u0117 plok\u0161t\u0117 Matoma galin\u0117s sienel\u0117s dalis Juoda Priekin\u0117 spalva Blizgi Balta \/ \u0104\u017euolas Priekin\u0117s apdailos med\u017eiaga \/ tipas \/ storis 16 mm baldin\u0117 plok\u0161t\u0117 \/ 18 mm MDF baldin\u0117 plok\u0161t\u0117 Priekinis vyris \u2300 35 mm reguliuojamas trijose plok\u0161tumose Priekinis atidarymas universalus kairysis \/ de\u0161inysis TAIP Priekin\u0117 rankena \/ apdaila \/ spalva Plastikas \/ juoda Stiklo priekin\u0117 apdaila \/ stiklo spalva Gr\u016bdintas \/ Antisol ruda Stiklo priekinio stiklo storis 4 mm \u0160velnaus u\u017edarymo sistema Standartin\u0117 Kojel\u0117 \/ apdaila \/ spalva Nereguliuojama \/ plastikin\u0117 \/ juoda Kojel\u0117s auk\u0161tis 50 mm Dureli\u0173 skai\u010dius 1 U\u017edaryt\u0173 ni\u0161\u0173 u\u017e priekinio stiklo skai\u010dius 1 U\u017edaryt\u0173 ni\u0161\u0173 skai\u010dius 4<\/p>","protected":false},"excerpt":{"rendered":"<p>GT06 L\/R vitrina \u2013 tai baldas, skirtas svetain\u0117ms, valgomiesiems ir net \u0161eimos kambariams. Joje yra penkios erdvios ni\u0161os u\u017e i\u0161 dalies \u012fstiklint\u0173 dur\u0173. Spintel\u0117, idealiai tinkanti laikyti ir eksponuoti stiklinius indus bei \u012fdomius aksesuarus, gali b\u016bti komplektuojama su papildomu LED ap\u0161vietimu, kur\u012f galima \u012fsigyti kaip papildom\u0105 \u012frang\u0105. [\u2026]<\/p>","protected":false},"featured_media":254280,"comment_status":"open","ping_status":"open","template":"","meta":[],"product_brand":[],"product_cat":[2457,2006],"product_tag":[],"class_list":{"0":"post-254279","1":"product","2":"type-product","3":"status-publish","4":"has-post-thumbnail","6":"product_cat-liveo","7":"product_cat-vitrines","9":"first","10":"instock","11":"purchasable","12":"product-type-simple"},"_links":{"self":[{"href":"https:\/\/baldumarket.lt\/lt\/wp-json\/wp\/v2\/product\/254279","targetHints":{"allow":["GET"]}}],"collection":[{"href":"https:\/\/baldumarket.lt\/lt\/wp-json\/wp\/v2\/product"}],"about":[{"href":"https:\/\/baldumarket.lt\/lt\/wp-json\/wp\/v2\/types\/product"}],"replies":[{"embeddable":true,"href":"https:\/\/baldumarket.lt\/lt\/wp-json\/wp\/v2\/comments?post=254279"}],"wp:featuredmedia":[{"embeddable":true,"href":"https:\/\/baldumarket.lt\/lt\/wp-json\/wp\/v2\/media\/254280"}],"wp:attachment":[{"href":"https:\/\/baldumarket.lt\/lt\/wp-json\/wp\/v2\/media?parent=254279"}],"wp:term":[{"taxonomy":"product_brand","embeddable":true,"href":"https:\/\/baldumarket.lt\/lt\/wp-json\/wp\/v2\/product_brand?post=254279"},{"taxonomy":"product_cat","embeddable":true,"href":"https:\/\/baldumarket.lt\/lt\/wp-json\/wp\/v2\/product_cat?post=254279"},{"taxonomy":"product_tag","embeddable":true,"href":"https:\/\/baldumarket.lt\/lt\/wp-json\/wp\/v2\/product_tag?post=254279"}],"curies":[{"name":"wp","href":"https:\/\/api.w.org\/{rel}","templated":true}]}}