{"id":254273,"date":"2026-01-10T22:24:00","date_gmt":"2026-01-10T19:24:00","guid":{"rendered":"https:\/\/baldumarket.lt\/product\/g-te-gt05-plomien-dekoracyjny\/"},"modified":"2026-02-11T18:31:10","modified_gmt":"2026-02-11T15:31:10","slug":"g-te-gt05-plomien-dekoracyjny","status":"publish","type":"product","link":"https:\/\/baldumarket.lt\/lt\/product\/g-te-gt05-plomien-dekoracyjny\/","title":{"rendered":"G-TE GT05 DEKORATYVIN\u0116 LIEPSNOS"},"content":{"rendered":"<p>Dekoratyvin\u0117 liepsna GT05 yra GT04 vitrinos aksesuaras, suteikiantis unikalaus \u017eavesio ir atmosferos savo tikrovi\u0161ka liepsnos imitacija. Tai puikus sprendimas tiems, kurie nori pagyvinti savo interjer\u0105 \u017eidinio efektu, i\u0161vengdami tradicinio \u017eidinio \u012frengimo vargo. Dekoratyvin\u0117 liepsna suteikia \u0161ilumos ir jaukumo, sukurdama jauki\u0105 atmosfer\u0105 kambaryje.<\/p>\n<p>Plotis 55,2 cm Gylis 0,3 cm Auk\u0161tis 42,9 cm Produkto svoris su pakuote 2,50 kg Gamintojo kodas \/ simbolis GT05 Kolekcijos pavadinimas G-TE Pavadinimas b2b sistemoje G-TE GT05 P\u0141OM\/DEKOR KPL Produkto pakuo\u010di\u0173 skai\u010dius 1 \u012eranga Surinkimo instrukcijos \/ surinkimo priedai Surinkimas Savaranki\u0161kam surinkimui<\/p>","protected":false},"excerpt":{"rendered":"<p>Dekoratyvin\u0117 liepsna GT05 yra GT04 vitrinos aksesuaras, suteikiantis unikalaus \u017eavesio ir atmosferos savo tikrovi\u0161ka liepsnos imitacija. Tai puikus sprendimas tiems, kurie nori pagyvinti savo interjer\u0105 \u017eidinio efektu, i\u0161vengdami tradicinio \u017eidinio \u012frengimo vargo. Dekoratyvin\u0117 liepsna suteikia \u0161ilumos ir jaukumo, sukurdama [\u2026]<\/p>","protected":false},"featured_media":254274,"comment_status":"open","ping_status":"open","template":"","meta":[],"product_brand":[],"product_cat":[2457,2006],"product_tag":[],"class_list":{"0":"post-254273","1":"product","2":"type-product","3":"status-publish","4":"has-post-thumbnail","6":"product_cat-liveo","7":"product_cat-vitrines","9":"first","10":"instock","11":"purchasable","12":"product-type-simple"},"_links":{"self":[{"href":"https:\/\/baldumarket.lt\/lt\/wp-json\/wp\/v2\/product\/254273","targetHints":{"allow":["GET"]}}],"collection":[{"href":"https:\/\/baldumarket.lt\/lt\/wp-json\/wp\/v2\/product"}],"about":[{"href":"https:\/\/baldumarket.lt\/lt\/wp-json\/wp\/v2\/types\/product"}],"replies":[{"embeddable":true,"href":"https:\/\/baldumarket.lt\/lt\/wp-json\/wp\/v2\/comments?post=254273"}],"wp:featuredmedia":[{"embeddable":true,"href":"https:\/\/baldumarket.lt\/lt\/wp-json\/wp\/v2\/media\/254274"}],"wp:attachment":[{"href":"https:\/\/baldumarket.lt\/lt\/wp-json\/wp\/v2\/media?parent=254273"}],"wp:term":[{"taxonomy":"product_brand","embeddable":true,"href":"https:\/\/baldumarket.lt\/lt\/wp-json\/wp\/v2\/product_brand?post=254273"},{"taxonomy":"product_cat","embeddable":true,"href":"https:\/\/baldumarket.lt\/lt\/wp-json\/wp\/v2\/product_cat?post=254273"},{"taxonomy":"product_tag","embeddable":true,"href":"https:\/\/baldumarket.lt\/lt\/wp-json\/wp\/v2\/product_tag?post=254273"}],"curies":[{"name":"wp","href":"https:\/\/api.w.org\/{rel}","templated":true}]}}