{"id":254264,"date":"2026-01-10T22:23:54","date_gmt":"2026-01-10T19:23:54","guid":{"rendered":"https:\/\/baldumarket.lt\/product\/g-te-gt04-witryna-niska\/"},"modified":"2026-02-11T18:31:10","modified_gmt":"2026-02-11T15:31:10","slug":"g-te-gt04-witryna-niska","status":"publish","type":"product","link":"https:\/\/baldumarket.lt\/lt\/product\/g-te-gt04-witryna-niska\/","title":{"rendered":"G-TE GT04 \u017eema vitrina"},"content":{"rendered":"<p>GT04 vitrina \u2013 tai baldas, puikiai tinkantis tiek svetainei, tiek valgomajam. Daugyb\u0117 ni\u0161\u0173 leid\u017eia eksponuoti ir laikyti vertingus daiktus. \u0160is baldas yra naudingas norint sutvarkyti savo daiktus, o modernesniam vaizdui sukurti galite prid\u0117ti LED ap\u0161vietim\u0105, kur\u012f galima \u012fsigyti kaip papildom\u0105 \u012frang\u0105. Spintel\u0119 taip pat galima komplektuoti su dekoratyviniu ap\u0161vietimu, imituojan\u010diu GT-5 liepsn\u0105, kuris sukurs jauki\u0105 ir unikali\u0105 atmosfer\u0105 j\u016bs\u0173 namuose. Madingas spalv\u0173 derinys kartu su unikaliu grioveliuotu priekiu traukia ak\u012f. Spintel\u0117 idealiai dera su kitais G-TE serijos baldais arba yra atskiras baldas, prisitaikantis prie j\u016bs\u0173 interjero dizaino.<\/p>\n<p>Plotis 92 cm Gylis 39,5 cm Auk\u0161tis 141 cm Produkto svoris su pakuote 54,10 kg Gamintojo kodas \/ simbolis GT04 Kolekcijos pavadinimas G-TE Pavadinimas b2b sistemoje G-TE GT04 JUODO \u0104\u017dUOLO L\/\u0104\u017dUOLO VITRIN\u0116 SPINTEL\u0116 L\/P KOMPLEKTAS Produkto pakuo\u010di\u0173 skai\u010dius 3 Stilius Moderni \u012eranga Surinkimo instrukcijos \/ surinkimo priedai Surinkimas Savaranki\u0161kam surinkimui Korpuso spalva \u0104\u017euolas Korpuso apdailos med\u017eiaga \/ tipas \/ storis 16 mm baldin\u0117 plok\u0161t\u0117 Vir\u0161utinio korpuso apdaila \/ med\u017eiaga \/ tipas \/ storis 22 mm baldin\u0117 plok\u0161t\u0117 Apatinio korpuso apdaila \/ med\u017eiaga \/ tipas \/ storis 22 mm baldin\u0117 plok\u0161t\u0117 Lentynos spalva \u0104\u017euolas Lentynos apdailos med\u017eiaga \/ tipas \/ storis 16 mm baldin\u0117 plok\u0161t\u0117 Lentyn\u0173 kiekis 2 Kar\u016bnin\u0117s lentynos kiekis 2 Galin\u0117s sienel\u0117s apdailos med\u017eiaga \/ tipas \/ storis 2,5 mm HDF baldin\u0117 plok\u0161t\u0117 Matoma galin\u0117s sienel\u0117s dalis Juoda Priekin\u0117 spalva Blizgi juoda \/ \u0104\u017euolas Priekin\u0117s apdailos med\u017eiaga \/ tipas \/ storis 16 mm baldin\u0117 plok\u0161t\u0117 \/ 18 mm MDF baldin\u0117 plok\u0161t\u0117 Priekinis vyris \u2300 35 mm, reguliuojamas trijose plok\u0161tumose Priekin\u0117 rankena \/ apdaila \/ spalva Plastikas \/ juoda Glaz\u016bruota priekin\u0117 apdaila \/ stiklo spalva Gr\u016bdintas \/ Ruda \u201eAntisol\u201c danga \u012estiklinto priekinio stiklo storis 4 mm \u0160velnaus u\u017edarymo dur\u0173 sistema Standartin\u0117 Kojel\u0117 \/ apdaila \/ spalva Nereguliuojama \/ plastikin\u0117 \/ juoda Kojel\u0117s auk\u0161tis 50 mm Dureli\u0173 skai\u010dius 2 U\u017edaryt\u0173 ni\u0161\u0173 u\u017e priekinio stiklo skai\u010dius 1 U\u017edaryt\u0173 ni\u0161\u0173 skai\u010dius 6<\/p>","protected":false},"excerpt":{"rendered":"<p>GT04 vitrina \u2013 tai baldas, puikiai tinkantis tiek svetainei, tiek valgomajam. Daugyb\u0117 ni\u0161\u0173 leid\u017eia eksponuoti ir laikyti vertingus daiktus. \u0160is baldas yra naudingas norint sutvarkyti savo daiktus, o norint modernesnio vaizdo, galima \u012fsigyti LED ap\u0161vietim\u0105, kur\u012f galima \u012fsigyti kaip papildom\u0105 \u012frang\u0105. [\u2026]<\/p>","protected":false},"featured_media":254265,"comment_status":"open","ping_status":"open","template":"","meta":[],"product_brand":[],"product_cat":[2457,2006],"product_tag":[],"class_list":{"0":"post-254264","1":"product","2":"type-product","3":"status-publish","4":"has-post-thumbnail","6":"product_cat-liveo","7":"product_cat-vitrines","9":"first","10":"instock","11":"purchasable","12":"product-type-simple"},"_links":{"self":[{"href":"https:\/\/baldumarket.lt\/lt\/wp-json\/wp\/v2\/product\/254264","targetHints":{"allow":["GET"]}}],"collection":[{"href":"https:\/\/baldumarket.lt\/lt\/wp-json\/wp\/v2\/product"}],"about":[{"href":"https:\/\/baldumarket.lt\/lt\/wp-json\/wp\/v2\/types\/product"}],"replies":[{"embeddable":true,"href":"https:\/\/baldumarket.lt\/lt\/wp-json\/wp\/v2\/comments?post=254264"}],"wp:featuredmedia":[{"embeddable":true,"href":"https:\/\/baldumarket.lt\/lt\/wp-json\/wp\/v2\/media\/254265"}],"wp:attachment":[{"href":"https:\/\/baldumarket.lt\/lt\/wp-json\/wp\/v2\/media?parent=254264"}],"wp:term":[{"taxonomy":"product_brand","embeddable":true,"href":"https:\/\/baldumarket.lt\/lt\/wp-json\/wp\/v2\/product_brand?post=254264"},{"taxonomy":"product_cat","embeddable":true,"href":"https:\/\/baldumarket.lt\/lt\/wp-json\/wp\/v2\/product_cat?post=254264"},{"taxonomy":"product_tag","embeddable":true,"href":"https:\/\/baldumarket.lt\/lt\/wp-json\/wp\/v2\/product_tag?post=254264"}],"curies":[{"name":"wp","href":"https:\/\/api.w.org\/{rel}","templated":true}]}}