{"id":254259,"date":"2026-01-10T22:23:52","date_gmt":"2026-01-10T19:23:52","guid":{"rendered":"https:\/\/baldumarket.lt\/product\/g-te-gt03-komoda\/"},"modified":"2026-02-11T18:31:11","modified_gmt":"2026-02-11T15:31:11","slug":"g-te-gt03-komoda","status":"publish","type":"product","link":"https:\/\/baldumarket.lt\/lt\/product\/g-te-gt03-komoda\/","title":{"rendered":"G-TE GT03 SKRYNIOS"},"content":{"rendered":"<p>Didel\u0117 GT03 komoda puikiai tinka svetain\u0117ms, valgomiesiems ir darbo kambariams. Svarbiausias \u0161io baldo bruo\u017eas \u2013 didel\u0117 talpa daiktams susid\u0117ti. Tiek stal\u010diai, tiek spintel\u0117s su durel\u0117mis suteikia daug vietos daiktams susid\u0117ti. Platus stalvir\u0161is leid\u017eia tilpti suvenyrus ar kitus daiktus. Patrauklus dizainas suteiks j\u016bs\u0173 kambariui unikal\u0173 charakter\u012f. Madingas spalv\u0173 derinys ir unikalus grioveli\u0173 fasadas traukia ak\u012f. Televizoriaus staliukas idealiai dera su kitais G-TE serijos baldais arba yra atskiras baldas, leid\u017eiantis j\u012f pritaikyti prie j\u016bs\u0173 kambario interjero dizaino.<\/p>\n<p>Plotis 152,5 cm Gylis 39,5 cm Auk\u0161tis 88,5 cm Produkto svoris su pakuote 59,00 kg Gamintojo kodas \/ simbolis GT03 Kolekcijos pavadinimas G-TE Pavadinimas b2b sistemoje G-TE GT03 \u0104\u017dUOLO \/ JUODO PUS\u0116S \/ \u0104\u017dUOLO KOMOD\u0172 RINKINYS Produkto pakuo\u010di\u0173 skai\u010dius 3 Stilius Moderni \u012franga Surinkimo instrukcijos \/ surinkimo priedai Surinkimui Savaranki\u0161kam surinkimui Korpuso spalva \u0104\u017euolas Korpuso apdailos med\u017eiaga \/ tipas \/ storis 16 mm baldin\u0117 plok\u0161t\u0117 Vir\u0161utinio korpuso apdaila \/ med\u017eiaga \/ tipas \/ storis 22 mm baldin\u0117 plok\u0161t\u0117 Apatinio korpuso apdaila \/ med\u017eiaga \/ tipas \/ storis 22 mm baldin\u0117 plok\u0161t\u0117 Lentynos spalva \u0104\u017euolas Lentynos apdailos med\u017eiaga \/ tipas \/ storis 16 mm baldin\u0117 plok\u0161t\u0117 Lentyn\u0173 kiekis 1 Kar\u016bnin\u0117s lentynos kiekis 1 Galin\u0117s sienel\u0117s apdailos med\u017eiaga \/ tipas \/ storis 2,5 mm HDF baldin\u0117 plok\u0161t\u0117 Galin\u0117s sienel\u0117s matomos dalies spalva Juoda Priekin\u0117 spalva Blizgi Juoda \/ \u0104\u017euolas Priekin\u0117s apdailos med\u017eiaga \/ tipas \/ storis 16 mm baldin\u0117 plok\u0161t\u0117 \/ 18 mm MDF baldin\u0117 plok\u0161t\u0117 Priekinis vyris \u2300 35 mm, reguliuojamas trijose plok\u0161tumose Priekin\u0117 rankena \/ apdaila \/ spalva Plastikas \/ juoda \u0160velniai u\u017esidaranti dur\u0173 sistema Standartin\u0117s komplektacijos Pilno i\u0161traukimo stal\u010di\u0173 b\u0117geliai Kojel\u0117 \/ apdaila \/ spalva Nereguliuojama \/ plastikin\u0117 \/ juoda Kojel\u0117s auk\u0161tis 50 mm Papildoma koja \/ apdaila \/ spalva Reguliuojama vidurin\u0117 dalis \/ plastikin\u0117 \/ juoda Dureli\u0173 skai\u010dius 3 Stal\u010di\u0173 skai\u010dius 2 U\u017edar\u0173 ni\u0161\u0173 skai\u010dius 5<\/p>","protected":false},"excerpt":{"rendered":"<p>Didel\u0117 GT03 komoda puikiai tinka svetain\u0117ms, valgomiesiems ir darbo kambariams. Svarbiausias \u0161io baldo bruo\u017eas \u2013 didel\u0117 talpa daiktams susid\u0117ti. Tiek stal\u010diai, tiek spintel\u0117s su durel\u0117mis si\u016blo daug vietos daiktams susid\u0117ti. Platus stalvir\u0161is leid\u017eia demonstruoti suvenyrus ar kitus daiktus. Patrauklus dizainas suteiks j\u016bs\u0173 kambariui [\u2026]<\/p>","protected":false},"featured_media":254260,"comment_status":"open","ping_status":"open","template":"","meta":[],"product_brand":[],"product_cat":[1173,2457],"product_tag":[],"class_list":{"0":"post-254259","1":"product","2":"type-product","3":"status-publish","4":"has-post-thumbnail","6":"product_cat-chests-of-drawers","7":"product_cat-liveo","9":"first","10":"instock","11":"purchasable","12":"product-type-simple"},"_links":{"self":[{"href":"https:\/\/baldumarket.lt\/lt\/wp-json\/wp\/v2\/product\/254259","targetHints":{"allow":["GET"]}}],"collection":[{"href":"https:\/\/baldumarket.lt\/lt\/wp-json\/wp\/v2\/product"}],"about":[{"href":"https:\/\/baldumarket.lt\/lt\/wp-json\/wp\/v2\/types\/product"}],"replies":[{"embeddable":true,"href":"https:\/\/baldumarket.lt\/lt\/wp-json\/wp\/v2\/comments?post=254259"}],"wp:featuredmedia":[{"embeddable":true,"href":"https:\/\/baldumarket.lt\/lt\/wp-json\/wp\/v2\/media\/254260"}],"wp:attachment":[{"href":"https:\/\/baldumarket.lt\/lt\/wp-json\/wp\/v2\/media?parent=254259"}],"wp:term":[{"taxonomy":"product_brand","embeddable":true,"href":"https:\/\/baldumarket.lt\/lt\/wp-json\/wp\/v2\/product_brand?post=254259"},{"taxonomy":"product_cat","embeddable":true,"href":"https:\/\/baldumarket.lt\/lt\/wp-json\/wp\/v2\/product_cat?post=254259"},{"taxonomy":"product_tag","embeddable":true,"href":"https:\/\/baldumarket.lt\/lt\/wp-json\/wp\/v2\/product_tag?post=254259"}],"curies":[{"name":"wp","href":"https:\/\/api.w.org\/{rel}","templated":true}]}}