{"id":254255,"date":"2026-01-10T22:23:49","date_gmt":"2026-01-10T19:23:49","guid":{"rendered":"https:\/\/baldumarket.lt\/product\/g-te-gt02-komoda-2\/"},"modified":"2026-02-11T18:31:11","modified_gmt":"2026-02-11T15:31:11","slug":"g-te-gt02-komoda-2","status":"publish","type":"product","link":"https:\/\/baldumarket.lt\/lt\/product\/g-te-gt02-komoda-2\/","title":{"rendered":"G-TE GT02 SKRYNIOS"},"content":{"rendered":"<p>GT02 indauja \u2013 tai baldas, kuris puikiai tiks tiek svetain\u0117je, tiek valgomajame, tiek darbo kambaryje. \u0160i indauja yra labai prakti\u0161ka ir erdvi, vir\u0161utin\u0117je dalyje yra stal\u010dius, o vir\u0161utin\u0117je dalyje \u2013 dviguba u\u017erakinama spintel\u0117 b\u016btiniausiems daiktams susid\u0117ti. Patrauklus dizainas suteiks j\u016bs\u0173 kambariui unikal\u0173 charakter\u012f. Madingas spalv\u0173 derinys ir unikalus grioveli\u0173 fasadas traukia ak\u012f. \u0160i indauja idealiai tinka derinti su kitais G-TE serijos baldais arba naudoti kaip atskiras baldas, prisitaikantis prie j\u016bs\u0173 kambario interjero dizaino.<\/p>\n<p>Plotis 92 cm Gylis 39,5 cm Auk\u0161tis 88,5 cm Produkto svoris su pakuote 37,25 kg Gamintojo kodas \/ simbolis GT02 Kolekcijos pavadinimas G-TE Pavadinimas b2b sistemoje G-TE GT02 \u0104\u017dUOLO\/BALTOS SIDABRO\/\u0104\u017dUOLO KOMOD\u0172 RINKINYS Produkto pakuo\u010di\u0173 skai\u010dius 3 Stilius Moderni \u012franga Surinkimo instrukcijos \/ surinkimo priedai Surinkimui Savaranki\u0161kam surinkimui Korpuso spalva \u0104\u017euolas Korpuso med\u017eiaga \/ tipas \/ storis 16 mm baldin\u0117 plok\u0161t\u0117 Vir\u0161utinio korpuso med\u017eiaga \/ tipas \/ storis 22 mm baldin\u0117 plok\u0161t\u0117 Apatinio korpuso med\u017eiaga \/ tipas \/ storis 22 mm baldin\u0117 plok\u0161t\u0117 Lentynos spalva \u0104\u017euolas Lentynos med\u017eiaga \/ tipas \/ storis 16 mm baldin\u0117 plok\u0161t\u0117 Kar\u016bnuotos lentynos kiekis 1 Galin\u0117s sienel\u0117s med\u017eiaga \/ tipas \/ storis 2,5 mm HDF baldin\u0117 plok\u0161t\u0117 Galin\u0117s sienel\u0117s matomos dalies spalva Juoda Priekin\u0117s spalvos Blizgi balta \/ \u0104\u017euolas Priekin\u0117s med\u017eiagos \/ tipas \/ storis 16 mm baldin\u0117 plok\u0161t\u0117 \/ 18 mm MDF baldin\u0117 plok\u0161t\u0117 Priekinis vyris \u2300 35 mm reguliuojamas trijose plok\u0161tumose Priekin\u0117 rankena \/ apdaila \/ spalva Plastikas \/ juoda \u0160velniai u\u017esidaranti dur\u0173 sistema Standartinis Pilno i\u0161traukimo stal\u010di\u0173 b\u0117geliai Kojel\u0117 \/ apdaila \/ spalva Nereguliuojamas \/ plastikinis \/ juodas Kojeli\u0173 auk\u0161tis 50 mm Dureli\u0173 skai\u010dius 2 Stal\u010di\u0173 skai\u010dius 1 U\u017edar\u0173 ni\u0161\u0173 skai\u010dius 3<\/p>","protected":false},"excerpt":{"rendered":"<p>GT02 indauja \u2013 tai baldas, kuris puikiai tiks tiek svetain\u0117je, tiek valgomajame, tiek darbo kambaryje. Indauja yra labai prakti\u0161ka ir erdvi, vir\u0161utin\u0117je dalyje yra stal\u010dius, o vir\u0161utin\u0117je dalyje \u2013 dviguba rakinama spintel\u0117 b\u016btiniausiems daiktams susid\u0117ti. Patrauklus dizainas suteiks j\u016bs\u0173 kambariui unikal\u0173 charakter\u012f. Madinga [\u2026]<\/p>","protected":false},"featured_media":254256,"comment_status":"open","ping_status":"open","template":"","meta":[],"product_brand":[],"product_cat":[1173,2457],"product_tag":[],"class_list":{"0":"post-254255","1":"product","2":"type-product","3":"status-publish","4":"has-post-thumbnail","6":"product_cat-chests-of-drawers","7":"product_cat-liveo","9":"first","10":"instock","11":"purchasable","12":"product-type-simple"},"_links":{"self":[{"href":"https:\/\/baldumarket.lt\/lt\/wp-json\/wp\/v2\/product\/254255","targetHints":{"allow":["GET"]}}],"collection":[{"href":"https:\/\/baldumarket.lt\/lt\/wp-json\/wp\/v2\/product"}],"about":[{"href":"https:\/\/baldumarket.lt\/lt\/wp-json\/wp\/v2\/types\/product"}],"replies":[{"embeddable":true,"href":"https:\/\/baldumarket.lt\/lt\/wp-json\/wp\/v2\/comments?post=254255"}],"wp:featuredmedia":[{"embeddable":true,"href":"https:\/\/baldumarket.lt\/lt\/wp-json\/wp\/v2\/media\/254256"}],"wp:attachment":[{"href":"https:\/\/baldumarket.lt\/lt\/wp-json\/wp\/v2\/media?parent=254255"}],"wp:term":[{"taxonomy":"product_brand","embeddable":true,"href":"https:\/\/baldumarket.lt\/lt\/wp-json\/wp\/v2\/product_brand?post=254255"},{"taxonomy":"product_cat","embeddable":true,"href":"https:\/\/baldumarket.lt\/lt\/wp-json\/wp\/v2\/product_cat?post=254255"},{"taxonomy":"product_tag","embeddable":true,"href":"https:\/\/baldumarket.lt\/lt\/wp-json\/wp\/v2\/product_tag?post=254255"}],"curies":[{"name":"wp","href":"https:\/\/api.w.org\/{rel}","templated":true}]}}