{"id":254241,"date":"2026-01-10T22:23:42","date_gmt":"2026-01-10T19:23:42","guid":{"rendered":"https:\/\/baldumarket.lt\/product\/g-te-gt01-rtv\/"},"modified":"2026-02-11T18:31:12","modified_gmt":"2026-02-11T15:31:12","slug":"g-te-gt01-rtv","status":"publish","type":"product","link":"https:\/\/baldumarket.lt\/lt\/product\/g-te-gt01-rtv\/","title":{"rendered":"G-TE GT01 RTV"},"content":{"rendered":"<p>GT01 televizoriaus staliukas \u2013 tai baldas, skirtas ne tik svetainei, bet ir bendram gyvenimui. \u0160is modelis turi du stal\u010dius ma\u017eiems svetain\u0117s reikmenims, lentyn\u0105 dekoderiui ir dvi erdvias spinteles. Patrauklus dizainas suteiks j\u016bs\u0173 kambariui unikal\u0173 charakter\u012f. Madingas spalv\u0173 derinys ir unikalus grioveli\u0173 fasadas traukia ak\u012f. Televizoriaus staliukas idealiai dera su kitais G-TE serijos baldais arba yra atskiras baldas, prisitaikantis prie j\u016bs\u0173 kambario interjero dizaino.<\/p>\n<p>Plotis 152,5 cm Gylis 39,5 cm Auk\u0161tis 53 cm Produkto svoris su pakuote 42,65 kg Gamintojo kodas \/ simbolis GT01 Kolekcijos pavadinimas G-TE Pavadinimas b2b sistemoje G-TE GT01 \u0104\u017dUOLAS \/ JUODA PUS\u0116 \/ \u0104\u017dUOLAS RTV KPL Produkto pakuo\u010di\u0173 skai\u010dius 3 Stilius Moderni \u012franga Surinkimo instrukcijos \/ surinkimo priedai Surinkimas Savaranki\u0161kam surinkimui Korpuso spalva \u0104\u017euolas Korpuso apdailos med\u017eiaga \/ tipas \/ storis 16 mm baldin\u0117 plok\u0161t\u0117 Vir\u0161utinio korpuso apdaila \/ med\u017eiaga \/ tipas \/ storis 22 mm baldin\u0117 plok\u0161t\u0117 Apatinio korpuso apdaila \/ med\u017eiaga \/ tipas \/ storis 22 mm baldin\u0117 plok\u0161t\u0117 Lentynos spalva \u0104\u017euolas Lentynos apdailos med\u017eiaga \/ tipas \/ storis 16 mm baldin\u0117 plok\u0161t\u0117 Lentyn\u0173 kiekis 1 Galin\u0117s sienel\u0117s apdailos med\u017eiaga \/ tipas \/ storis 2,5 mm HDF baldin\u0117 plok\u0161t\u0117 Galin\u0117s sienel\u0117s matomos dalies spalva Juoda Priekin\u0117 spalva Blizgi Juoda \/ \u0104\u017euolas Priekin\u0117s apdailos med\u017eiaga \/ tipas \/ storis Baldin\u0117 plok\u0161t\u0117 16 mm \/ MDF baldin\u0117 plok\u0161t\u0117 18 mm Priekinis vyris \u2300 35 mm, reguliuojamas trijose plok\u0161tumose Priekin\u0117 rankena \/ apdaila \/ spalva Plastikas \/ juoda Skyl\u0117 RTV laidams \u2300 50 mm \u0160velnaus u\u017edarymo dureli\u0173 sistema Standartin\u0117 komplektacija Pilno i\u0161traukimo stal\u010di\u0173 b\u0117geliai Kojel\u0117 \/ apdaila \/ spalva Nereguliuojama \/ plastikin\u0117 \/ juoda Kojel\u0117s auk\u0161tis 50 mm Papildoma koja \/ apdaila \/ spalva Reguliuojama vidurin\u0117 dalis \/ plastikin\u0117 \/ juoda Dureli\u0173 skai\u010dius 2 Stal\u010di\u0173 skai\u010dius 2 Atvir\u0173 ni\u0161\u0173 skai\u010dius 2 U\u017edar\u0173 ni\u0161\u0173 skai\u010dius 2<\/p>","protected":false},"excerpt":{"rendered":"<p>GT01 televizoriaus staliukas yra baldas, skirtas ne tik svetainei, bet ir \u0161eimos kambariui. \u0160is modelis turi du stal\u010dius ma\u017eiems svetain\u0117s reikmenims, lentyn\u0105 dekoderiui ir dvi erdvias spinteles. Patrauklus dizainas suteiks j\u016bs\u0173 kambariui unikal\u0173 charakter\u012f. Madingas spalv\u0173 derinys ir unikalus [\u2026]<\/p>","protected":false},"featured_media":254242,"comment_status":"open","ping_status":"open","template":"","meta":[],"product_brand":[],"product_cat":[2457,1175],"product_tag":[],"class_list":{"0":"post-254241","1":"product","2":"type-product","3":"status-publish","4":"has-post-thumbnail","6":"product_cat-liveo","7":"product_cat-tv-stands","9":"first","10":"instock","11":"purchasable","12":"product-type-simple"},"_links":{"self":[{"href":"https:\/\/baldumarket.lt\/lt\/wp-json\/wp\/v2\/product\/254241","targetHints":{"allow":["GET"]}}],"collection":[{"href":"https:\/\/baldumarket.lt\/lt\/wp-json\/wp\/v2\/product"}],"about":[{"href":"https:\/\/baldumarket.lt\/lt\/wp-json\/wp\/v2\/types\/product"}],"replies":[{"embeddable":true,"href":"https:\/\/baldumarket.lt\/lt\/wp-json\/wp\/v2\/comments?post=254241"}],"wp:featuredmedia":[{"embeddable":true,"href":"https:\/\/baldumarket.lt\/lt\/wp-json\/wp\/v2\/media\/254242"}],"wp:attachment":[{"href":"https:\/\/baldumarket.lt\/lt\/wp-json\/wp\/v2\/media?parent=254241"}],"wp:term":[{"taxonomy":"product_brand","embeddable":true,"href":"https:\/\/baldumarket.lt\/lt\/wp-json\/wp\/v2\/product_brand?post=254241"},{"taxonomy":"product_cat","embeddable":true,"href":"https:\/\/baldumarket.lt\/lt\/wp-json\/wp\/v2\/product_cat?post=254241"},{"taxonomy":"product_tag","embeddable":true,"href":"https:\/\/baldumarket.lt\/lt\/wp-json\/wp\/v2\/product_tag?post=254241"}],"curies":[{"name":"wp","href":"https:\/\/api.w.org\/{rel}","templated":true}]}}