{"id":254236,"date":"2026-01-10T22:23:40","date_gmt":"2026-01-10T19:23:40","guid":{"rendered":"https:\/\/baldumarket.lt\/product\/fotel-solar\/"},"modified":"2026-02-11T18:31:12","modified_gmt":"2026-02-11T15:31:12","slug":"fotel-solar","status":"publish","type":"product","link":"https:\/\/baldumarket.lt\/lt\/product\/fotel-solar\/","title":{"rendered":"Saul\u0117s kr\u0117slas"},"content":{"rendered":"<p>SOLAR fotelis \u2013 tai prakti\u0161kas poilsio kr\u0117slas, kuris patiks tiems, kurie vertina komfort\u0105 ir atsipalaidavim\u0105. \u0160is baldas puikiai tinka tiek svetainei, tiek ma\u017eesniam jaunimo kambariui. Fotelis puikiai dera su m\u016bs\u0173 si\u016bloma SOLAR sofa. Pasirinkus \u012fvairius apmu\u0161alus, galite pritaikyti bald\u0105 pagal savo poreikius.<\/p>\n<p>Plotis 64,5 cm Gylis 77 cm Auk\u0161tis 105 cm Spalva Ro\u017ein\u0117 Audinio pavadinimas solo 254 Produkto pakuo\u010di\u0173 skai\u010dius 2 Stilius Modernus \u012eranga Surinkimo instrukcijos \/ surinkimo priedai Surinkimas Savaranki\u0161kam surinkimui<\/p>","protected":false},"excerpt":{"rendered":"<p>SOLAR fotelis yra prakti\u0161kas poilsio kr\u0117slas, kuris patiks tiems, kurie vertina komfort\u0105 ir atsipalaidavim\u0105. \u0160is baldas puikiai tinka tiek svetain\u0117ms, tiek ma\u017eesniems jaunimo kambariams. Fotelis puikiai dera su m\u016bs\u0173 si\u016bloma SOLAR sofa. Pasirinkus \u012fvairius apmu\u0161alus, galite pritaikyti bald\u0105 pagal savo [\u2026]<\/p>","protected":false},"featured_media":254237,"comment_status":"open","ping_status":"open","template":"","meta":[],"product_brand":[],"product_cat":[634,2457],"product_tag":[],"class_list":{"0":"post-254236","1":"product","2":"type-product","3":"status-publish","4":"has-post-thumbnail","6":"product_cat-armchairs","7":"product_cat-liveo","9":"first","10":"instock","11":"purchasable","12":"product-type-simple"},"_links":{"self":[{"href":"https:\/\/baldumarket.lt\/lt\/wp-json\/wp\/v2\/product\/254236","targetHints":{"allow":["GET"]}}],"collection":[{"href":"https:\/\/baldumarket.lt\/lt\/wp-json\/wp\/v2\/product"}],"about":[{"href":"https:\/\/baldumarket.lt\/lt\/wp-json\/wp\/v2\/types\/product"}],"replies":[{"embeddable":true,"href":"https:\/\/baldumarket.lt\/lt\/wp-json\/wp\/v2\/comments?post=254236"}],"wp:featuredmedia":[{"embeddable":true,"href":"https:\/\/baldumarket.lt\/lt\/wp-json\/wp\/v2\/media\/254237"}],"wp:attachment":[{"href":"https:\/\/baldumarket.lt\/lt\/wp-json\/wp\/v2\/media?parent=254236"}],"wp:term":[{"taxonomy":"product_brand","embeddable":true,"href":"https:\/\/baldumarket.lt\/lt\/wp-json\/wp\/v2\/product_brand?post=254236"},{"taxonomy":"product_cat","embeddable":true,"href":"https:\/\/baldumarket.lt\/lt\/wp-json\/wp\/v2\/product_cat?post=254236"},{"taxonomy":"product_tag","embeddable":true,"href":"https:\/\/baldumarket.lt\/lt\/wp-json\/wp\/v2\/product_tag?post=254236"}],"curies":[{"name":"wp","href":"https:\/\/api.w.org\/{rel}","templated":true}]}}