{"id":254219,"date":"2026-01-10T22:23:30","date_gmt":"2026-01-10T19:23:30","guid":{"rendered":"https:\/\/baldumarket.lt\/product\/forrest-fr19-180-loze-bez-pojemnika-na-posciel\/"},"modified":"2026-02-11T18:31:12","modified_gmt":"2026-02-11T15:31:12","slug":"forrest-fr19-180-loze-bez-pojemnika-na-posciel","status":"publish","type":"product","link":"https:\/\/baldumarket.lt\/lt\/product\/forrest-fr19-180-loze-bez-pojemnika-na-posciel\/","title":{"rendered":"FORREST FR19\/180 lova be patalyn\u0117s konteinerio"},"content":{"rendered":"<p>Lova FORREST FR19 puikiai tinka tiek moderniam, tiek klasikiniam interjerui. Kartu su kitais \u0161ios serijos baldais \u0161i lova leid\u017eia sukurti rami\u0105, ta\u010diau moderni\u0105 miegamojo erdv\u0119. Ji sukurta taip, kad b\u016bt\u0173 i\u0161naudotas visas miegojimo plotis, o galv\u016bgalis suteikia atram\u0105 pavargusiai nugarai po ilgos dienos. \u010ciu\u017einys ir r\u0117mas \u012f komplekt\u0105 ne\u012feina; juos galima \u012fsigyti atskirai. Galima \u012fsigyti dviej\u0173 dyd\u017ei\u0173: 160 cm ir 180 cm. Lova pasi\u017eymi unikaliais u\u017eapvalintais kra\u0161tais ir subtiliais aliuminio spalvos \u012fd\u0117klais, suteikian\u010diais subtilios elegancijos. Ry\u0161kus, tvirtas r\u0117mas sukuria unikali\u0105 i\u0161vaizd\u0105, o \u0161iltos bald\u0173 spalvos pabr\u0117\u0161 kambario jaukum\u0105. FORREST lova puikiai dera su kitais \u0161ios serijos baldais arba kaip atskiras baldas, prisitaikantis prie j\u016bs\u0173 kambario interjero.<\/p>\n<p>Plotis 192,6 cm Ilgis 212,7 cm Auk\u0161tis 90 cm Miegamoji erdv\u0117 180 cm x 200 cm Prek\u0117s svoris su pakuote 91,80 kg Gamintojo kodas \/ simbolis FR19\/180 Kolekcijos pavadinimas FORREST Pavadinimas b2b sistemoje FORREST FR-19\/180 tamsaus rie\u0161uto spalvos LOVOS komplektas Prek\u0117s pakuo\u010di\u0173 skai\u010dius: 4 Stilius: Modernus \u012eranga: Surinkimo instrukcijos \/ surinkimo priedai Surinkimas: Savaranki\u0161kam surinkimui Spalva: Tamsaus rie\u0161uto \/ Milano \u0105\u017euolo spalvos Vir\u0161utin\u0117s dalies med\u017eiaga \/ tipas \/ storis: Bald\u0173 lenta (2 x 18) 36 mm \/ bald\u0173 lenta 18 mm \/ juostel\u0117: MDF bald\u0173 lenta 27 mm Kair\u0117s ir de\u0161in\u0117s pusi\u0173 med\u017eiaga \/ tipas \/ storis: Bald\u0173 lenta (2 x 12) 24 mm Apatin\u0117s dalies med\u017eiaga \/ tipas \/ storis: Bald\u0173 lenta (2 x 18) 36 mm \/ bald\u0173 lenta 18 mm \/ juostel\u0117: MDF bald\u0173 lenta 27 mm Kojel\u0117 \/ med\u017eiaga \/ spalva: Nereguliuojama \/ Bald\u0173 b\u0117geliai \/ plastikas \/ Juoda<\/p>","protected":false},"excerpt":{"rendered":"<p>FORREST FR19 lova puikiai tinka tiek moderniam, tiek klasikiniam interjerui. Kartu su kitais \u0161ios serijos baldais \u0161i lova leid\u017eia sukurti rami\u0105, ta\u010diau moderni\u0105 miegamojo erdv\u0119. Ji sukurta taip, kad b\u016bt\u0173 i\u0161naudotas visas miegojimo plotis, o galv\u016bgalis suteikia atram\u0105 pavargusiai nugarai po ilgos dienos. Lova [\u2026]<\/p>","protected":false},"featured_media":254189,"comment_status":"open","ping_status":"open","template":"","meta":[],"product_brand":[],"product_cat":[505,9114,2457],"product_tag":[],"class_list":{"0":"post-254219","1":"product","2":"type-product","3":"status-publish","4":"has-post-thumbnail","6":"product_cat-bedroom-beds","7":"product_cat-forrest","8":"product_cat-liveo","10":"first","11":"instock","12":"purchasable","13":"product-type-simple"},"_links":{"self":[{"href":"https:\/\/baldumarket.lt\/lt\/wp-json\/wp\/v2\/product\/254219","targetHints":{"allow":["GET"]}}],"collection":[{"href":"https:\/\/baldumarket.lt\/lt\/wp-json\/wp\/v2\/product"}],"about":[{"href":"https:\/\/baldumarket.lt\/lt\/wp-json\/wp\/v2\/types\/product"}],"replies":[{"embeddable":true,"href":"https:\/\/baldumarket.lt\/lt\/wp-json\/wp\/v2\/comments?post=254219"}],"wp:featuredmedia":[{"embeddable":true,"href":"https:\/\/baldumarket.lt\/lt\/wp-json\/wp\/v2\/media\/254189"}],"wp:attachment":[{"href":"https:\/\/baldumarket.lt\/lt\/wp-json\/wp\/v2\/media?parent=254219"}],"wp:term":[{"taxonomy":"product_brand","embeddable":true,"href":"https:\/\/baldumarket.lt\/lt\/wp-json\/wp\/v2\/product_brand?post=254219"},{"taxonomy":"product_cat","embeddable":true,"href":"https:\/\/baldumarket.lt\/lt\/wp-json\/wp\/v2\/product_cat?post=254219"},{"taxonomy":"product_tag","embeddable":true,"href":"https:\/\/baldumarket.lt\/lt\/wp-json\/wp\/v2\/product_tag?post=254219"}],"curies":[{"name":"wp","href":"https:\/\/api.w.org\/{rel}","templated":true}]}}