{"id":254217,"date":"2026-01-10T22:23:26","date_gmt":"2026-01-10T19:23:26","guid":{"rendered":"https:\/\/baldumarket.lt\/product\/forrest-fr18-szafka-nocna\/"},"modified":"2026-02-11T18:31:12","modified_gmt":"2026-02-11T15:31:12","slug":"forrest-fr18-szafka-nocna","status":"publish","type":"product","link":"https:\/\/baldumarket.lt\/lt\/product\/forrest-fr18-szafka-nocna\/","title":{"rendered":"FORREST FR18 naktinis staliukas"},"content":{"rendered":"<p>FORREST FR18 naktinis staliukas yra b\u016btinas bet kurio funkcionalaus miegamojo baldas. Jis turi stal\u010di\u0173 ir lentyn\u0105, kuriose yra daug vietos naudingiems daiktams, ir stalvir\u0161\u012f naktiniam \u0161viestuvui. Jis eleganti\u0161kai papildys j\u016bs\u0173 bendr\u0105 interjer\u0105 arba bus \u017eavingas, kontrastingas akcentas. I\u0161skirtiniai jo bruo\u017eai \u2013 ne\u012fprastai suapvalinti kra\u0161tai, subtil\u016bs aliuminio spalvos akcentai ir eleganti\u0161kos sidabrin\u0117s ranken\u0117l\u0117s su graviruotu g\u0117li\u0173 ra\u0161tu, suteikian\u010dios subtilumo ir elegancijos. Ry\u0161kus, tvirtas r\u0117mas suteikia jam unikali\u0105 i\u0161vaizd\u0105, o \u0161iltos spalvos sustiprina kambario jaukum\u0105. \u0160is naktinis staliukas puikiai dera su kitais FORREST serijos baldais arba kaip atskiras baldas, prisitaikantis prie j\u016bs\u0173 kambario interjero.<\/p>\n<p>Plotis 52,4 cm Gylis 41,58 cm Auk\u0161tis 50,7 cm Produkto svoris su pakuote 16,90 kg Gamintojo kodas \/ simbolis FR18 Kolekcijos pavadinimas FORREST Pavadinimas b2b sistemoje FORREST FR-18 tamsaus rie\u0161uto NAKTIN\u0116 SPINTEL\u0116 komplektas Produkto pakuo\u010di\u0173 skai\u010dius 2 Stilius Moderni \u012franga Surinkimo instrukcijos \/ surinkimo priedai Surinkimas Savaranki\u0161kam surinkimui Korpuso spalva tamsaus rie\u0161uto \/ Milano \u0105\u017euolo Korpuso med\u017eiaga \/ tipas \/ storis Bald\u0173 plok\u0161t\u0117 (2 x 18) 36 mm \/ bald\u0173 plok\u0161t\u0117 18 mm \/ juostin\u0117 bald\u0173 plok\u0161t\u0117 MDF 27 mm Korpuso vir\u0161utin\u0117s dalies med\u017eiaga \/ tipas \/ storis Bald\u0173 plok\u0161t\u0117 18 mm Korpuso pagrindo med\u017eiaga \/ tipas \/ storis Bald\u0173 plok\u0161t\u0117 18 mm Galin\u0117s sienel\u0117s med\u017eiaga \/ tipas \/ storis Bald\u0173 plok\u0161t\u0117 HDF 2,5 mm Matoma galin\u0117s sienel\u0117s dalis Tamsaus rie\u0161uto Priekin\u0117s spalvos Tamsaus rie\u0161uto Priekin\u0117s med\u017eiagos \/ tipas \/ storis Bald\u0173 plok\u0161t\u0117 18 mm Priekin\u0117 rankena \/ tipas \/ spalva Metalin\u0117 \/ metalin\u0117 Stal\u010di\u0173 b\u0117geliai Ratukas Kojel\u0117 \/ tipas \/ spalva Nereguliuojama \/ Bald\u0173 b\u0117gelis \/ plastikin\u0117 \/ Juoda Stal\u010di\u0173 skai\u010dius 1 Atvir\u0173 ni\u0161\u0173 skai\u010dius 1<\/p>","protected":false},"excerpt":{"rendered":"<p>FORREST FR18 naktinis staliukas yra b\u016btinas baldas bet kuriame funkcionaliame miegamajame. Jis turi stal\u010di\u0173 ir lentyn\u0105, kuriuose yra daug vietos naudingiems daiktams, ir stalvir\u0161\u012f naktiniam staliukui skirtai lempai. Jis eleganti\u0161kai papildys j\u016bs\u0173 bendr\u0105 interjer\u0105 arba bus \u017eavingas, kontrastingas akcentas. I\u0161skirtin\u0117s savyb\u0117s: ne\u012fprastai suapvalinti kra\u0161tai, subtilus [\u2026]<\/p>","protected":false},"featured_media":254214,"comment_status":"open","ping_status":"open","template":"","meta":[],"product_brand":[],"product_cat":[1176,9114,2457],"product_tag":[],"class_list":{"0":"post-254217","1":"product","2":"type-product","3":"status-publish","4":"has-post-thumbnail","6":"product_cat-bedside-tables","7":"product_cat-forrest","8":"product_cat-liveo","10":"first","11":"instock","12":"purchasable","13":"product-type-simple"},"_links":{"self":[{"href":"https:\/\/baldumarket.lt\/lt\/wp-json\/wp\/v2\/product\/254217","targetHints":{"allow":["GET"]}}],"collection":[{"href":"https:\/\/baldumarket.lt\/lt\/wp-json\/wp\/v2\/product"}],"about":[{"href":"https:\/\/baldumarket.lt\/lt\/wp-json\/wp\/v2\/types\/product"}],"replies":[{"embeddable":true,"href":"https:\/\/baldumarket.lt\/lt\/wp-json\/wp\/v2\/comments?post=254217"}],"wp:featuredmedia":[{"embeddable":true,"href":"https:\/\/baldumarket.lt\/lt\/wp-json\/wp\/v2\/media\/254214"}],"wp:attachment":[{"href":"https:\/\/baldumarket.lt\/lt\/wp-json\/wp\/v2\/media?parent=254217"}],"wp:term":[{"taxonomy":"product_brand","embeddable":true,"href":"https:\/\/baldumarket.lt\/lt\/wp-json\/wp\/v2\/product_brand?post=254217"},{"taxonomy":"product_cat","embeddable":true,"href":"https:\/\/baldumarket.lt\/lt\/wp-json\/wp\/v2\/product_cat?post=254217"},{"taxonomy":"product_tag","embeddable":true,"href":"https:\/\/baldumarket.lt\/lt\/wp-json\/wp\/v2\/product_tag?post=254217"}],"curies":[{"name":"wp","href":"https:\/\/api.w.org\/{rel}","templated":true}]}}