{"id":254215,"date":"2026-01-10T22:23:23","date_gmt":"2026-01-10T19:23:23","guid":{"rendered":"https:\/\/baldumarket.lt\/product\/forrest-fr17-witryna-wiszaca\/"},"modified":"2026-01-17T23:22:47","modified_gmt":"2026-01-17T20:22:47","slug":"forrest-fr17-witryna-wiszaca","status":"publish","type":"product","link":"https:\/\/baldumarket.lt\/lt\/produktas\/forrest-fr17-witryna-wiszaca\/","title":{"rendered":"MI\u0160KAS FR17 WITRYNA WISZ\u0104CA"},"content":{"rendered":"<p>Pakabinama vitrina FORREST FR17 \u200b\u200bsuteikia j\u016bs\u0173 svetainei i\u0161skirtinio \u017eavesio ir puikiai tinka m\u0117gstamiems daiktams eksponuoti. Spintel\u0117 pasi\u017eymi dalinai \u012fstiklintu priekiu ir stiklin\u0117mis lentynomis, puikiai tinkan\u010diomis atostog\u0173 suvenyrams ar vyno tauri\u0173 kolekcijai eksponuoti. J\u0105 galima \u012fsigyti su LED ap\u0161vietimu (u\u017e papildom\u0105 mokest\u012f), kad vizualinis efektas b\u016bt\u0173 dar \u012fsp\u016bdingesnis ir j\u016bs\u0173 kambariui b\u016bt\u0173 suteikta unikali atmosfera. Spintel\u0117 pasi\u017eymi unikaliais u\u017eapvalintais kra\u0161tais, subtiliais aliuminio spalvos akcentais ir eleganti\u0161komis sidabrin\u0117mis ranken\u0117l\u0117mis su graviruotu g\u0117li\u0173 ra\u0161tu, suteikian\u010diomis subtilumo ir elegancijos. Ry\u0161kus, tvirtas r\u0117mas suteikia jai unikali\u0105 i\u0161vaizd\u0105, o \u0161iltos spalvos sustiprina kambario jaukum\u0105. Spintel\u0117 puikiai dera su kitais FORREST serijos baldais arba naudojama kaip atskiras baldas, prisitaikant prie j\u016bs\u0173 interjero dizaino.<\/p>\n<p>Plotis 98,4 cm Gylis 29,5 cm Auk\u0161tis 80 cm Produkto svoris su pakuote 33,25 kg Gamintojo kodas \/ simbolis FR17 \u200b\u200b\u200b\u200bKolekcijos pavadinimas FORREST Pavadinimas b2b sistemoje FORREST FR-17 tamsaus rie\u0161uto PAKABINAMA VITRININ\u0116 SPINTEL\u0116 komplektas Produkto pakuo\u010di\u0173 skai\u010dius 3 Stilius Moderni \u012franga Surinkimo instrukcijos \/ surinkimo priedai Surinkimas Savaranki\u0161kam surinkimui Korpuso spalva tamsaus rie\u0161uto \/ Milano \u0105\u017euolo Korpuso med\u017eiaga \/ tipas \/ storis Bald\u0173 plok\u0161t\u0117 (2 x 18) 36 mm \/ bald\u0173 plok\u0161t\u0117 18 mm \/ juostin\u0117 bald\u0173 plok\u0161t\u0117 MDF 27 mm Korpuso vir\u0161utin\u0117s dalies med\u017eiaga \/ tipas \/ storis Bald\u0173 plok\u0161t\u0117 18 mm Korpuso apatin\u0117s dalies med\u017eiaga \/ tipas \/ storis Bald\u0173 plok\u0161t\u0117 18 mm Korpuso pagrindo med\u017eiaga \/ tipas \/ storis Bald\u0173 plok\u0161t\u0117 18 mm Galin\u0117s sienel\u0117s med\u017eiaga \/ tipas \/ storis Bald\u0173 plok\u0161t\u0117 2,5 mm HDF Galin\u0117s sienel\u0117s spalva Tamsaus rie\u0161uto Priekin\u0117s spalvos tamsaus rie\u0161uto Priekin\u0117s med\u017eiagos \/ tipas \/ storis Bald\u0173 plok\u0161t\u0117 18 mm Priekinis vyris \u2300 35 mm, reguliuojamas trijose plok\u0161tumose Priekin\u0117 rankena \/ med\u017eiaga \/ spalva Metalas \/ metalinis Stiklin\u0117s priekin\u0117s dalies med\u017eiaga \/ spalva Gr\u016bdintas stiklas \/ bespalvis Stiklin\u0117s priekin\u0117s dalies stiklo storis 5 mm Stiklin\u0117s lentynos stiklo spalva Bespalv\u0117 Stiklin\u0117s lentynos stiklo storis 5 mm Stiklini\u0173 lentyn\u0173 kiekis 2 Dureli\u0173 skai\u010dius 2 Ni\u0161\u0173, u\u017edar\u0173 u\u017e priekinio stiklo, skai\u010dius 4 Korpuso \u012franga Standartin\u0117s reguliuojamos bald\u0173 pakabos<\/p>","protected":false},"excerpt":{"rendered":"<p>The FORREST FR17 \u200b\u200bhanging display cabinet adds a striking touch to your living room, perfect for displaying your favorite items. The cabinet features a partially glazed front and glass shelves, perfect for displaying vacation souvenirs or a collection of wine glasses. It&#8217;s available with LED lighting (at an additional cost) for an even more striking [&hellip;]<\/p>","protected":false},"featured_media":254216,"comment_status":"open","ping_status":"open","template":"","meta":[],"product_brand":[],"product_cat":[9114,2457,2006],"product_tag":[],"class_list":{"0":"post-254215","1":"product","2":"type-product","3":"status-publish","4":"has-post-thumbnail","6":"product_cat-forrest","7":"product_cat-liveo","8":"product_cat-vitrines","10":"first","11":"instock","12":"purchasable","13":"product-type-simple"},"_links":{"self":[{"href":"https:\/\/baldumarket.lt\/lt\/wp-json\/wp\/v2\/product\/254215","targetHints":{"allow":["GET"]}}],"collection":[{"href":"https:\/\/baldumarket.lt\/lt\/wp-json\/wp\/v2\/product"}],"about":[{"href":"https:\/\/baldumarket.lt\/lt\/wp-json\/wp\/v2\/types\/product"}],"replies":[{"embeddable":true,"href":"https:\/\/baldumarket.lt\/lt\/wp-json\/wp\/v2\/comments?post=254215"}],"wp:featuredmedia":[{"embeddable":true,"href":"https:\/\/baldumarket.lt\/lt\/wp-json\/wp\/v2\/media\/254216"}],"wp:attachment":[{"href":"https:\/\/baldumarket.lt\/lt\/wp-json\/wp\/v2\/media?parent=254215"}],"wp:term":[{"taxonomy":"product_brand","embeddable":true,"href":"https:\/\/baldumarket.lt\/lt\/wp-json\/wp\/v2\/product_brand?post=254215"},{"taxonomy":"product_cat","embeddable":true,"href":"https:\/\/baldumarket.lt\/lt\/wp-json\/wp\/v2\/product_cat?post=254215"},{"taxonomy":"product_tag","embeddable":true,"href":"https:\/\/baldumarket.lt\/lt\/wp-json\/wp\/v2\/product_tag?post=254215"}],"curies":[{"name":"wp","href":"https:\/\/api.w.org\/{rel}","templated":true}]}}