{"id":254212,"date":"2026-01-10T22:23:20","date_gmt":"2026-01-10T19:23:20","guid":{"rendered":"https:\/\/baldumarket.lt\/product\/forrest-fr16-szafka-wiszaca\/"},"modified":"2026-02-11T18:31:13","modified_gmt":"2026-02-11T15:31:13","slug":"forrest-fr16-szafka-wiszaca","status":"publish","type":"product","link":"https:\/\/baldumarket.lt\/lt\/product\/forrest-fr16-szafka-wiszaca\/","title":{"rendered":"FORREST FR16 SIENIN\u0116 SPINTEL\u0116"},"content":{"rendered":"<p>FORREST FR16 sienin\u0117 spintel\u0117 yra eleganti\u0161ka ir tvirta, ji bus ne tik baldas, bet ir dekoratyvinis elementas j\u016bs\u0173 svetain\u0117je. Joje gal\u0117site laikyti knygas ir albumus, pagerindama j\u0173 i\u0161vaizd\u0105, o stiklin\u0117 lentyna puikiai tiks eleganti\u0161kiems aksesuarams eksponuoti. Galima \u012fsigyti su LED ap\u0161vietimu (u\u017e papildom\u0105 mokest\u012f), kad vizualinis efektas b\u016bt\u0173 dar \u012fsp\u016bdingesnis. Spintel\u0117 pasi\u017eymi unikaliais u\u017eapvalintais kra\u0161tais ir subtiliais aliuminio spalvos \u012fd\u0117klais, suteikian\u010diais subtilumo ir elegancijos. Ry\u0161kus, tvirtas r\u0117mas suteikia jai unikali\u0105 i\u0161vaizd\u0105, o \u0161iltos spalvos sustiprins kambario jaukum\u0105. Spintel\u0117 puikiai dera su kitais FORREST serijos baldais arba yra atskiras baldas, prisitaikantis prie j\u016bs\u0173 interjero dizaino.<\/p>\n<p>Plotis 144,4 cm Gylis 27,5 cm Auk\u0161tis 52,5 cm Produkto svoris su pakuote 22,65 kg Gamintojo kodas \/ simbolis FR16 Kolekcijos pavadinimas FORREST Pavadinimas b2b sistemoje FORREST FR-16 tamsaus rie\u0161uto spalvos SIENIN\u0116 SPINTEL\u0116 komplektas Produkto pakuo\u010di\u0173 skai\u010dius 2 Stilius Moderni \u012franga Surinkimo instrukcijos \/ surinkimo priedai Surinkimui Savaranki\u0161kam surinkimui Korpuso spalva tamsaus rie\u0161uto spalvos \/ Milano \u0105\u017euolo spalvos Korpuso med\u017eiaga \/ tipas \/ storis Bald\u0173 plok\u0161t\u0117 (2 x 18) 36 mm \/ bald\u0173 plok\u0161t\u0117 18 mm Korpuso vir\u0161utin\u0117s dalies med\u017eiaga \/ tipas \/ storis Bald\u0173 plok\u0161t\u0117 (2 x 18) 36 mm Korpuso apatin\u0117s dalies med\u017eiaga \/ tipas \/ storis Bald\u0173 plok\u0161t\u0117 (2 x 18) 36 mm Galin\u0117s sienel\u0117s med\u017eiaga \/ tipas \/ storis Bald\u0173 plok\u0161t\u0117 HDF 2,5 mm Galin\u0117s sienel\u0117s matomos dalies spalva Tamsaus rie\u0161uto spalvos Stiklin\u0117s lentynos stiklo spalva Bespalv\u0117 Stiklin\u0117s lentynos stiklo storis 5 mm Stiklin\u0117s lentynos kiekis 1 Atvir\u0173 ni\u0161\u0173 skai\u010dius 3 Korpuso \u012franga Standarti\u0161kai reguliuojami bald\u0173 pakabos<\/p>","protected":false},"excerpt":{"rendered":"<p>FORREST FR16 sienin\u0117 spintel\u0117 yra eleganti\u0161ka ir tvirta, tod\u0117l puikiai tiks ne tik baldams, bet ir svetain\u0117s dekorui. Joje gal\u0117site laikyti knygas ir albumus, taip pagerindami j\u0173 i\u0161vaizd\u0105, o stiklin\u0117 lentyna puikiai tiks eleganti\u0161kiems aksesuarams eksponuoti. Ji [\u2026]<\/p>","protected":false},"featured_media":254213,"comment_status":"open","ping_status":"open","template":"","meta":[],"product_brand":[],"product_cat":[9114,1174,2457],"product_tag":[],"class_list":{"0":"post-254212","1":"product","2":"type-product","3":"status-publish","4":"has-post-thumbnail","6":"product_cat-forrest","7":"product_cat-hanging-shelves","8":"product_cat-liveo","10":"first","11":"instock","12":"purchasable","13":"product-type-simple"},"_links":{"self":[{"href":"https:\/\/baldumarket.lt\/lt\/wp-json\/wp\/v2\/product\/254212","targetHints":{"allow":["GET"]}}],"collection":[{"href":"https:\/\/baldumarket.lt\/lt\/wp-json\/wp\/v2\/product"}],"about":[{"href":"https:\/\/baldumarket.lt\/lt\/wp-json\/wp\/v2\/types\/product"}],"replies":[{"embeddable":true,"href":"https:\/\/baldumarket.lt\/lt\/wp-json\/wp\/v2\/comments?post=254212"}],"wp:featuredmedia":[{"embeddable":true,"href":"https:\/\/baldumarket.lt\/lt\/wp-json\/wp\/v2\/media\/254213"}],"wp:attachment":[{"href":"https:\/\/baldumarket.lt\/lt\/wp-json\/wp\/v2\/media?parent=254212"}],"wp:term":[{"taxonomy":"product_brand","embeddable":true,"href":"https:\/\/baldumarket.lt\/lt\/wp-json\/wp\/v2\/product_brand?post=254212"},{"taxonomy":"product_cat","embeddable":true,"href":"https:\/\/baldumarket.lt\/lt\/wp-json\/wp\/v2\/product_cat?post=254212"},{"taxonomy":"product_tag","embeddable":true,"href":"https:\/\/baldumarket.lt\/lt\/wp-json\/wp\/v2\/product_tag?post=254212"}],"curies":[{"name":"wp","href":"https:\/\/api.w.org\/{rel}","templated":true}]}}