{"id":254209,"date":"2026-01-10T22:23:16","date_gmt":"2026-01-10T19:23:16","guid":{"rendered":"https:\/\/baldumarket.lt\/product\/forrest-fr14-polka-wiszaca\/"},"modified":"2026-02-11T18:31:13","modified_gmt":"2026-02-11T15:31:13","slug":"forrest-fr14-polka-wiszaca","status":"publish","type":"product","link":"https:\/\/baldumarket.lt\/lt\/product\/forrest-fr14-polka-wiszaca\/","title":{"rendered":"FORREST FR14 PAKABINAMA LENTYNA"},"content":{"rendered":"<p>FORREST FR14 lentyna pagerina svetain\u0117s, valgomojo ar miegamojo funkcionalum\u0105 \u2013 suteikia erdvei jaukumo ir pakei\u010dia tu\u0161\u010di\u0105 sien\u0105. Tai puikus baldas knygoms, papuo\u0161alams, g\u0117l\u0117ms ar nuotraukoms. Ry\u0161kus, masyvus r\u0117mas ir ne\u012fprastai suapvalinti kra\u0161tai suteikia jai unikali\u0105 i\u0161vaizd\u0105, o \u0161iltos spalvos pabr\u0117\u017eia kambario jaukum\u0105. Lentyna puikiai dera su kitais FORREST serijos baldais arba yra atskiras baldas, prisitaikantis prie j\u016bs\u0173 kambario dizaino.<\/p>\n<p>Plotis 98,4 cm Gylis 26,2 cm Auk\u0161tis 20 cm Produkto svoris su pakuote 7,60 kg Gamintojo kodas \/ simbolis FR14 Kolekcijos pavadinimas FORREST Pavadinimas b2b sistemoje FORREST FR-14 tamsaus rie\u0161uto PAKABINAM\u0172 LENTYN\u0172 komplektas Produkto pakuo\u010di\u0173 skai\u010dius 1 Stilius Modernus \u012eranga Surinkimo instrukcijos \/ surinkimo priedai Surinkimas Savaranki\u0161kam surinkimui Spalvos Tamsaus rie\u0161uto \/ Milano \u0105\u017euolo Korpuso med\u017eiaga \/ tipas \/ storis bald\u0173 plok\u0161t\u0117 18 mm \/ Bald\u0173 plok\u0161t\u0117 (2 x 18) 36 mm Korpuso vir\u0161utin\u0117s dalies med\u017eiaga \/ med\u017eiaga \/ tipas \/ storis Bald\u0173 plok\u0161t\u0117 (2 x 18) 36 mm Korpuso \u012franga Reguliuojami bald\u0173 pakabos<\/p>","protected":false},"excerpt":{"rendered":"<p>FORREST FR14 lentyna pagerina svetain\u0117s, valgomojo ar miegamojo funkcionalum\u0105 \u2013 suteikia erdvei jaukumo ir transformuoja tu\u0161\u010di\u0105 sien\u0105. Tai puikus baldas knygoms, papuo\u0161alams, g\u0117l\u0117ms ar nuotraukoms. Ry\u0161kus, masyvus r\u0117mas ir ne\u012fprastai suapvalinti kra\u0161tai suteikia jai unikali\u0105 i\u0161vaizd\u0105, o \u0161iltos spalvos pary\u0161kina [\u2026]<\/p>","protected":false},"featured_media":254210,"comment_status":"open","ping_status":"open","template":"","meta":[],"product_brand":[],"product_cat":[9114,1174,2457],"product_tag":[],"class_list":{"0":"post-254209","1":"product","2":"type-product","3":"status-publish","4":"has-post-thumbnail","6":"product_cat-forrest","7":"product_cat-hanging-shelves","8":"product_cat-liveo","10":"first","11":"instock","12":"purchasable","13":"product-type-simple"},"_links":{"self":[{"href":"https:\/\/baldumarket.lt\/lt\/wp-json\/wp\/v2\/product\/254209","targetHints":{"allow":["GET"]}}],"collection":[{"href":"https:\/\/baldumarket.lt\/lt\/wp-json\/wp\/v2\/product"}],"about":[{"href":"https:\/\/baldumarket.lt\/lt\/wp-json\/wp\/v2\/types\/product"}],"replies":[{"embeddable":true,"href":"https:\/\/baldumarket.lt\/lt\/wp-json\/wp\/v2\/comments?post=254209"}],"wp:featuredmedia":[{"embeddable":true,"href":"https:\/\/baldumarket.lt\/lt\/wp-json\/wp\/v2\/media\/254210"}],"wp:attachment":[{"href":"https:\/\/baldumarket.lt\/lt\/wp-json\/wp\/v2\/media?parent=254209"}],"wp:term":[{"taxonomy":"product_brand","embeddable":true,"href":"https:\/\/baldumarket.lt\/lt\/wp-json\/wp\/v2\/product_brand?post=254209"},{"taxonomy":"product_cat","embeddable":true,"href":"https:\/\/baldumarket.lt\/lt\/wp-json\/wp\/v2\/product_cat?post=254209"},{"taxonomy":"product_tag","embeddable":true,"href":"https:\/\/baldumarket.lt\/lt\/wp-json\/wp\/v2\/product_tag?post=254209"}],"curies":[{"name":"wp","href":"https:\/\/api.w.org\/{rel}","templated":true}]}}