{"id":254207,"date":"2026-01-10T22:23:13","date_gmt":"2026-01-10T19:23:13","guid":{"rendered":"https:\/\/baldumarket.lt\/product\/forrest-fr12-stol-rozkladany\/"},"modified":"2026-02-11T18:31:13","modified_gmt":"2026-02-11T15:31:13","slug":"forrest-fr12-stol-rozkladany","status":"publish","type":"product","link":"https:\/\/baldumarket.lt\/lt\/product\/forrest-fr12-stol-rozkladany\/","title":{"rendered":"FORREST FR12 I\u0160PL\u0116STAMASIS STALAS"},"content":{"rendered":"<p>FORREST FR12 i\u0161skleid\u017eiamas stalas \u2013 tai eleganti\u0161ko valgomojo akcentas, praturtinantis kambar\u012f ir sukuriantis erdv\u0119 valgymui su \u0161eima ar draugais. Prie jo patogiai telpa 6\u201310 \u017emoni\u0173. Sulankstytas jo plotis yra 160,4 cm, o i\u0161skleistas \u2013 iki 200,4 cm papildomos erdv\u0117s. Stalas pasi\u017eymi u\u017eapvalintais kra\u0161tais ir subtiliais aliuminio spalvos akcentais, o \u0161iltos spalvos suteikia kambariui jaukumo. Stalas puikiai dera su kitais FORREST serijos baldais arba kaip atskiras baldas, prisitaikantis prie j\u016bs\u0173 kambario interjero.<\/p>\n<p>I\u0161traukiama TAIP \u012ed\u0117kl\u0173 skai\u010dius 1 Plotis 90,4 cm Ilgis 160,4 cm Ilgis po i\u0161skleidimo 200,4 cm Auk\u0161tis 76,5 cm Produkto svoris su pakuote 53,65 kg Gamintojo kodas \/ simbolis FR12 Kolekcijos pavadinimas FORREST Pavadinimas b2b sistemoje FORREST FR-12 tamsaus rie\u0161uto spalvos STALO komplektas Produkto pakuo\u010di\u0173 skai\u010dius 3 Stilius Moderni \u012franga Surinkimo instrukcijos \/ surinkimo priedai Surinkimas Savaranki\u0161kam surinkimui Spalva tamsaus rie\u0161uto spalvos \/ Milano \u0105\u017euolo spalvos Stalvir\u0161io med\u017eiaga \/ tipas \/ storis Bald\u0173 lenta (2 x 18) 36 mm R\u0117mo med\u017eiaga \/ tipas \/ storis Bald\u0173 lenta (2 x 18) 36 mm Kojeli\u0173 med\u017eiaga \/ tipas \/ storis MDF bald\u0173 lenta 16 mm \/ MDF bald\u0173 lenta 22 mm Kojel\u0117 \/ med\u017eiaga \/ spalva Nereguliuojama \/ Bald\u0173 b\u0117geliai \/ plastikas \/ Juoda<\/p>","protected":false},"excerpt":{"rendered":"<p>I\u0161skleid\u017eiamas stalas FORREST FR12 \u2013 tai eleganti\u0161ko valgomojo akcentas, praturtinantis kambar\u012f ir sukuriantis erdv\u0119 valgymui su \u0161eima ar draugais. Prie jo patogiai telpa nuo 6 iki 10 \u017emoni\u0173. Sulankstytas stalas yra 160,4 cm plo\u010dio, o i\u0161skleistas \u2013 iki 200,4 cm. Stalas pasi\u017eymi [\u2026]<\/p>","protected":false},"featured_media":254187,"comment_status":"open","ping_status":"open","template":"","meta":[],"product_brand":[],"product_cat":[9114,2457,1934],"product_tag":[],"class_list":{"0":"post-254207","1":"product","2":"type-product","3":"status-publish","4":"has-post-thumbnail","6":"product_cat-forrest","7":"product_cat-liveo","8":"product_cat-tables","10":"first","11":"instock","12":"purchasable","13":"product-type-simple"},"_links":{"self":[{"href":"https:\/\/baldumarket.lt\/lt\/wp-json\/wp\/v2\/product\/254207","targetHints":{"allow":["GET"]}}],"collection":[{"href":"https:\/\/baldumarket.lt\/lt\/wp-json\/wp\/v2\/product"}],"about":[{"href":"https:\/\/baldumarket.lt\/lt\/wp-json\/wp\/v2\/types\/product"}],"replies":[{"embeddable":true,"href":"https:\/\/baldumarket.lt\/lt\/wp-json\/wp\/v2\/comments?post=254207"}],"wp:featuredmedia":[{"embeddable":true,"href":"https:\/\/baldumarket.lt\/lt\/wp-json\/wp\/v2\/media\/254187"}],"wp:attachment":[{"href":"https:\/\/baldumarket.lt\/lt\/wp-json\/wp\/v2\/media?parent=254207"}],"wp:term":[{"taxonomy":"product_brand","embeddable":true,"href":"https:\/\/baldumarket.lt\/lt\/wp-json\/wp\/v2\/product_brand?post=254207"},{"taxonomy":"product_cat","embeddable":true,"href":"https:\/\/baldumarket.lt\/lt\/wp-json\/wp\/v2\/product_cat?post=254207"},{"taxonomy":"product_tag","embeddable":true,"href":"https:\/\/baldumarket.lt\/lt\/wp-json\/wp\/v2\/product_tag?post=254207"}],"curies":[{"name":"wp","href":"https:\/\/api.w.org\/{rel}","templated":true}]}}