{"id":254206,"date":"2026-01-10T22:23:07","date_gmt":"2026-01-10T19:23:07","guid":{"rendered":"https:\/\/baldumarket.lt\/product\/forrest-fr11-lawa\/"},"modified":"2026-02-11T18:31:13","modified_gmt":"2026-02-11T15:31:13","slug":"forrest-fr11-lawa","status":"publish","type":"product","link":"https:\/\/baldumarket.lt\/lt\/product\/forrest-fr11-lawa\/","title":{"rendered":"FORREST FR11 SUOLAS"},"content":{"rendered":"<p>FORREST FR11 kavos staliukas yra klasikinis staliukas, kuris tur\u0117t\u0173 tapti b\u016btinu bet kurio svetain\u0117s ar darbo kambario akcentu. Jo sta\u010diakampis stalvir\u0161is suteikia unikalaus charakterio, puikiai tinka patiekti aromating\u0105 kav\u0105 ir gard\u017eius pyragai\u010dius. Prakti\u0161ka lentyna po stalvir\u0161iu padeda tvarkingai laikyti knygas, \u017eurnalus ar ne\u0161iojam\u0105j\u012f kompiuter\u012f. Apval\u016bs kavos staliuko kra\u0161tai ir subtil\u016bs aliuminio spalvos akcentai yra i\u0161skirtiniai, o \u0161iltos spalvos suteikia jaukumo kambariui. Jis puikiai dera su kitais FORREST serijos baldais arba kaip atskiras baldas, prisitaikantis prie j\u016bs\u0173 interjero dizaino.<\/p>\n<p>I\u0161traukiama NE Plotis 67,4 cm Ilgis 115,4 cm Auk\u0161tis 50 cm Produkto svoris su pakuote 32,95 kg Gamintojo kodas \/ simbolis FR11 Kolekcijos pavadinimas FORREST Pavadinimas b2b sistemoje FORREST FR-11 tamsaus rie\u0161uto spalvos KAVOS STALIUKO komplektas Produkto pakuo\u010di\u0173 skai\u010dius 3 Stilius Moderni \u012franga Surinkimo instrukcijos \/ surinkimo priedai Surinkimas Savaranki\u0161kam surinkimui Spalva tamsaus rie\u0161uto spalvos \/ Milano \u0105\u017euolo spalvos Stalvir\u0161io med\u017eiaga \/ tipas \/ storis Bald\u0173 lenta (2 x 18) 36 mm R\u0117mo med\u017eiaga \/ tipas \/ storis Bald\u0173 lenta (2 x 18) 36 mm Lentynos spalva Tamsaus rie\u0161uto spalvos Lentynos med\u017eiaga \/ tipas \/ storis Bald\u0173 lenta 18 mm Kar\u016bn\u0117l\u0117s lentynos kiekis 1 Kojeli\u0173 med\u017eiaga \/ tipas \/ storis MDF bald\u0173 lenta 16 mm \/ MDF bald\u0173 lenta 22 mm Kojel\u0117 \/ med\u017eiaga \/ spalva Nereguliuojama \/ Bald\u0173 b\u0117geliai \/ plastikas \/ Juoda<\/p>","protected":false},"excerpt":{"rendered":"<p>FORREST FR11 kavos staliukas yra klasikinis staliukas, kuris tur\u0117t\u0173 tapti b\u016btinu bet kurios svetain\u0117s ar darbo kambario akcentu. Jo sta\u010diakampis stalvir\u0161is suteikia unikalumo, puikiai tinka patiekti aromating\u0105 kav\u0105 ir gard\u017eius pyragai\u010dius. Prakti\u0161ka lentyna po stalvir\u0161iu padeda tvarkingai laikyti knygas, \u017eurnalus ar kitus reikmenis.<\/p>","protected":false},"featured_media":254202,"comment_status":"open","ping_status":"open","template":"","meta":[],"product_brand":[],"product_cat":[866,9114,2457],"product_tag":[],"class_list":{"0":"post-254206","1":"product","2":"type-product","3":"status-publish","4":"has-post-thumbnail","6":"product_cat-coffee-tables","7":"product_cat-forrest","8":"product_cat-liveo","10":"first","11":"instock","12":"purchasable","13":"product-type-simple"},"_links":{"self":[{"href":"https:\/\/baldumarket.lt\/lt\/wp-json\/wp\/v2\/product\/254206","targetHints":{"allow":["GET"]}}],"collection":[{"href":"https:\/\/baldumarket.lt\/lt\/wp-json\/wp\/v2\/product"}],"about":[{"href":"https:\/\/baldumarket.lt\/lt\/wp-json\/wp\/v2\/types\/product"}],"replies":[{"embeddable":true,"href":"https:\/\/baldumarket.lt\/lt\/wp-json\/wp\/v2\/comments?post=254206"}],"wp:featuredmedia":[{"embeddable":true,"href":"https:\/\/baldumarket.lt\/lt\/wp-json\/wp\/v2\/media\/254202"}],"wp:attachment":[{"href":"https:\/\/baldumarket.lt\/lt\/wp-json\/wp\/v2\/media?parent=254206"}],"wp:term":[{"taxonomy":"product_brand","embeddable":true,"href":"https:\/\/baldumarket.lt\/lt\/wp-json\/wp\/v2\/product_brand?post=254206"},{"taxonomy":"product_cat","embeddable":true,"href":"https:\/\/baldumarket.lt\/lt\/wp-json\/wp\/v2\/product_cat?post=254206"},{"taxonomy":"product_tag","embeddable":true,"href":"https:\/\/baldumarket.lt\/lt\/wp-json\/wp\/v2\/product_tag?post=254206"}],"curies":[{"name":"wp","href":"https:\/\/api.w.org\/{rel}","templated":true}]}}