{"id":254204,"date":"2026-01-10T22:23:03","date_gmt":"2026-01-10T19:23:03","guid":{"rendered":"https:\/\/baldumarket.lt\/product\/forrest-fr10-szafa\/"},"modified":"2026-05-01T15:27:06","modified_gmt":"2026-05-01T12:27:06","slug":"forrest-fr10-szafa","status":"publish","type":"product","link":"https:\/\/baldumarket.lt\/lt\/product\/forrest-fr10-szafa\/","title":{"rendered":"FORREST FR10 drabu\u017ei\u0173 spinta"},"content":{"rendered":"<p>FORREST FR10 \u2013 tai plati, trij\u0173 dur\u0173 spinta su erdviu vidumi, puikiai tinkanti miegamajam, persirengimo kambariui ar prie\u0161kambariui. \u0160is universalus baldas patogiai sutalpins visus j\u016bs\u0173 drabu\u017eius ir aksesuarus. Spinta padalinta \u012f dvi dalis. Vienoje pus\u0117je rasite erdv\u0119 su pakaba paltams ir mar\u0161kiniams pakabinti, o kitoje \u2013 sulankstomos lentynos, sudaran\u010dios lentyn\u0173 sistem\u0105 smulkiems daiktams susid\u0117ti. Apatin\u0117je spintos dalyje yra trys erdv\u016bs stal\u010diai, puikiai papildantys jos funkcionalum\u0105. Spinta pasi\u017eymi unikaliais u\u017eapvalintais kra\u0161tais, subtiliais aliuminio spalvos \u012fd\u0117klais ir eleganti\u0161komis sidabrin\u0117mis ranken\u0117l\u0117mis su graviruotu g\u0117li\u0173 ra\u0161tu, suteikian\u010diu subtilios elegancijos. Ry\u0161kus, tvirtas r\u0117mas suteikia jai unikali\u0105 i\u0161vaizd\u0105, o \u0161iltos spalvos sustiprina kambario jaukum\u0105. Spinta puikiai tinka derinti su kitais FORREST serijos baldais arba naudoti kaip atskir\u0105 bald\u0105, pritaikant j\u012f prie j\u016bs\u0173 kambario dizaino.<\/p>\n<p>Plotis 159,7 cm Gylis 57,5 cm Auk\u0161tis 200,4 cm Produkto svoris su pakuote 138,60 kg Gamintojo kodas \/ simbolis FR10 Kolekcijos pavadinimas FORREST Pavadinimas b2b sistemoje FORREST FR-10 tamsaus rie\u0161uto spalvos 3D SPINTEL\u0116S komplektas Produkto pakuo\u010di\u0173 skai\u010dius 5 Stilius Moderni \u012franga Surinkimo instrukcijos \/ surinkimo priedai Surinkimas Savaranki\u0161kam surinkimui Korpuso spalva tamsaus rie\u0161uto spalvos \/ Milano \u0105\u017euolo spalvos Korpuso med\u017eiaga \/ tipas \/ storis Bald\u0173 plok\u0161t\u0117 (2 x 18) 36 mm \/ bald\u0173 plok\u0161t\u0117 18 mm \/ juostin\u0117 bald\u0173 plok\u0161t\u0117 MDF 27 mm Korpuso vir\u0161utin\u0117s dalies med\u017eiaga \/ tipas \/ storis Bald\u0173 plok\u0161t\u0117 18 mm Korpuso apatin\u0117s dalies med\u017eiaga \/ tipas \/ storis Bald\u0173 plok\u0161t\u0117 18 mm Korpuso pagrindo med\u017eiaga \/ tipas \/ storis Bald\u0173 plok\u0161t\u0117 18 mm Lentynos spalva tamsaus rie\u0161uto spalvos Lentynos med\u017eiaga \/ tipas \/ storis Bald\u0173 plok\u0161t\u0117 18 mm Lentynos tipas plok\u0161t\u0117s kiekis 4 Galin\u0117s sienel\u0117s med\u017eiaga \/ tipas \/ storis Bald\u0173 plok\u0161t\u0117 2,5 mm HDF Galin\u0117s sienel\u0117s \u2013 matomos dalies spalva Tamsaus rie\u0161uto spalvos Priekin\u0117s spalvos tamsaus rie\u0161uto spalvos Priekin\u0117s med\u017eiagos \/ tipas \/ storis Bald\u0173 plok\u0161t\u0117 18 mm Priekinis vyris \u2300 35 mm, reguliuojamas trijose pad\u0117tyse; pavir\u0161iai; Priekin\u0117 rankena \/ apdaila \/ spalva; Metalas \/ metalinis; Stal\u010di\u0173 b\u0117geliai; Ratukas; Kojel\u0117 \/ apdaila \/ spalva; Nereguliuojama \/ Bald\u0173 b\u0117geliai \/ plastikas \/ Juoda; Dureli\u0173 skai\u010dius: 3; Stal\u010di\u0173 skai\u010dius: 3; U\u017edar\u0173 ni\u0161\u0173 skai\u010dius: 5; Korpuso \u012franga: Standartinis; 1 pakabinimo karnizas<\/p>","protected":false},"excerpt":{"rendered":"<p>FORREST FR10 \u2013 tai plati, trij\u0173 dur\u0173 spinta su erdviu vidumi, puikiai tinkanti miegamajam, persirengimo kambariui ar prie\u0161kambariui. \u0160is universalus baldas patogiai sutalpins visus j\u016bs\u0173 drabu\u017eius ir aksesuarus. Spinta padalinta \u012f dvi dalis. Vienoje pus\u0117je rasite erdv\u0119 su pakaba paltams ir mar\u0161kiniams pakabinti, [\u2026]<\/p>","protected":false},"featured_media":254185,"comment_status":"open","ping_status":"open","template":"","meta":[],"product_brand":[],"product_cat":[10206,2457,1177],"product_tag":[],"class_list":{"0":"post-254204","1":"product","2":"type-product","3":"status-publish","4":"has-post-thumbnail","6":"product_cat-furniture-system-forrest-liveo","7":"product_cat-liveo","8":"product_cat-wardrobes","10":"first","11":"instock","12":"purchasable","13":"product-type-simple"},"_links":{"self":[{"href":"https:\/\/baldumarket.lt\/lt\/wp-json\/wp\/v2\/product\/254204","targetHints":{"allow":["GET"]}}],"collection":[{"href":"https:\/\/baldumarket.lt\/lt\/wp-json\/wp\/v2\/product"}],"about":[{"href":"https:\/\/baldumarket.lt\/lt\/wp-json\/wp\/v2\/types\/product"}],"replies":[{"embeddable":true,"href":"https:\/\/baldumarket.lt\/lt\/wp-json\/wp\/v2\/comments?post=254204"}],"wp:featuredmedia":[{"embeddable":true,"href":"https:\/\/baldumarket.lt\/lt\/wp-json\/wp\/v2\/media\/254185"}],"wp:attachment":[{"href":"https:\/\/baldumarket.lt\/lt\/wp-json\/wp\/v2\/media?parent=254204"}],"wp:term":[{"taxonomy":"product_brand","embeddable":true,"href":"https:\/\/baldumarket.lt\/lt\/wp-json\/wp\/v2\/product_brand?post=254204"},{"taxonomy":"product_cat","embeddable":true,"href":"https:\/\/baldumarket.lt\/lt\/wp-json\/wp\/v2\/product_cat?post=254204"},{"taxonomy":"product_tag","embeddable":true,"href":"https:\/\/baldumarket.lt\/lt\/wp-json\/wp\/v2\/product_tag?post=254204"}],"curies":[{"name":"wp","href":"https:\/\/api.w.org\/{rel}","templated":true}]}}