{"id":254203,"date":"2026-01-10T22:23:00","date_gmt":"2026-01-10T19:23:00","guid":{"rendered":"https:\/\/baldumarket.lt\/product\/forrest-fr09-szafa\/"},"modified":"2026-02-11T18:31:13","modified_gmt":"2026-02-11T15:31:13","slug":"forrest-fr09-szafa","status":"publish","type":"product","link":"https:\/\/baldumarket.lt\/lt\/product\/forrest-fr09-szafa\/","title":{"rendered":"FORREST FR09 Drabu\u017ein\u0117"},"content":{"rendered":"<p>Spinta FORREST FR09 \u2013 tai universalus baldas, kur\u012f galima s\u0117kmingai pritaikyti beveik bet kokiam interjerui. Dviej\u0173 dur\u0173 FORREST spinta pasi\u017eymi funkcionalia erdve. Pakabinimo b\u0117gelis leid\u017eia pakabinti paltus, striukes ir mar\u0161kinius, o du erdv\u016bs stal\u010diai \u2013 b\u016btiniausius aksesuarus. Spinta pasi\u017eymi unikaliais u\u017eapvalintais kra\u0161tais, subtiliais aliuminio spalvos \u012fd\u0117klais ir eleganti\u0161komis sidabrin\u0117mis ranken\u0117l\u0117mis su graviruotu g\u0117li\u0173 ra\u0161tu, suteikian\u010diu subtilumo ir elegancijos. Ry\u0161kus, tvirtas r\u0117mas suteikia jai unikali\u0105 i\u0161vaizd\u0105, o \u0161iltos spalvos sustiprina kambario jaukum\u0105. Spinta puikiai dera su kitais FORREST serijos baldais arba kaip atskiras baldas, prisitaikantis prie j\u016bs\u0173 interjero dizaino.<\/p>\n<p>Plotis 98,4 cm Gylis 57,5 cm Auk\u0161tis 200,4 cm Produkto svoris su pakuote 82,15 kg Gamintojo kodas \/ simbolis FR09 Kolekcijos pavadinimas FORREST Pavadinimas b2b sistemoje FORREST FR-9 tamsaus rie\u0161uto SPINTEL\u0116 2D komplektas Produkto pakuo\u010di\u0173 skai\u010dius 4 Stilius Moderni \u012franga Surinkimo instrukcijos \/ surinkimo priedai Surinkimas Savaranki\u0161kam surinkimui Korpuso spalva tamsaus rie\u0161uto \/ Milano \u0105\u017euolo Korpuso med\u017eiaga \/ tipas \/ storis Bald\u0173 plok\u0161t\u0117 (2 x 18) 36 mm \/ bald\u0173 plok\u0161t\u0117 18 mm \/ juostin\u0117 bald\u0173 plok\u0161t\u0117 MDF 27 mm Korpuso vir\u0161utin\u0117s dalies med\u017eiaga \/ tipas \/ storis Bald\u0173 plok\u0161t\u0117 18 mm Korpuso apatin\u0117s dalies med\u017eiaga \/ tipas \/ storis Bald\u0173 plok\u0161t\u0117 18 mm Korpuso pagrindo med\u017eiaga \/ tipas \/ storis Bald\u0173 plok\u0161t\u0117 18 mm Galin\u0117s sienel\u0117s med\u017eiaga \/ tipas \/ storis Bald\u0173 plok\u0161t\u0117 2,5 mm HDF Galin\u0117s sienel\u0117s spalva \u2013 matoma dalis Tamsaus rie\u0161uto Priekin\u0117s spalvos tamsaus rie\u0161uto Priekin\u0117s med\u017eiagos \/ tipas \/ storis Bald\u0173 plok\u0161t\u0117 18 mm Priekinis vyris \u2300 35 mm, reguliuojamas trijose plok\u0161tumose Priekin\u0117 rankena \/ med\u017eiaga \/ spalva Metalas \/ metalinis Stal\u010dius Kreipian\u010di\u0173j\u0173 ritin\u0117li\u0173 komplektas Kojel\u0117 \/ med\u017eiaga \/ spalva Be reguliavimo \/ Bald\u0173 b\u0117geliai \/ plastikas \/ Juoda Dureli\u0173 skai\u010dius 2 Stal\u010di\u0173 skai\u010dius 2 U\u017edar\u0173 ni\u0161\u0173 skai\u010dius 1 Korpuso \u012franga Standartas: 1 pakabos strypas<\/p>","protected":false},"excerpt":{"rendered":"<p>Spinta FORREST FR09 yra universalus baldas, kur\u012f galima s\u0117kmingai pritaikyti beveik bet kokiam interjerui. Dviej\u0173 dur\u0173 FORREST spinta si\u016blo funkcionali\u0105 erdv\u0119. Pakabinimo b\u0117gelis leid\u017eia pakabinti paltus, striukes ir mar\u0161kinius, o du erdv\u016bs stal\u010diai skirti b\u016btiniausiems aksesuarams susid\u0117ti. Spinta pasi\u017eymi unikaliais u\u017eapvalintais kra\u0161tais, subtiliomis aliuminio spalvos [\u2026]<\/p>","protected":false},"featured_media":254183,"comment_status":"open","ping_status":"open","template":"","meta":[],"product_brand":[],"product_cat":[9114,2457,1177],"product_tag":[],"class_list":{"0":"post-254203","1":"product","2":"type-product","3":"status-publish","4":"has-post-thumbnail","6":"product_cat-forrest","7":"product_cat-liveo","8":"product_cat-wardrobes","10":"first","11":"instock","12":"purchasable","13":"product-type-simple"},"_links":{"self":[{"href":"https:\/\/baldumarket.lt\/lt\/wp-json\/wp\/v2\/product\/254203","targetHints":{"allow":["GET"]}}],"collection":[{"href":"https:\/\/baldumarket.lt\/lt\/wp-json\/wp\/v2\/product"}],"about":[{"href":"https:\/\/baldumarket.lt\/lt\/wp-json\/wp\/v2\/types\/product"}],"replies":[{"embeddable":true,"href":"https:\/\/baldumarket.lt\/lt\/wp-json\/wp\/v2\/comments?post=254203"}],"wp:featuredmedia":[{"embeddable":true,"href":"https:\/\/baldumarket.lt\/lt\/wp-json\/wp\/v2\/media\/254183"}],"wp:attachment":[{"href":"https:\/\/baldumarket.lt\/lt\/wp-json\/wp\/v2\/media?parent=254203"}],"wp:term":[{"taxonomy":"product_brand","embeddable":true,"href":"https:\/\/baldumarket.lt\/lt\/wp-json\/wp\/v2\/product_brand?post=254203"},{"taxonomy":"product_cat","embeddable":true,"href":"https:\/\/baldumarket.lt\/lt\/wp-json\/wp\/v2\/product_cat?post=254203"},{"taxonomy":"product_tag","embeddable":true,"href":"https:\/\/baldumarket.lt\/lt\/wp-json\/wp\/v2\/product_tag?post=254203"}],"curies":[{"name":"wp","href":"https:\/\/api.w.org\/{rel}","templated":true}]}}