{"id":254200,"date":"2026-01-10T22:22:57","date_gmt":"2026-01-10T19:22:57","guid":{"rendered":"https:\/\/baldumarket.lt\/product\/forrest-fr08-witryna-l-p\/"},"modified":"2026-02-11T18:31:13","modified_gmt":"2026-02-11T15:31:13","slug":"forrest-fr08-witryna-l-p","status":"publish","type":"product","link":"https:\/\/baldumarket.lt\/lt\/product\/forrest-fr08-witryna-l-p\/","title":{"rendered":"FORREST FR08 VITRINA K\/D"},"content":{"rendered":"<p>FORREST FR08 kair\u0117s\/de\u0161in\u0117s pus\u0117s vitrina yra b\u016btinas bet kurio svetain\u0117s ar darbo kambario aksesuaras, suteikiantis interjerui elegancijos ir stiliaus. Kompakti\u0161ki matmenys leid\u017eia jai tilpti ma\u017eoje erdv\u0117je. Vir\u0161utin\u0117 stiklin\u0117 dalis leid\u017eia eksponuoti dekoratyvinius elementus, o apatin\u0117 spintel\u0117 si\u016blo daug vietos kitiems daiktams laikyti. Spintel\u0119 galima \u012fsigyti su LED ap\u0161vietimu (u\u017e papildom\u0105 mokest\u012f), kuris suteikia kambariui unikali\u0105 atmosfer\u0105. Papildomas privalumas \u2013 galimyb\u0117 \u012frengti duris, atidaromas \u012f kair\u0119 arba \u012f de\u0161in\u0119, taip suteikiant daugiau dizaino galimybi\u0173. Spintel\u0117 pasi\u017eymi unikaliais u\u017eapvalintais kra\u0161tais, subtiliais aliuminio spalvos \u012fd\u0117klais ir eleganti\u0161komis sidabrin\u0117mis ranken\u0117l\u0117mis su graviruotu g\u0117li\u0173 ra\u0161tu, suteikian\u010diomis subtilumo ir elegancijos. Ry\u0161kus, tvirtas r\u0117mas suteikia jai unikali\u0105 i\u0161vaizd\u0105, o \u0161iltos spalvos sustiprina kambario jaukum\u0105. Spintel\u0117 puikiai dera su kitais FORREST serijos baldais arba yra atskiras baldas, leid\u017eiantis j\u0105 pritaikyti prie savo interjero dizaino.<\/p>\n<p>Plotis 55 cm Gylis 41,5 cm Auk\u0161tis 200,4 cm Produkto svoris su pakuote 51,20 kg Gamintojo kodas \/ simbolis FR08 Kolekcijos pavadinimas FORREST Pavadinimas b2b sistemoje FORREST FR-8 tamsaus rie\u0161uto spalvos VITRIN\u0116 LP komplektas Produkto pakuo\u010di\u0173 skai\u010dius 4 Stilius Moderni \u012franga Surinkimo instrukcijos \/ surinkimo priedai Surinkimas Savaranki\u0161kam surinkimui Korpuso spalva tamsaus rie\u0161uto spalvos \/ Milano \u0105\u017euolo spalvos Korpuso med\u017eiaga \/ tipas \/ storis Bald\u0173 plok\u0161t\u0117 (2 x 18) 36 mm \/ bald\u0173 plok\u0161t\u0117 18 mm \/ juostin\u0117 bald\u0173 plok\u0161t\u0117 MDF 27 mm Korpuso vir\u0161utin\u0117s dalies med\u017eiaga \/ tipas \/ storis Bald\u0173 plok\u0161t\u0117 18 mm Korpuso apatin\u0117s dalies med\u017eiaga \/ tipas \/ storis Bald\u0173 plok\u0161t\u0117 18 mm Korpuso pagrindo med\u017eiaga \/ tipas \/ storis Bald\u0173 plok\u0161t\u0117 18 mm Lentynos spalva tamsaus rie\u0161uto spalvos Lentynos med\u017eiaga \/ tipas \/ storis Bald\u0173 plok\u0161t\u0117 18 mm Lentyn\u0173 kiekis 1 Galin\u0117s sienel\u0117s med\u017eiaga \/ tipas \/ storis Bald\u0173 plok\u0161t\u0117 2,5 mm HDF Galin\u0117s sienel\u0117s \u2013 matomos dalies spalva tamsaus rie\u0161uto spalvos Priekin\u0117 spalva tamsaus rie\u0161uto spalvos Priekin\u0117 med\u017eiaga \/ tipas \/ storis Bald\u0173 plok\u0161t\u0117 18 mm Priekinis vyris \u2300 35 mm reguliuojamas trijose pad\u0117tyse pavir\u0161iai Priekin\u0117 rankena \/ apdaila \/ spalva Metalas \/ metalinis Glaz\u016bruota priekin\u0117 apdaila \/ stiklo spalva Gr\u016bdintas \/ skaidrus Glaz\u016bruoto priekinio stiklo storis 5 mm Stiklin\u0117s lentynos stiklo spalva Skaidri Stiklin\u0117s lentynos stiklo storis 5 mm Stiklini\u0173 lentyn\u0173 kiekis 3 Kojel\u0117 \/ apdaila \/ spalva Nereguliuojama \/ Bald\u0173 slankiklis \/ plastikas \/ juoda Dureli\u0173 skai\u010dius 2 U\u017edar\u0173 ni\u0161\u0173 skai\u010dius u\u017e priekinio stiklo 4 U\u017edar\u0173 ni\u0161\u0173 skai\u010dius 2<\/p>","protected":false},"excerpt":{"rendered":"<p>FORREST FR08 L\/R vitrina yra b\u016btinas bet kurio svetain\u0117s ar darbo kambario aksesuaras, suteikiantis j\u016bs\u0173 interjerui elegancijos ir stiliaus. D\u0117l kompakti\u0161k\u0173 matmen\u0173 ji tilps ma\u017eoje erdv\u0117je. \u012estiklinta vir\u0161utin\u0117 dalis leid\u017eia eksponuoti dekoratyvinius elementus, o apatin\u0117 spintel\u0117 si\u016blo daug vietos kitiems daiktams laikyti. [\u2026]<\/p>","protected":false},"featured_media":254201,"comment_status":"open","ping_status":"open","template":"","meta":[],"product_brand":[],"product_cat":[9114,2457,2006],"product_tag":[],"class_list":{"0":"post-254200","1":"product","2":"type-product","3":"status-publish","4":"has-post-thumbnail","6":"product_cat-forrest","7":"product_cat-liveo","8":"product_cat-vitrines","10":"first","11":"instock","12":"purchasable","13":"product-type-simple"},"_links":{"self":[{"href":"https:\/\/baldumarket.lt\/lt\/wp-json\/wp\/v2\/product\/254200","targetHints":{"allow":["GET"]}}],"collection":[{"href":"https:\/\/baldumarket.lt\/lt\/wp-json\/wp\/v2\/product"}],"about":[{"href":"https:\/\/baldumarket.lt\/lt\/wp-json\/wp\/v2\/types\/product"}],"replies":[{"embeddable":true,"href":"https:\/\/baldumarket.lt\/lt\/wp-json\/wp\/v2\/comments?post=254200"}],"wp:featuredmedia":[{"embeddable":true,"href":"https:\/\/baldumarket.lt\/lt\/wp-json\/wp\/v2\/media\/254201"}],"wp:attachment":[{"href":"https:\/\/baldumarket.lt\/lt\/wp-json\/wp\/v2\/media?parent=254200"}],"wp:term":[{"taxonomy":"product_brand","embeddable":true,"href":"https:\/\/baldumarket.lt\/lt\/wp-json\/wp\/v2\/product_brand?post=254200"},{"taxonomy":"product_cat","embeddable":true,"href":"https:\/\/baldumarket.lt\/lt\/wp-json\/wp\/v2\/product_cat?post=254200"},{"taxonomy":"product_tag","embeddable":true,"href":"https:\/\/baldumarket.lt\/lt\/wp-json\/wp\/v2\/product_tag?post=254200"}],"curies":[{"name":"wp","href":"https:\/\/api.w.org\/{rel}","templated":true}]}}