{"id":254195,"date":"2026-01-10T22:22:54","date_gmt":"2026-01-10T19:22:54","guid":{"rendered":"https:\/\/baldumarket.lt\/product\/forrest-fr07-kredens\/"},"modified":"2026-02-11T18:31:13","modified_gmt":"2026-02-11T15:31:13","slug":"forrest-fr07-kredens","status":"publish","type":"product","link":"https:\/\/baldumarket.lt\/lt\/product\/forrest-fr07-kredens\/","title":{"rendered":"FORREST FR07 indauja"},"content":{"rendered":"<p>FORREST FR07 indauja puikiai tinka svetainei, valgomajam ar prie\u0161kambariui. Ji turi stal\u010di\u0173 ir dvi u\u017edaras spinteles centre, taip pat stiklines sieneles su dviem stiklin\u0117mis lentynomis kiekvienoje. Ji gali b\u016bti naudojama kaip bufetas arba eleganti\u0161kas baras. Dideli spintel\u0117s matmenys ir prakti\u0161kas vidinis i\u0161d\u0117stymas leid\u017eia laikyti ir eksponuoti dekoratyvinius daiktus. Papildomai galima prid\u0117ti LED ap\u0161vietim\u0105, kuris pary\u0161kina \u0161i\u0173 dekoratyvini\u0173 element\u0173 gro\u017e\u012f ir sukuria unikali\u0105 atmosfer\u0105. Indauja pasi\u017eymi unikaliais u\u017eapvalintais kra\u0161tais, subtiliais aliuminio spalvos akcentais ir eleganti\u0161komis sidabrin\u0117mis ranken\u0117l\u0117mis su graviruotu g\u0117li\u0173 ra\u0161tu, suteikian\u010diu subtilumo ir elegancijos. Ry\u0161kus, tvirtas r\u0117mas suteikia jai unikali\u0105 i\u0161vaizd\u0105, o \u0161iltos spalvos sustiprina kambario jaukum\u0105. Indauja puikiai dera su kitais FORREST serijos baldais arba kaip atskiras baldas, prisitaikantis prie j\u016bs\u0173 interjero dizaino.<\/p>\n<p>Plotis 144,4 cm Gylis 41,5 cm Auk\u0161tis 104,6 cm Produkto svoris su pakuote 70,40 kg Gamintojo kodas \/ simbolis FR07 Kolekcijos pavadinimas FORREST Pavadinimas b2b sistemoje FORREST FR-7 tamsaus rie\u0161uto SPINTEL\u0116S komplektas Produkto pakuo\u010di\u0173 skai\u010dius 4 Stilius Moderni \u012franga Surinkimo instrukcijos \/ surinkimo priedai Surinkimui Savaranki\u0161kam surinkimui Korpuso spalva tamsaus rie\u0161uto \/ Milano \u0105\u017euolo Korpuso med\u017eiaga \/ tipas \/ storis Bald\u0173 plok\u0161t\u0117 (2 x 18) 36 mm \/ bald\u0173 plok\u0161t\u0117 18 mm \/ juostin\u0117 bald\u0173 plok\u0161t\u0117 MDF 27 mm Korpuso vir\u0161utin\u0117s dalies med\u017eiaga \/ tipas \/ storis Bald\u0173 plok\u0161t\u0117 18 mm Korpuso apatin\u0117s dalies med\u017eiaga \/ tipas \/ storis Bald\u0173 plok\u0161t\u0117 18 mm Korpuso pagrindo med\u017eiaga \/ tipas \/ storis Bald\u0173 plok\u0161t\u0117 18 mm Lentynos spalva tamsaus rie\u0161uto Lentynos med\u017eiaga \/ tipas \/ storis Bald\u0173 plok\u0161t\u0117 18 mm Lentynos tipas vainikas kiekis 1 Galin\u0117s sienel\u0117s med\u017eiaga \/ tipas \/ storis Bald\u0173 plok\u0161t\u0117 2,5 mm HDF Galin\u0117s sienel\u0117s \u2013 matomos dalies spalva Tamsaus rie\u0161uto Priekin\u0117 spalva Tamsaus rie\u0161uto Priekin\u0117 med\u017eiaga \/ tipas \/ storis Bald\u0173 plok\u0161t\u0117 18 mm Priekinis vyris \u2300 35 mm reguliuojamas trijose plok\u0161tumose Priekin\u0117 rankena \/ apdaila \/ spalva Metalin\u0117 \/ metalin\u0117 Glaz\u016bruota priekin\u0117 apdaila \/ stiklo spalva Gr\u016bdinta \/ skaidri Glaz\u016bruoto priekinio stiklo storis 5 mm Stiklin\u0117s lentynos stiklo spalva Skaidri Stiklin\u0117s lentynos stiklo storis 5 mm Stiklini\u0173 lentyn\u0173 kiekis 4 Stal\u010di\u0173 b\u0117geliai Ratukas Kojel\u0117 \/ apdaila \/ spalva Nereguliuojama \/ Bald\u0173 b\u0117geliai \/ plastikin\u0117 \/ juoda Dureli\u0173 skai\u010dius 4 Stal\u010di\u0173 skai\u010dius 1 U\u017edar\u0173 ni\u0161\u0173 skai\u010dius u\u017e stiklinio priekio 6 U\u017edar\u0173 ni\u0161\u0173 skai\u010dius 2<\/p>","protected":false},"excerpt":{"rendered":"<p>FORREST FR07 indauja puikiai tinka svetainei, valgomajam ar prie\u0161kambariui. Joje yra stal\u010dius ir dvi u\u017edaros spintel\u0117s centre, taip pat stiklin\u0117s sienel\u0117s su dviem stiklin\u0117mis lentynomis kiekvienoje. Ji gali tarnauti kaip bufetas arba eleganti\u0161kas baras. Dideli spintel\u0117s matmenys ir prakti\u0161kas vidaus i\u0161d\u0117stymas [\u2026]<\/p>","protected":false},"featured_media":254196,"comment_status":"open","ping_status":"open","template":"","meta":[],"product_brand":[],"product_cat":[1173,9114,2457],"product_tag":[],"class_list":{"0":"post-254195","1":"product","2":"type-product","3":"status-publish","4":"has-post-thumbnail","6":"product_cat-chests-of-drawers","7":"product_cat-forrest","8":"product_cat-liveo","10":"first","11":"instock","12":"purchasable","13":"product-type-simple"},"_links":{"self":[{"href":"https:\/\/baldumarket.lt\/lt\/wp-json\/wp\/v2\/product\/254195","targetHints":{"allow":["GET"]}}],"collection":[{"href":"https:\/\/baldumarket.lt\/lt\/wp-json\/wp\/v2\/product"}],"about":[{"href":"https:\/\/baldumarket.lt\/lt\/wp-json\/wp\/v2\/types\/product"}],"replies":[{"embeddable":true,"href":"https:\/\/baldumarket.lt\/lt\/wp-json\/wp\/v2\/comments?post=254195"}],"wp:featuredmedia":[{"embeddable":true,"href":"https:\/\/baldumarket.lt\/lt\/wp-json\/wp\/v2\/media\/254196"}],"wp:attachment":[{"href":"https:\/\/baldumarket.lt\/lt\/wp-json\/wp\/v2\/media?parent=254195"}],"wp:term":[{"taxonomy":"product_brand","embeddable":true,"href":"https:\/\/baldumarket.lt\/lt\/wp-json\/wp\/v2\/product_brand?post=254195"},{"taxonomy":"product_cat","embeddable":true,"href":"https:\/\/baldumarket.lt\/lt\/wp-json\/wp\/v2\/product_cat?post=254195"},{"taxonomy":"product_tag","embeddable":true,"href":"https:\/\/baldumarket.lt\/lt\/wp-json\/wp\/v2\/product_tag?post=254195"}],"curies":[{"name":"wp","href":"https:\/\/api.w.org\/{rel}","templated":true}]}}