{"id":254193,"date":"2026-01-10T22:22:51","date_gmt":"2026-01-10T19:22:51","guid":{"rendered":"https:\/\/baldumarket.lt\/product\/forrest-fr06-szafka\/"},"modified":"2026-02-11T18:31:13","modified_gmt":"2026-02-11T15:31:13","slug":"forrest-fr06-szafka","status":"publish","type":"product","link":"https:\/\/baldumarket.lt\/lt\/product\/forrest-fr06-szafka\/","title":{"rendered":"MI\u0160KO FR06 SPINTEL\u0116"},"content":{"rendered":"<p>FORREST FR06 spintel\u0117 puikiai papildys tiek svetain\u0117s, tiek miegamojo interjer\u0105. D\u0117l universalaus dizaino ji gali b\u016bti naudojama ir kaip bufetas, ir kaip drabu\u017ei\u0173 laikymo spintel\u0117. Ji turi keturias nepriklausomai atsidaran\u010dias duris, atskleid\u017eian\u010dias erdvias ni\u0161as ir du stal\u010dius. Stalvir\u0161is taip pat gali b\u016bti naudojamas dekoracijoms ar suvenyrams eksponuoti. I\u0161skirtiniai spintel\u0117s bruo\u017eai \u2013 ne\u012fprastai suapvalinti kra\u0161tai, subtil\u016bs aliuminio spalvos \u012fd\u0117klai ir eleganti\u0161kos sidabrin\u0117s ranken\u0117l\u0117s su graviruotu g\u0117li\u0173 ra\u0161tu, suteikian\u010dios subtilumo ir elegancijos. Ry\u0161kus, tvirtas r\u0117mas suteikia jai unikali\u0105 i\u0161vaizd\u0105, o \u0161iltos spalvos sustiprina kambario jaukum\u0105. Spintel\u0117 puikiai tinka derinti su kitais FORREST serijos baldais arba kaip atskiras baldas, prisitaikantis prie j\u016bs\u0173 interjero dizaino.<\/p>\n<p>Plotis 98,4 cm Gylis 41,5 cm Auk\u0161tis 104,6 cm Produkto svoris su pakuote 50,65 kg Gamintojo kodas \/ simbolis FR06 Kolekcijos pavadinimas FORREST Pavadinimas b2b sistemoje FORREST FR-6 tamsaus rie\u0161uto spalvos SPINTEL\u0116S komplektas Produkto pakuo\u010di\u0173 skai\u010dius 3 Stilius Moderni \u012franga Surinkimo instrukcijos \/ surinkimo priedai Surinkimui Savaranki\u0161kam surinkimui Korpuso spalva tamsaus rie\u0161uto spalvos \/ Milano \u0105\u017euolo spalvos Korpuso med\u017eiaga \/ tipas \/ storis Bald\u0173 plok\u0161t\u0117 (2 x 18) 36 mm \/ bald\u0173 plok\u0161t\u0117 18 mm \/ juostin\u0117 bald\u0173 plok\u0161t\u0117 MDF 27 mm Korpuso vir\u0161utin\u0117s dalies med\u017eiaga \/ tipas \/ storis Bald\u0173 plok\u0161t\u0117 18 mm Korpuso apatin\u0117s dalies med\u017eiaga \/ tipas \/ storis Bald\u0173 plok\u0161t\u0117 18 mm Korpuso pagrindo med\u017eiaga \/ tipas \/ storis Bald\u0173 plok\u0161t\u0117 18 mm Lentynos spalva tamsaus rie\u0161uto spalvos Lentynos med\u017eiaga \/ tipas \/ storis Bald\u0173 plok\u0161t\u0117 18 mm Lentynos tipas vainikas kiekis 2 Galin\u0117s sienel\u0117s med\u017eiaga \/ tipas \/ storis Bald\u0173 plok\u0161t\u0117 2,5 mm HDF Galin\u0117s sienel\u0117s \u2013 matomos dalies spalva tamsaus rie\u0161uto spalvos Priekin\u0117 spalva tamsaus rie\u0161uto spalvos Priekin\u0117 med\u017eiaga \/ tipas \/ storis Bald\u0173 plok\u0161t\u0117 18 mm Priekinis vyris \u2300 35 mm reguliuojamas trijose plok\u0161tumose Priekin\u0117 rankena \/ apdaila \/ spalva Metalas \/ metalinis Stal\u010di\u0173 b\u0117geliai Ratukas Kojel\u0117 \/ apdaila \/ spalva Nereguliuojama \/ Bald\u0173 b\u0117gelis \/ plastikas \/ juoda Dureli\u0173 skai\u010dius 4 Stal\u010di\u0173 skai\u010dius 2 U\u017edar\u0173 ni\u0161\u0173 skai\u010dius 4<\/p>","protected":false},"excerpt":{"rendered":"<p>FORREST FR06 spintel\u0117 puikiai papildys tiek svetain\u0117s, tiek miegamojo interjer\u0105. D\u0117l universalaus dizaino ji gali b\u016bti naudojama ir kaip bufetas, ir kaip drabu\u017ei\u0173 laikymo spintel\u0117. Ji turi keturias nepriklausomai atsidaran\u010dias duris, pro kurias atsiveria erdvios ni\u0161os ir du stal\u010diai. Stalvir\u0161is taip pat gali b\u016bti naudojamas dekoracijoms ar suvenyrams eksponuoti. [\u2026]<\/p>","protected":false},"featured_media":254177,"comment_status":"open","ping_status":"open","template":"","meta":[],"product_brand":[],"product_cat":[1173,9114,2457],"product_tag":[],"class_list":{"0":"post-254193","1":"product","2":"type-product","3":"status-publish","4":"has-post-thumbnail","6":"product_cat-chests-of-drawers","7":"product_cat-forrest","8":"product_cat-liveo","10":"first","11":"instock","12":"purchasable","13":"product-type-simple"},"_links":{"self":[{"href":"https:\/\/baldumarket.lt\/lt\/wp-json\/wp\/v2\/product\/254193","targetHints":{"allow":["GET"]}}],"collection":[{"href":"https:\/\/baldumarket.lt\/lt\/wp-json\/wp\/v2\/product"}],"about":[{"href":"https:\/\/baldumarket.lt\/lt\/wp-json\/wp\/v2\/types\/product"}],"replies":[{"embeddable":true,"href":"https:\/\/baldumarket.lt\/lt\/wp-json\/wp\/v2\/comments?post=254193"}],"wp:featuredmedia":[{"embeddable":true,"href":"https:\/\/baldumarket.lt\/lt\/wp-json\/wp\/v2\/media\/254177"}],"wp:attachment":[{"href":"https:\/\/baldumarket.lt\/lt\/wp-json\/wp\/v2\/media?parent=254193"}],"wp:term":[{"taxonomy":"product_brand","embeddable":true,"href":"https:\/\/baldumarket.lt\/lt\/wp-json\/wp\/v2\/product_brand?post=254193"},{"taxonomy":"product_cat","embeddable":true,"href":"https:\/\/baldumarket.lt\/lt\/wp-json\/wp\/v2\/product_cat?post=254193"},{"taxonomy":"product_tag","embeddable":true,"href":"https:\/\/baldumarket.lt\/lt\/wp-json\/wp\/v2\/product_tag?post=254193"}],"curies":[{"name":"wp","href":"https:\/\/api.w.org\/{rel}","templated":true}]}}