{"id":254192,"date":"2026-01-10T22:22:49","date_gmt":"2026-01-10T19:22:49","guid":{"rendered":"https:\/\/baldumarket.lt\/product\/forrest-fr05-szafka\/"},"modified":"2026-02-11T18:31:13","modified_gmt":"2026-02-11T15:31:13","slug":"forrest-fr05-szafka","status":"publish","type":"product","link":"https:\/\/baldumarket.lt\/lt\/product\/forrest-fr05-szafka\/","title":{"rendered":"MI\u0160KO FR05 SPINTEL\u0116"},"content":{"rendered":"<p>FORREST FR05 spintel\u0117 puikiai tinka kaip svetain\u0117s spintel\u0117 arba gali lengvai tarnauti kaip komoda miegamajame. Tai puikus sprendimas prakti\u0161kiems interjerams, kuriems reikalinga erdvi daikt\u0173 laikymo vieta. Spintel\u0117 turi tris stal\u010dius, tod\u0117l patogu laikyti smulkius daiktus ir aksesuarus. Trigubos durys suteikia lengv\u0105 prieig\u0105 prie vidaus, tod\u0117l galite tvarkingai susitvarkyti knygas, tekstil\u0119 ar stalo \u012frankius. Ypa\u010d verta d\u0117mesio vir\u0161utin\u0117 ekspozicijos vieta, kurioje galima eksponuoti gra\u017eius dekoracij\u0173 elementus ar g\u0117les. Spintel\u0117 pasi\u017eymi unikaliais u\u017eapvalintais kra\u0161tais, subtiliais aliuminio spalvos \u012fd\u0117klais ir eleganti\u0161komis sidabrin\u0117mis ranken\u0117l\u0117mis su graviruotu g\u0117li\u0173 ra\u0161tu, suteikian\u010diu subtilumo ir elegancijos. Ry\u0161kus, tvirtas r\u0117mas suteikia jai unikali\u0105 i\u0161vaizd\u0105, o \u0161iltos spalvos sustiprina kambario jaukum\u0105. Spintel\u0117 puikiai dera su kitais FORREST serijos baldais arba yra atskiras baldas, leid\u017eiantis j\u0105 pritaikyti prie savo interjero dizaino.<\/p>\n<p>Plotis 144,4 cm Gylis 41,5 cm Auk\u0161tis 89,8 cm Produkto svoris su pakuote 63,85 kg Gamintojo kodas \/ simbolis FR05 Kolekcijos pavadinimas FORREST Pavadinimas b2b sistemoje FORREST FR-5 tamsaus rie\u0161uto SPINTEL\u0116S komplektas Produkto pakuo\u010di\u0173 skai\u010dius 4 Stilius Moderni \u012franga Surinkimo instrukcijos \/ surinkimo priedai Surinkimui Savaranki\u0161kam surinkimui Korpuso spalva Tamsaus rie\u0161uto \/ Milano \u0105\u017euolo Korpuso med\u017eiaga \/ tipas \/ storis Bald\u0173 plok\u0161t\u0117 (2 x 18) 36 mm \/ bald\u0173 plok\u0161t\u0117 18 mm \/ juostin\u0117 bald\u0173 plok\u0161t\u0117 MDF 27 mm Korpuso vir\u0161utin\u0117s dalies med\u017eiaga \/ tipas \/ storis Bald\u0173 plok\u0161t\u0117 18 mm Korpuso apatin\u0117s dalies med\u017eiaga \/ tipas \/ storis Bald\u0173 plok\u0161t\u0117 18 mm Korpuso pagrindo med\u017eiaga \/ tipas \/ storis Bald\u0173 plok\u0161t\u0117 18 mm Lentynos spalva Tamsaus rie\u0161uto Lentynos med\u017eiaga \/ tipas \/ storis Bald\u0173 plok\u0161t\u0117 18 mm Lentyn\u0173 kiekis 3 Galin\u0117s sienel\u0117s med\u017eiaga \/ tipas \/ storis Bald\u0173 plok\u0161t\u0117 2,5 mm HDF Galin\u0117s sienel\u0117s \u2013 matomos dalies spalva Tamsaus rie\u0161uto Priekin\u0117 spalva Tamsaus rie\u0161uto Priekin\u0117 med\u017eiaga \/ tipas \/ storis Bald\u0173 plok\u0161t\u0117 18 mm Priekinis vyris \u2300 35 mm reguliuojamas trijose plok\u0161tumose Priekin\u0117 rankena \/ apdaila \/ spalva Metalas \/ metalinis Stal\u010di\u0173 b\u0117geliai Ratukas Kojel\u0117 \/ apdaila \/ spalva Nereguliuojama \/ Bald\u0173 b\u0117gelis \/ plastikas \/ juodas Dureli\u0173 skai\u010dius 3 Stal\u010di\u0173 skai\u010dius 3 U\u017edar\u0173 ni\u0161\u0173 skai\u010dius 6<\/p>","protected":false},"excerpt":{"rendered":"<p>FORREST FR05 spintel\u0117 puikiai tinka kaip svetain\u0117s spintel\u0117 arba gali lengvai tarnauti kaip komoda miegamajame. Tai puikus sprendimas prakti\u0161kiems interjerams, kuriems reikalinga erdvi daikt\u0173 laikymo erdv\u0117. Spintel\u0117 turi tris stal\u010dius, tod\u0117l patogu laikyti smulkius daiktus ir aksesuarus. Trigubos durys suteikia lengv\u0105 prieig\u0105 prie vidaus, [\u2026]<\/p>","protected":false},"featured_media":254191,"comment_status":"open","ping_status":"open","template":"","meta":[],"product_brand":[],"product_cat":[1173,9114,2457],"product_tag":[],"class_list":{"0":"post-254192","1":"product","2":"type-product","3":"status-publish","4":"has-post-thumbnail","6":"product_cat-chests-of-drawers","7":"product_cat-forrest","8":"product_cat-liveo","10":"first","11":"instock","12":"purchasable","13":"product-type-simple"},"_links":{"self":[{"href":"https:\/\/baldumarket.lt\/lt\/wp-json\/wp\/v2\/product\/254192","targetHints":{"allow":["GET"]}}],"collection":[{"href":"https:\/\/baldumarket.lt\/lt\/wp-json\/wp\/v2\/product"}],"about":[{"href":"https:\/\/baldumarket.lt\/lt\/wp-json\/wp\/v2\/types\/product"}],"replies":[{"embeddable":true,"href":"https:\/\/baldumarket.lt\/lt\/wp-json\/wp\/v2\/comments?post=254192"}],"wp:featuredmedia":[{"embeddable":true,"href":"https:\/\/baldumarket.lt\/lt\/wp-json\/wp\/v2\/media\/254191"}],"wp:attachment":[{"href":"https:\/\/baldumarket.lt\/lt\/wp-json\/wp\/v2\/media?parent=254192"}],"wp:term":[{"taxonomy":"product_brand","embeddable":true,"href":"https:\/\/baldumarket.lt\/lt\/wp-json\/wp\/v2\/product_brand?post=254192"},{"taxonomy":"product_cat","embeddable":true,"href":"https:\/\/baldumarket.lt\/lt\/wp-json\/wp\/v2\/product_cat?post=254192"},{"taxonomy":"product_tag","embeddable":true,"href":"https:\/\/baldumarket.lt\/lt\/wp-json\/wp\/v2\/product_tag?post=254192"}],"curies":[{"name":"wp","href":"https:\/\/api.w.org\/{rel}","templated":true}]}}