{"id":254190,"date":"2026-01-10T22:22:46","date_gmt":"2026-01-10T19:22:46","guid":{"rendered":"https:\/\/baldumarket.lt\/product\/forrest-fr04-szafka\/"},"modified":"2026-02-11T18:31:14","modified_gmt":"2026-02-11T15:31:14","slug":"forrest-fr04-szafka","status":"publish","type":"product","link":"https:\/\/baldumarket.lt\/lt\/product\/forrest-fr04-szafka\/","title":{"rendered":"MI\u0160KAS FR04 SPINTEL\u0116"},"content":{"rendered":"<p>Kompakti\u0161ka spintel\u0117 FORREST FR04 \u2013 tai baldas, kuris ras savo viet\u0105 tiek svetain\u0117je, tiek valgomajame, tiek miegamajame. J\u0105 sudaro du i\u0161traukiami stal\u010diai ir dvi spintel\u0117s su durel\u0117mis. \u0160is kompakti\u0161kas baldas suteikia daug vietos susid\u0117ti b\u016btiniausius daiktus, drabu\u017eius ir kitus naudingus daiktus. I\u0161skirtiniai jos bruo\u017eai \u2013 ne\u012fprasti suapvalinti kra\u0161tai, subtil\u016bs aliuminio spalvos akcentai ir eleganti\u0161kos sidabrin\u0117s ranken\u0117l\u0117s su graviruotu g\u0117li\u0173 ra\u0161tu, suteikiantys subtilumo ir elegancijos. Ry\u0161kus, tvirtas r\u0117mas suteikia jai unikali\u0105 i\u0161vaizd\u0105, o \u0161iltos spalvos sustiprina kambario jaukum\u0105. Spintel\u0117 puikiai dera su kitais FORREST serijos baldais arba yra atskiras baldas, prisitaikantis prie j\u016bs\u0173 interjero dizaino.<\/p>\n<p>Plotis 98,4 cm Gylis 41,5 cm Auk\u0161tis 89,8 cm Produkto svoris su pakuote 44,70 kg Gamintojo kodas \/ simbolis FR04 Kolekcijos pavadinimas FORREST Pavadinimas b2b sistemoje FORREST FR-4 tamsaus rie\u0161uto spalvos SPINTEL\u0116S komplektas Produkto pakuo\u010di\u0173 skai\u010dius 3 Stilius Moderni \u012franga Surinkimo instrukcijos \/ surinkimo priedai Surinkimui Savaranki\u0161kam surinkimui Korpuso spalva Tamsaus rie\u0161uto \/ Milano \u0105\u017euolo spalvos Korpuso med\u017eiaga \/ tipas \/ storis Bald\u0173 plok\u0161t\u0117 (2 x 18) 36 mm \/ bald\u0173 plok\u0161t\u0117 18 mm \/ juostin\u0117 bald\u0173 plok\u0161t\u0117 MDF 27 mm Korpuso vir\u0161utin\u0117s dalies med\u017eiaga \/ tipas \/ storis Bald\u0173 plok\u0161t\u0117 18 mm Korpuso apatin\u0117s dalies med\u017eiaga \/ tipas \/ storis Bald\u0173 plok\u0161t\u0117 18 mm Korpuso pagrindo med\u017eiaga \/ tipas \/ storis Bald\u0173 plok\u0161t\u0117 18 mm Lentynos spalva Tamsaus rie\u0161uto spalvos Lentynos med\u017eiaga \/ tipas \/ storis Bald\u0173 plok\u0161t\u0117 18 mm Lentyn\u0173 kiekis 2 Galin\u0117s sienel\u0117s med\u017eiaga \/ tipas \/ storis Bald\u0173 plok\u0161t\u0117 2,5 mm HDF Galin\u0117s sienel\u0117s spalva Tamsaus rie\u0161uto spalvos Priekin\u0117s spalvos Tamsaus rie\u0161uto spalvos Priekin\u0117s med\u017eiagos \/ tipas \/ storis Bald\u0173 plok\u0161t\u0117 18 mm Priekinis vyris \u2300 35 mm reguliuojamas Trys plok\u0161tumos Priekin\u0117 rankena \/ apdaila \/ spalva Metalas \/ metalinis Stal\u010di\u0173 b\u0117geliai Ritinin\u0117 Kojel\u0117 \/ apdaila \/ spalva Nereguliuojama \/ Bald\u0173 b\u0117gelis \/ plastikas \/ juoda Dureli\u0173 skai\u010dius 2 Stal\u010di\u0173 skai\u010dius 2 U\u017edar\u0173 ni\u0161\u0173 skai\u010dius 4<\/p>","protected":false},"excerpt":{"rendered":"<p>Kompakti\u0161ka FORREST FR04 spintel\u0117 \u2013 tai baldas, kuris ras savo viet\u0105 tiek svetain\u0117je, tiek valgomajame, tiek miegamajame. J\u0105 sudaro du i\u0161traukiami stal\u010diai ir dvi spintel\u0117s su durel\u0117mis. \u0160is kompakti\u0161kas baldas suteikia daug vietos susitvarkyti b\u016btiniausius daiktus, drabu\u017eius ir kitus naudingus daiktus. I\u0161skirtin\u0117s savyb\u0117s: [\u2026]<\/p>","protected":false},"featured_media":254184,"comment_status":"open","ping_status":"open","template":"","meta":[],"product_brand":[],"product_cat":[1173,9114,2457],"product_tag":[],"class_list":{"0":"post-254190","1":"product","2":"type-product","3":"status-publish","4":"has-post-thumbnail","6":"product_cat-chests-of-drawers","7":"product_cat-forrest","8":"product_cat-liveo","10":"first","11":"instock","12":"purchasable","13":"product-type-simple"},"_links":{"self":[{"href":"https:\/\/baldumarket.lt\/lt\/wp-json\/wp\/v2\/product\/254190","targetHints":{"allow":["GET"]}}],"collection":[{"href":"https:\/\/baldumarket.lt\/lt\/wp-json\/wp\/v2\/product"}],"about":[{"href":"https:\/\/baldumarket.lt\/lt\/wp-json\/wp\/v2\/types\/product"}],"replies":[{"embeddable":true,"href":"https:\/\/baldumarket.lt\/lt\/wp-json\/wp\/v2\/comments?post=254190"}],"wp:featuredmedia":[{"embeddable":true,"href":"https:\/\/baldumarket.lt\/lt\/wp-json\/wp\/v2\/media\/254184"}],"wp:attachment":[{"href":"https:\/\/baldumarket.lt\/lt\/wp-json\/wp\/v2\/media?parent=254190"}],"wp:term":[{"taxonomy":"product_brand","embeddable":true,"href":"https:\/\/baldumarket.lt\/lt\/wp-json\/wp\/v2\/product_brand?post=254190"},{"taxonomy":"product_cat","embeddable":true,"href":"https:\/\/baldumarket.lt\/lt\/wp-json\/wp\/v2\/product_cat?post=254190"},{"taxonomy":"product_tag","embeddable":true,"href":"https:\/\/baldumarket.lt\/lt\/wp-json\/wp\/v2\/product_tag?post=254190"}],"curies":[{"name":"wp","href":"https:\/\/api.w.org\/{rel}","templated":true}]}}