{"id":254186,"date":"2026-01-10T22:22:43","date_gmt":"2026-01-10T19:22:43","guid":{"rendered":"https:\/\/baldumarket.lt\/product\/forrest-fr03-nadstawka-rtv-uniwersalna-lewostronna-prawostronna\/"},"modified":"2026-02-11T18:31:14","modified_gmt":"2026-02-11T15:31:14","slug":"forrest-fr03-nadstawka-rtv-uniwersalna-lewostronna-prawostronna","status":"publish","type":"product","link":"https:\/\/baldumarket.lt\/lt\/product\/forrest-fr03-nadstawka-rtv-uniwersalna-lewostronna-prawostronna\/","title":{"rendered":"FORREST FR03 UNIVERSALUS TV PRAT\u0118SIMAS KAIR\u0116JE\/DE\u0160IN\u0116JE"},"content":{"rendered":"<p>FORREST FR03 kairysis\/de\u0161inysis televizoriaus prailginimas puikiai papildo FR01 televizoriaus spintel\u0119 svetain\u0117je arba darbo kambaryje. Prailginimas padidina funkcionalum\u0105, sukurdamas ni\u0161\u0105 daiktams susid\u0117ti. Tai prakti\u0161kas elementas, kur\u012f galima naudoti dekoracijoms eksponuoti, kurios pabr\u0117\u017eia kambario charakter\u012f. J\u012f galima pastatyti de\u0161in\u0117je arba kair\u0117je spintel\u0117s pus\u0117je. Ry\u0161kus, tvirtas r\u0117mas suteikia jam unikali\u0105 i\u0161vaizd\u0105, o suapvalinti kra\u0161tai ir \u0161iltos spalvos pabr\u0117\u017eia kambario jaukum\u0105. Televizoriaus prailginimas idealiai tinka derinti su kitais FORREST serijos baldais.<\/p>\n<p>Plotis 144,4 cm Gylis 37,3 cm Auk\u0161tis 53,2 cm Produkto svoris su pakuote 19,85 kg Gamintojo kodas \/ simbolis FR03 Kolekcijos pavadinimas FORREST Pavadinimas b2b sistemoje FORREST FR-3 tamsaus rie\u0161uto spalvos TV PRAT\u0118SIMAS K\/D komplektas Produkto pakuo\u010di\u0173 skai\u010dius 2 Stilius Moderni \u012franga Surinkimo instrukcijos \/ surinkimo priedai Surinkimas Savaranki\u0161kam surinkimui Korpuso spalva Tamsaus rie\u0161uto spalvos \/ Milano \u0105\u017euolo spalvos Korpuso med\u017eiaga \/ tipas \/ storis Bald\u0173 plok\u0161t\u0117 (2 x 18) 36 mm \/ bald\u0173 plok\u0161t\u0117 18 mm Korpuso vir\u0161utin\u0117s dalies med\u017eiaga \/ med\u017eiaga \/ tipas \/ storis Bald\u0173 plok\u0161t\u0117 (2 x 18) 36 mm Kojel\u0117 \/ med\u017eiaga \/ spalva Nereguliuojama \/ Bald\u0173 b\u0117geliai \/ plastikas \/ Juoda Universalus korpusas kairinis \/ de\u0161ininis TAIP<\/p>","protected":false},"excerpt":{"rendered":"<p>FORREST FR03 L\/R televizoriaus prailginimas yra puikus FR01 televizoriaus spintel\u0117s prailginimas svetain\u0117je arba darbo kambaryje. Prailginimas padidina funkcionalum\u0105, sukurdamas ni\u0161\u0105 daiktams laikyti. Tai prakti\u0161kas elementas, kur\u012f galima naudoti dekoracijoms eksponuoti, kurios sustiprina kambario charakter\u012f. J\u012f galima pastatyti de\u0161in\u0117je [\u2026]<\/p>","protected":false},"featured_media":254175,"comment_status":"open","ping_status":"open","template":"","meta":[],"product_brand":[],"product_cat":[9114,2457,1175],"product_tag":[],"class_list":{"0":"post-254186","1":"product","2":"type-product","3":"status-publish","4":"has-post-thumbnail","6":"product_cat-forrest","7":"product_cat-liveo","8":"product_cat-tv-stands","10":"first","11":"instock","12":"purchasable","13":"product-type-simple"},"_links":{"self":[{"href":"https:\/\/baldumarket.lt\/lt\/wp-json\/wp\/v2\/product\/254186","targetHints":{"allow":["GET"]}}],"collection":[{"href":"https:\/\/baldumarket.lt\/lt\/wp-json\/wp\/v2\/product"}],"about":[{"href":"https:\/\/baldumarket.lt\/lt\/wp-json\/wp\/v2\/types\/product"}],"replies":[{"embeddable":true,"href":"https:\/\/baldumarket.lt\/lt\/wp-json\/wp\/v2\/comments?post=254186"}],"wp:featuredmedia":[{"embeddable":true,"href":"https:\/\/baldumarket.lt\/lt\/wp-json\/wp\/v2\/media\/254175"}],"wp:attachment":[{"href":"https:\/\/baldumarket.lt\/lt\/wp-json\/wp\/v2\/media?parent=254186"}],"wp:term":[{"taxonomy":"product_brand","embeddable":true,"href":"https:\/\/baldumarket.lt\/lt\/wp-json\/wp\/v2\/product_brand?post=254186"},{"taxonomy":"product_cat","embeddable":true,"href":"https:\/\/baldumarket.lt\/lt\/wp-json\/wp\/v2\/product_cat?post=254186"},{"taxonomy":"product_tag","embeddable":true,"href":"https:\/\/baldumarket.lt\/lt\/wp-json\/wp\/v2\/product_tag?post=254186"}],"curies":[{"name":"wp","href":"https:\/\/api.w.org\/{rel}","templated":true}]}}