{"id":254173,"date":"2026-01-10T22:22:37","date_gmt":"2026-01-10T19:22:37","guid":{"rendered":"https:\/\/baldumarket.lt\/product\/forrest-fr01-rtv\/"},"modified":"2026-02-11T18:31:14","modified_gmt":"2026-02-11T15:31:14","slug":"forrest-fr01-rtv","status":"publish","type":"product","link":"https:\/\/baldumarket.lt\/lt\/product\/forrest-fr01-rtv\/","title":{"rendered":"FORREST FR01 RTV"},"content":{"rendered":"<p>FORREST FR01 televizoriaus staliukas \u2013 eleganti\u0161kas baldas, puikiai tinkantis kaip atskiras elementas svetain\u0117je arba kaip komplektas su FR03 prailginimo bloku, FR15 lentyna ir FR17 \u200b\u200bprie sienos tvirtinamu vitrina. Stovas turi tris erdvius i\u0161traukiamus stal\u010dius ir erdv\u0173 stalvir\u0161\u012f, ant kurio telpa televizorius. Stovas pasi\u017eymi unikaliais u\u017eapvalintais kra\u0161tais, subtiliais aliuminio spalvos \u012fd\u0117klais ir eleganti\u0161komis sidabrin\u0117mis ranken\u0117l\u0117mis su graviruotu g\u0117li\u0173 ra\u0161tu, suteikian\u010diu subtilumo ir elegancijos. Ry\u0161kus, tvirtas r\u0117mas suteikia jam unikali\u0105 i\u0161vaizd\u0105, o \u0161iltos spalvos sustiprina kambario jaukum\u0105. Televizoriaus staliukas puikiai dera su kitais FORREST serijos gaminiais arba kaip atskiras baldas, prisitaikantis prie j\u016bs\u0173 kambario interjero.<\/p>\n<p>Plotis 190,3 cm Gylis 47 cm Auk\u0161tis 38,2 cm Produkto svoris su pakuote 44,05 kg Gamintojo kodas \/ simbolis FR01 Kolekcijos pavadinimas FORREST Pavadinimas b2b sistemoje FORREST FR-1 tamsaus rie\u0161uto spalvos RTV komplektas Produkto pakuo\u010di\u0173 skai\u010dius: 4 Stilius: Modernus \u012eranga: Surinkimo instrukcijos \/ surinkimo priedai Surinkimas: Savaranki\u0161kas surinkimas Korpuso spalva: Tamsaus rie\u0161uto spalvos \/ Milano \u0105\u017euolo spalvos Korpuso med\u017eiaga \/ tipas \/ storis: Bald\u0173 plok\u0161t\u0117 (2 x 18) 36 mm \/ bald\u0173 plok\u0161t\u0117 18 mm \/ juostel\u0117: MDF bald\u0173 plok\u0161t\u0117 27 mm Korpuso vir\u0161utin\u0117s dalies med\u017eiaga \/ tipas \/ storis: Bald\u0173 plok\u0161t\u0117 18 mm Korpuso pagrindo med\u017eiaga \/ tipas \/ storis: Bald\u0173 plok\u0161t\u0117 18 mm Priekin\u0117s dalies spalva: Tamsaus rie\u0161uto spalvos Priekin\u0117s dalies med\u017eiaga \/ tipas \/ storis: Bald\u0173 plok\u0161t\u0117 18 mm Priekin\u0117 rankena \/ tipas \/ spalva: Metalin\u0117 \/ metalin\u0117 Stal\u010di\u0173 b\u0117geliai: Ritininiai Kojel\u0117 \/ tipas \/ spalva: Nereguliuojama \/ Bald\u0173 b\u0117geliai \/ plastikiniai \/ juodi Stal\u010di\u0173 skai\u010dius: 3<\/p>","protected":false},"excerpt":{"rendered":"<p>FORREST FR01 televizoriaus staliukas yra eleganti\u0161kas baldas, puikiai tinkantis kaip atskiras elementas svetain\u0117je arba kaip komplektas su FR03 prailginimo bloku, FR15 lentyna ir FR17 \u200b\u200b\u200b\u200bprie sienos tvirtinamu vitrina. Stovas turi tris erdvius i\u0161traukiamus stal\u010dius ir erdv\u0173 stalvir\u0161\u012f, ant kurio galima pastatyti televizori\u0173. Stovas turi [\u2026]<\/p>","protected":false},"featured_media":254174,"comment_status":"open","ping_status":"open","template":"","meta":[],"product_brand":[],"product_cat":[9114,2457,1175],"product_tag":[],"class_list":{"0":"post-254173","1":"product","2":"type-product","3":"status-publish","4":"has-post-thumbnail","6":"product_cat-forrest","7":"product_cat-liveo","8":"product_cat-tv-stands","10":"first","11":"instock","12":"purchasable","13":"product-type-simple"},"_links":{"self":[{"href":"https:\/\/baldumarket.lt\/lt\/wp-json\/wp\/v2\/product\/254173","targetHints":{"allow":["GET"]}}],"collection":[{"href":"https:\/\/baldumarket.lt\/lt\/wp-json\/wp\/v2\/product"}],"about":[{"href":"https:\/\/baldumarket.lt\/lt\/wp-json\/wp\/v2\/types\/product"}],"replies":[{"embeddable":true,"href":"https:\/\/baldumarket.lt\/lt\/wp-json\/wp\/v2\/comments?post=254173"}],"wp:featuredmedia":[{"embeddable":true,"href":"https:\/\/baldumarket.lt\/lt\/wp-json\/wp\/v2\/media\/254174"}],"wp:attachment":[{"href":"https:\/\/baldumarket.lt\/lt\/wp-json\/wp\/v2\/media?parent=254173"}],"wp:term":[{"taxonomy":"product_brand","embeddable":true,"href":"https:\/\/baldumarket.lt\/lt\/wp-json\/wp\/v2\/product_brand?post=254173"},{"taxonomy":"product_cat","embeddable":true,"href":"https:\/\/baldumarket.lt\/lt\/wp-json\/wp\/v2\/product_cat?post=254173"},{"taxonomy":"product_tag","embeddable":true,"href":"https:\/\/baldumarket.lt\/lt\/wp-json\/wp\/v2\/product_tag?post=254173"}],"curies":[{"name":"wp","href":"https:\/\/api.w.org\/{rel}","templated":true}]}}