{"id":254167,"date":"2026-01-10T22:22:34","date_gmt":"2026-01-10T19:22:34","guid":{"rendered":"https:\/\/baldumarket.lt\/product\/ferro-fe19-szafka-nocna\/"},"modified":"2026-02-11T18:31:14","modified_gmt":"2026-02-11T15:31:14","slug":"ferro-fe19-szafka-nocna","status":"publish","type":"product","link":"https:\/\/baldumarket.lt\/lt\/product\/ferro-fe19-szafka-nocna\/","title":{"rendered":"FERRO FE19 naktinis staliukas"},"content":{"rendered":"<p>\u201eFerro FE19\u201c naktinis staliukas \u2013 stilingas ir prakti\u0161kas bet kurio miegamojo aksesuaras. Pagamintas i\u0161 eleganti\u0161ko \u201eCremona Torro\u201c \u0105\u017euolo atspalvio su juodais akcentais, jis harmoningai dera prie modernaus interjero. Tur\u0117damas vien\u0105 stal\u010di\u0173 ir u\u017erakinam\u0105 spintel\u0119, jis patogiai sutalpina b\u016btiniausius daiktus. Kojeli\u0173 nebuvimas suteikia jam tvirtumo ir kompakti\u0161kumo poj\u016bt\u012f, puikiai tinkant\u012f pastatyti \u0161alia lovos. \u0160is funkcionalumo ir estetikos derinys puikiai tiks tiek klasikiniame, tiek moderniame miegamojo dizaine.<\/p>\n<p>Plotis 48,5 cm Gylis 39 cm Auk\u0161tis 58,5 cm Produkto svoris su pakuote 17,05 kg Gamintojo kodas \/ simbolis FE19 Kolekcijos pavadinimas FERRO Pavadinimas b2b sistemoje FERRO FE19 KREMINIO \u0104\u017dUOLO TORRO\/CZ NAKTIN\u0116S SPINTEL\u0116S KOMPLEKTAS Produkto pakuo\u010di\u0173 skai\u010dius 2 Stilius Moderni \u012franga Surinkimo instrukcijos \/ surinkimo priedai Surinkimui Savaranki\u0161kam surinkimui Korpuso spalva Cremona Torro \u0105\u017euolas \/ Juoda Korpuso med\u017eiaga \/ tipas \/ storis 16 mm bald\u0173 plok\u0161t\u0117 \/ lentjuost\u0117s 16 mm MDF bald\u0173 plok\u0161t\u0117 Korpuso vir\u0161utin\u0117 dalis \/ tipas \/ storis 16 mm bald\u0173 plok\u0161t\u0117 Korpuso apa\u010dia \/ tipas \/ storis 16 mm bald\u0173 plok\u0161t\u0117 Korpuso pagrindo dalis \/ tipas \/ storis 16 mm bald\u0173 plok\u0161t\u0117 Galin\u0117s sienel\u0117s med\u017eiaga \/ tipas \/ storis 2,5 mm HDF bald\u0173 plok\u0161t\u0117 Matomos galin\u0117s sienel\u0117s dalies spalva Artisan \u0105\u017euolas Priekin\u0117 spalva: Cremona Torro \u0105\u017euolas \/ Juoda Priekin\u0117s apdailos med\u017eiaga \/ tipas \/ storis 16 mm bald\u0173 plok\u0161t\u0117 Priekin\u0117 rankena \/ apdaila \/ spalva: Aliuminis \/ Juoda Pilno i\u0161traukimo stal\u010diaus b\u0117geliai Kojel\u0117 \/ apdaila \/ spalva: Nereguliuojama \/ Bald\u0173 b\u0117geliai \/ plastikas \/ Juoda Stal\u010di\u0173 skai\u010dius 1 Atvir\u0173 ni\u0161\u0173 skai\u010dius 1<\/p>","protected":false},"excerpt":{"rendered":"<p>\u201eFerro FE19\u201c naktinis staliukas yra stilingas ir prakti\u0161kas bet kurio miegamojo aksesuaras. Pagamintas i\u0161 eleganti\u0161ko \u201eCremona Torro\u201c \u0105\u017euolo atspalvio su juodais akcentais, jis harmoningai dera prie modernaus interjero. Tur\u0117damas vien\u0105 stal\u010di\u0173 ir u\u017erakinam\u0105 spintel\u0119, jis yra patogus laikyti b\u016btiniausius daiktus. Kojeli\u0173 nebuvimas suteikia jam tvirtumo ir kompakti\u0161kumo poj\u016bt\u012f, puikiai tinkant\u012f [\u2026]<\/p>","protected":false},"featured_media":254166,"comment_status":"open","ping_status":"open","template":"","meta":[],"product_brand":[],"product_cat":[1176,2457],"product_tag":[],"class_list":{"0":"post-254167","1":"product","2":"type-product","3":"status-publish","4":"has-post-thumbnail","6":"product_cat-bedside-tables","7":"product_cat-liveo","9":"first","10":"instock","11":"purchasable","12":"product-type-simple"},"_links":{"self":[{"href":"https:\/\/baldumarket.lt\/lt\/wp-json\/wp\/v2\/product\/254167","targetHints":{"allow":["GET"]}}],"collection":[{"href":"https:\/\/baldumarket.lt\/lt\/wp-json\/wp\/v2\/product"}],"about":[{"href":"https:\/\/baldumarket.lt\/lt\/wp-json\/wp\/v2\/types\/product"}],"replies":[{"embeddable":true,"href":"https:\/\/baldumarket.lt\/lt\/wp-json\/wp\/v2\/comments?post=254167"}],"wp:featuredmedia":[{"embeddable":true,"href":"https:\/\/baldumarket.lt\/lt\/wp-json\/wp\/v2\/media\/254166"}],"wp:attachment":[{"href":"https:\/\/baldumarket.lt\/lt\/wp-json\/wp\/v2\/media?parent=254167"}],"wp:term":[{"taxonomy":"product_brand","embeddable":true,"href":"https:\/\/baldumarket.lt\/lt\/wp-json\/wp\/v2\/product_brand?post=254167"},{"taxonomy":"product_cat","embeddable":true,"href":"https:\/\/baldumarket.lt\/lt\/wp-json\/wp\/v2\/product_cat?post=254167"},{"taxonomy":"product_tag","embeddable":true,"href":"https:\/\/baldumarket.lt\/lt\/wp-json\/wp\/v2\/product_tag?post=254167"}],"curies":[{"name":"wp","href":"https:\/\/api.w.org\/{rel}","templated":true}]}}