{"id":254152,"date":"2026-01-10T22:22:27","date_gmt":"2026-01-10T19:22:27","guid":{"rendered":"https:\/\/baldumarket.lt\/product\/ferro-fe18-160-s-p-loze-z-pojemnikiem-na-posciel\/"},"modified":"2026-02-11T18:31:14","modified_gmt":"2026-02-11T15:31:14","slug":"ferro-fe18-160-s-p-loze-z-pojemnikiem-na-posciel","status":"publish","type":"product","link":"https:\/\/baldumarket.lt\/lt\/product\/ferro-fe18-160-s-p-loze-z-pojemnikiem-na-posciel\/","title":{"rendered":"FERRO FE18\/160 SP Lova su patalyn\u0117s d\u0117\u017ee"},"content":{"rendered":"<p>\u201eFerro FE18\u201c lova \u2013 puikus pasirinkimas ie\u0161kantiems patogios ir stilingos miegojimo vietos. Lova yra \u012fvairi\u0173 plo\u010di\u0173 (120 cm, 140 cm, 160 cm, 180 cm), tod\u0117l j\u0105 galima pritaikyti prie individuali\u0173 poreiki\u0173 ir interjero erdv\u0117s. \u012emontuota patalyn\u0117s spintel\u0117 suteikia papildomos vietos daiktams susid\u0117ti, tod\u0117l ji ypa\u010d naudinga ma\u017eesniuose kambariuose. Modernus \u201eCremona Torro\u201c \u0105\u017euolo dizainas su juodais akcentais suteikia elegancijos bet kokiam interjerui ir harmoningai dera su \u012fvairiais dekoro stiliais. \u0160is funkcionalus sprendimas tinka tiek jauniems, tiek seniems, vertinantiems komfort\u0105 ir modern\u0173 stili\u0173.<\/p>\n<p>Plotis 167 cm Ilgis 220 cm Auk\u0161tis 106,5 cm Miegamoji erdv\u0117 160 cm x 200 cm Gaminio svoris su pakuote 122,10 kg Gamintojo kodas \/ simbolis FE18\/160S.P. Kolekcijos pavadinimas FERRO Pavadinimas b2b sistemoje FERRO FE18\/160 D CREM TORRO\/CZ LOVA 160 su talpa KPL Produkt\u0173 pakuo\u010di\u0173 skai\u010dius 6 Stilius Moderni \u012franga Surinkimo instrukcijos \/ surinkimo priedai Surinkimas Savaranki\u0161kam surinkimui Spalvos Cremona Torro \u0104\u017euolas \/ juoda Vir\u0161utin\u0117s dalies med\u017eiaga \/ tipas \/ storis 28 mm bald\u0173 lenta \/ 16 mm bald\u0173 lenta \/ lentjuost\u0117s 16 mm MDF bald\u0173 lenta Kair\u0117s ir de\u0161in\u0117s pusi\u0173 med\u017eiaga \/ tipas \/ storis 28 mm bald\u0173 lenta Dugno med\u017eiaga \/ tipas \/ storis 28 mm bald\u0173 lenta Pagrindo med\u017eiaga \/ tipas \/ storis 16 mm bald\u0173 lenta Kojel\u0117 \/ med\u017eiaga \/ spalva Nereguliuojama \/ Bald\u0173 slydiklis \/ plastikas \/ juoda R\u0117mas Standartinis R\u0117mo med\u017eiaga Metalinis r\u0117mas \/ medin\u0117s lentjuost\u0117s R\u0117mo lentjuos\u010di\u0173 skai\u010dius 48 Patalyn\u0117 Standartinis Konteinerio tipas vidin\u0117 lovoje U\u017edar\u0173 ertmi\u0173 skai\u010dius 2<\/p>","protected":false},"excerpt":{"rendered":"<p>\u201eFerro FE18\u201c lova \u2013 puikus pasirinkimas ie\u0161kantiems patogios ir stilingos miegojimo vietos. Lova yra \u012fvairi\u0173 plo\u010di\u0173 (120 cm, 140 cm, 160 cm, 180 cm), j\u0105 galima pritaikyti individualiems poreikiams ir vidaus erdvei. \u012emontuotas patalyn\u0117s skyrius suteikia papildomos vietos daiktams susid\u0117ti, tod\u0117l ji ypa\u010d naudinga ma\u017eesniuose kambariuose. [\u2026]<\/p>","protected":false},"featured_media":254153,"comment_status":"open","ping_status":"open","template":"","meta":[],"product_brand":[],"product_cat":[505,2457],"product_tag":[],"class_list":{"0":"post-254152","1":"product","2":"type-product","3":"status-publish","4":"has-post-thumbnail","6":"product_cat-bedroom-beds","7":"product_cat-liveo","9":"first","10":"instock","11":"purchasable","12":"product-type-simple"},"_links":{"self":[{"href":"https:\/\/baldumarket.lt\/lt\/wp-json\/wp\/v2\/product\/254152","targetHints":{"allow":["GET"]}}],"collection":[{"href":"https:\/\/baldumarket.lt\/lt\/wp-json\/wp\/v2\/product"}],"about":[{"href":"https:\/\/baldumarket.lt\/lt\/wp-json\/wp\/v2\/types\/product"}],"replies":[{"embeddable":true,"href":"https:\/\/baldumarket.lt\/lt\/wp-json\/wp\/v2\/comments?post=254152"}],"wp:featuredmedia":[{"embeddable":true,"href":"https:\/\/baldumarket.lt\/lt\/wp-json\/wp\/v2\/media\/254153"}],"wp:attachment":[{"href":"https:\/\/baldumarket.lt\/lt\/wp-json\/wp\/v2\/media?parent=254152"}],"wp:term":[{"taxonomy":"product_brand","embeddable":true,"href":"https:\/\/baldumarket.lt\/lt\/wp-json\/wp\/v2\/product_brand?post=254152"},{"taxonomy":"product_cat","embeddable":true,"href":"https:\/\/baldumarket.lt\/lt\/wp-json\/wp\/v2\/product_cat?post=254152"},{"taxonomy":"product_tag","embeddable":true,"href":"https:\/\/baldumarket.lt\/lt\/wp-json\/wp\/v2\/product_tag?post=254152"}],"curies":[{"name":"wp","href":"https:\/\/api.w.org\/{rel}","templated":true}]}}