{"id":254132,"date":"2026-01-10T22:22:17","date_gmt":"2026-01-10T19:22:17","guid":{"rendered":"https:\/\/baldumarket.lt\/product\/ferro-fe17-biurko\/"},"modified":"2026-02-11T18:31:14","modified_gmt":"2026-02-11T15:31:14","slug":"ferro-fe17-biurko","status":"publish","type":"product","link":"https:\/\/baldumarket.lt\/lt\/product\/ferro-fe17-biurko\/","title":{"rendered":"FERRO FE17 STALAS"},"content":{"rendered":"<p>\u201eFerro FE17\u201c ra\u0161omasis stalas \u201eCremona Torro Oak\u201c spalvos \u2013 tai modernus ir eleganti\u0161kas pasirinkimas biurui ar jaunimo kambariui. Jo dizainas derina funkcionalum\u0105 ir estetik\u0105, suteikdamas erdv\u0173 darbin\u012f pavir\u0161i\u0173. Apdailintas \u201eCremona Torro Oak\u201c spalva, stalas atrodo \u0161iltai ir nat\u016braliai d\u0117l subtili\u0173 medienos ra\u0161t\u0173, suteikian\u010di\u0173 jam unikal\u0173 charakter\u012f. \u0160is stalas puikiai dera prie \u012fvairi\u0173 interjero dizain\u0173 \u2013 nuo klasikinio iki modernesnio stiliaus, ir yra tobulas baldas, derinantis elegancij\u0105 ir prakti\u0161kum\u0105. Puikiai tinka nam\u0173 biurui ar studento kambariui.<\/p>\n<p>Plotis 126 cm Gylis 60 cm Auk\u0161tis 76,5 cm Produkto svoris su pakuote 37,35 kg Gamintojo kodas \/ simbolis FE17 Kolekcijos pavadinimas FERRO Pavadinimas b2b sistemoje FERRO FE17 KREMINIS \u0104\u017dUOLAS TORRO\/CZ STALAS KPL Produkto pakuo\u010di\u0173 skai\u010dius 2 Stilius Modernus \u012eranga Surinkimo instrukcijos \/ surinkimo priedai Surinkimas Savaranki\u0161kam surinkimui Korpuso spalva Cremona Torro \u0105\u017euolas \/ Juoda Korpuso med\u017eiaga \/ tipas \/ storis 16 mm bald\u0173 plok\u0161t\u0117 \/ lentjuost\u0117s 16 mm MDF bald\u0173 plok\u0161t\u0117 Korpuso vir\u0161utin\u0117 dalis \/ tipas \/ storis 16 mm bald\u0173 plok\u0161t\u0117 Korpuso apatin\u0117 dalis \/ tipas \/ storis 16 mm bald\u0173 plok\u0161t\u0117 Korpuso pagrindo dalis \/ tipas \/ storis 16 mm bald\u0173 plok\u0161t\u0117 Lentynos spalva Cremona Torro \u0105\u017euolas Lentynos med\u017eiaga \/ tipas \/ storis 16 mm bald\u0173 plok\u0161t\u0117 Lentyn\u0173 kiekis 1 Galin\u0117s sienel\u0117s med\u017eiaga \/ tipas \/ storis 2,5 mm HDF bald\u0173 plok\u0161t\u0117 Galin\u0117s sienel\u0117s matomos dalies spalva Artisan \u0105\u017euolas Priekin\u0117 spalva Cremona Torro \u0105\u017euolas \/ Juoda Priekin\u0117 med\u017eiaga \/ tipas \/ storis 16 mm bald\u0173 plok\u0161t\u0117 Priekinis vyris \u2300 35 mm Reguliuojamas trijose plok\u0161tumose Priekin\u0117 rankena \/ apdaila \/ spalva Aliuminis \/ juoda \u0160velnaus u\u017edarymo dureli\u0173 sistema Standartin\u0117 Pilno i\u0161traukimo stal\u010di\u0173 b\u0117geliai Kojel\u0117 \/ apdaila \/ spalva Nereguliuojama \/ Bald\u0173 b\u0117gelis \/ plastikas \/ juoda Dureli\u0173 skai\u010dius 1 Stal\u010di\u0173 skai\u010dius 1 U\u017edar\u0173 ni\u0161\u0173 skai\u010dius 2<\/p>","protected":false},"excerpt":{"rendered":"<p>\u201eFerro FE17\u201c ra\u0161omasis stalas i\u0161 \u201eCremona Torro Oak\u201c medienos yra modernus ir eleganti\u0161kas pasirinkimas biurui ar jaunimo kambariui. Jo dizainas derina funkcionalum\u0105 ir estetik\u0105, suteikdamas erdv\u0173 darbo pavir\u0161i\u0173. Apdailintas \u201eCremona Torro Oak\u201c mediena, stalas atrodo \u0161iltai ir nat\u016braliai d\u0117l subtili\u0173 medienos ra\u0161t\u0173, kurie suteikia jam unikal\u0173 [\u2026]<\/p>","protected":false},"featured_media":254124,"comment_status":"open","ping_status":"open","template":"","meta":[],"product_brand":[],"product_cat":[1312,2457],"product_tag":[],"class_list":{"0":"post-254132","1":"product","2":"type-product","3":"status-publish","4":"has-post-thumbnail","6":"product_cat-desks","7":"product_cat-liveo","9":"first","10":"instock","11":"purchasable","12":"product-type-simple"},"_links":{"self":[{"href":"https:\/\/baldumarket.lt\/lt\/wp-json\/wp\/v2\/product\/254132","targetHints":{"allow":["GET"]}}],"collection":[{"href":"https:\/\/baldumarket.lt\/lt\/wp-json\/wp\/v2\/product"}],"about":[{"href":"https:\/\/baldumarket.lt\/lt\/wp-json\/wp\/v2\/types\/product"}],"replies":[{"embeddable":true,"href":"https:\/\/baldumarket.lt\/lt\/wp-json\/wp\/v2\/comments?post=254132"}],"wp:featuredmedia":[{"embeddable":true,"href":"https:\/\/baldumarket.lt\/lt\/wp-json\/wp\/v2\/media\/254124"}],"wp:attachment":[{"href":"https:\/\/baldumarket.lt\/lt\/wp-json\/wp\/v2\/media?parent=254132"}],"wp:term":[{"taxonomy":"product_brand","embeddable":true,"href":"https:\/\/baldumarket.lt\/lt\/wp-json\/wp\/v2\/product_brand?post=254132"},{"taxonomy":"product_cat","embeddable":true,"href":"https:\/\/baldumarket.lt\/lt\/wp-json\/wp\/v2\/product_cat?post=254132"},{"taxonomy":"product_tag","embeddable":true,"href":"https:\/\/baldumarket.lt\/lt\/wp-json\/wp\/v2\/product_tag?post=254132"}],"curies":[{"name":"wp","href":"https:\/\/api.w.org\/{rel}","templated":true}]}}