{"id":254129,"date":"2026-01-10T22:22:13","date_gmt":"2026-01-10T19:22:13","guid":{"rendered":"https:\/\/baldumarket.lt\/product\/ferro-fe16-polka-wiszaca-uniwersalna-lewostronna-prawostronna\/"},"modified":"2026-02-11T18:31:14","modified_gmt":"2026-02-11T15:31:14","slug":"ferro-fe16-polka-wiszaca-uniwersalna-lewostronna-prawostronna","status":"publish","type":"product","link":"https:\/\/baldumarket.lt\/lt\/product\/ferro-fe16-polka-wiszaca-uniwersalna-lewostronna-prawostronna\/","title":{"rendered":"FERRO FE16 UNIVERSALI PAKABINAMA LENTYNA KAIR\u0116\/DE\u0160IN\u0116"},"content":{"rendered":"<p>Stilinga pakabinama lentyna FE16 su grotel\u0117mis yra eleganti\u0161kas ir funkcionalus bet kokio interjero papildymas. Jos modernus dizainas, pary\u0161kintas vertikaliomis grotel\u0117mis, suteikia kambariui unikal\u0173, dekoratyv\u0173 charakter\u012f. Ji puikiai tinka knygoms, dekoracijoms ar suvenyrams eksponuoti. Lentyna papildo likusi\u0105 FERRO kolekcijos dal\u012f, suteikdama harmoning\u0105 estetik\u0105 bet kokiam interjerui. Tvirta konstrukcija ir auk\u0161tos kokyb\u0117s med\u017eiagos u\u017etikrina patvarum\u0105 ir komfort\u0105. Puikiai tinka svetain\u0117ms, miegamiesiems, biurams ar koridoriams, ji pary\u0161kina bet kokio interjero modern\u0173 stili\u0173.<\/p>\n<p>Plotis 126 cm Gylis 24 cm Auk\u0161tis 53,5 cm Produkto svoris su pakuote 9,90 kg Gamintojo kodas \/ simbolis FE16 Kolekcijos pavadinimas FERRO Pavadinimas b2b sistemoje FERRO FE16 KREMINIS \u0104\u017dUOLAS TORRO\/CZ LENTYNA K\/P KOMPLEKTAS Produkto pakuo\u010di\u0173 skai\u010dius 1 Stilius Modernus \u012eranga Surinkimo instrukcijos \/ surinkimo priedai Surinkimas Savaranki\u0161kam surinkimui Spalvos Kremonos \u0105\u017euolas Torro \/ Juoda Korpuso med\u017eiaga \/ tipas \/ storis 16 mm baldin\u0117 plok\u0161t\u0117 Korpuso vir\u0161utin\u0117s dalies med\u017eiaga \/ tipas \/ storis 16 mm baldin\u0117 plok\u0161t\u0117 Lentynos priekin\u0117s dalies med\u017eiaga \/ tipas \/ storis 16 mm baldin\u0117 plok\u0161t\u0117 \/ lentjuost\u0117s 16 mm MDF baldin\u0117 plok\u0161t\u0117 Lentynos priekin\u0117 dalis universali kairiarankiams \/ de\u0161iniarankiams TAIP Korpuso \u012franga Reguliuojami bald\u0173 pakabos<\/p>","protected":false},"excerpt":{"rendered":"<p>Stilinga pakabinama lentyna FE16 su grotel\u0117mis yra eleganti\u0161kas ir funkcionalus bet kokio interjero papildymas. Jos modernus dizainas, pary\u0161kintas vertikaliomis grotel\u0117mis, suteikia kambariui unikal\u0173, dekoratyv\u0173 charakter\u012f. Ji puikiai tinka knygoms, dekoracijoms ar suvenyrams eksponuoti. Lentyna papildo likusi\u0105 FERRO kolekcijos dal\u012f, suteikdama bet kokiam interjerui harmoning\u0105 estetik\u0105. Jos [\u2026]<\/p>","protected":false},"featured_media":254123,"comment_status":"open","ping_status":"open","template":"","meta":[],"product_brand":[],"product_cat":[1174,2457],"product_tag":[],"class_list":{"0":"post-254129","1":"product","2":"type-product","3":"status-publish","4":"has-post-thumbnail","6":"product_cat-hanging-shelves","7":"product_cat-liveo","9":"first","10":"instock","11":"purchasable","12":"product-type-simple"},"_links":{"self":[{"href":"https:\/\/baldumarket.lt\/lt\/wp-json\/wp\/v2\/product\/254129","targetHints":{"allow":["GET"]}}],"collection":[{"href":"https:\/\/baldumarket.lt\/lt\/wp-json\/wp\/v2\/product"}],"about":[{"href":"https:\/\/baldumarket.lt\/lt\/wp-json\/wp\/v2\/types\/product"}],"replies":[{"embeddable":true,"href":"https:\/\/baldumarket.lt\/lt\/wp-json\/wp\/v2\/comments?post=254129"}],"wp:featuredmedia":[{"embeddable":true,"href":"https:\/\/baldumarket.lt\/lt\/wp-json\/wp\/v2\/media\/254123"}],"wp:attachment":[{"href":"https:\/\/baldumarket.lt\/lt\/wp-json\/wp\/v2\/media?parent=254129"}],"wp:term":[{"taxonomy":"product_brand","embeddable":true,"href":"https:\/\/baldumarket.lt\/lt\/wp-json\/wp\/v2\/product_brand?post=254129"},{"taxonomy":"product_cat","embeddable":true,"href":"https:\/\/baldumarket.lt\/lt\/wp-json\/wp\/v2\/product_cat?post=254129"},{"taxonomy":"product_tag","embeddable":true,"href":"https:\/\/baldumarket.lt\/lt\/wp-json\/wp\/v2\/product_tag?post=254129"}],"curies":[{"name":"wp","href":"https:\/\/api.w.org\/{rel}","templated":true}]}}