{"id":254125,"date":"2026-01-10T22:22:10","date_gmt":"2026-01-10T19:22:10","guid":{"rendered":"https:\/\/baldumarket.lt\/product\/ferro-fe15-polka-wiszaca\/"},"modified":"2026-02-11T18:31:15","modified_gmt":"2026-02-11T15:31:15","slug":"ferro-fe15-polka-wiszaca","status":"publish","type":"product","link":"https:\/\/baldumarket.lt\/lt\/product\/ferro-fe15-polka-wiszaca\/","title":{"rendered":"FERRO FE15 PAKABINAME LENTYNA"},"content":{"rendered":"<p>Pakabinama lentyna \u201eFerro FR15\u201c \u2013 stilingas ir funkcionalus baldas, puikiai papildantis \u201eFerro\u201c bald\u0173 kolekcij\u0105, suteikiantis interjerui modern\u0173 ir prakti\u0161k\u0105 charakter\u012f. Sukurta vartotojams, vertinantiems estetik\u0105 ir komfort\u0105, lentyna yra ideali vieta laikyti ir eksponuoti knygas, dekoracijas ir kitus daiktus. Minimalistinis dizainas harmoningai dera prie \u012fvairi\u0173 interjero dizain\u0173, suteikdamas kambariui elegancijos ir tvarkingos i\u0161vaizdos. Tai puikus pasirinkimas biurui, darbo vietai ar namams.<\/p>\n<p>Plotis 165 cm Gylis 23,5 cm Auk\u0161tis 22 cm Produkto svoris su pakuote 9,10 kg Gamintojo kodas \/ simbolis FE15 Kolekcijos pavadinimas FERRO Pavadinimas b2b sistemoje FERRO FE15 KREMINIS \u0104\u017dUOLAS TORRO LENTYN\u0172 KOMPLEKTAS Produkto pakuo\u010di\u0173 skai\u010dius 1 Stilius Modernus \u012eranga Surinkimo instrukcijos \/ surinkimo priedai Surinkimas Savaranki\u0161kam surinkimui Spalvos Cremona Torro \u0105\u017euolas Korpuso med\u017eiaga \/ tipas \/ storis 16 mm bald\u0173 plok\u0161t\u0117 Korpuso vir\u0161utin\u0117s dalies med\u017eiaga \/ tipas \/ storis 16 mm bald\u0173 plok\u0161t\u0117 Korpuso \u012franga Reguliuojami bald\u0173 pakabos<\/p>","protected":false},"excerpt":{"rendered":"<p>Pakabinama lentyna \u201eFerro FR15\u201c yra stilingas ir funkcionalus baldas, puikiai papildantis \u201eFerro\u201c bald\u0173 kolekcij\u0105, suteikiantis interjerui modern\u0173 ir prakti\u0161k\u0105 charakter\u012f. Sukurta vartotojams, vertinantiems estetik\u0105 ir patogum\u0105, lentyna yra ideali vieta laikyti ir eksponuoti knygas, dekoracijas ir kitus daiktus. Minimalistinis dizainas harmoningai dera su [\u2026]<\/p>","protected":false},"featured_media":254126,"comment_status":"open","ping_status":"open","template":"","meta":[],"product_brand":[],"product_cat":[1174,2457],"product_tag":[],"class_list":{"0":"post-254125","1":"product","2":"type-product","3":"status-publish","4":"has-post-thumbnail","6":"product_cat-hanging-shelves","7":"product_cat-liveo","9":"first","10":"instock","11":"purchasable","12":"product-type-simple"},"_links":{"self":[{"href":"https:\/\/baldumarket.lt\/lt\/wp-json\/wp\/v2\/product\/254125","targetHints":{"allow":["GET"]}}],"collection":[{"href":"https:\/\/baldumarket.lt\/lt\/wp-json\/wp\/v2\/product"}],"about":[{"href":"https:\/\/baldumarket.lt\/lt\/wp-json\/wp\/v2\/types\/product"}],"replies":[{"embeddable":true,"href":"https:\/\/baldumarket.lt\/lt\/wp-json\/wp\/v2\/comments?post=254125"}],"wp:featuredmedia":[{"embeddable":true,"href":"https:\/\/baldumarket.lt\/lt\/wp-json\/wp\/v2\/media\/254126"}],"wp:attachment":[{"href":"https:\/\/baldumarket.lt\/lt\/wp-json\/wp\/v2\/media?parent=254125"}],"wp:term":[{"taxonomy":"product_brand","embeddable":true,"href":"https:\/\/baldumarket.lt\/lt\/wp-json\/wp\/v2\/product_brand?post=254125"},{"taxonomy":"product_cat","embeddable":true,"href":"https:\/\/baldumarket.lt\/lt\/wp-json\/wp\/v2\/product_cat?post=254125"},{"taxonomy":"product_tag","embeddable":true,"href":"https:\/\/baldumarket.lt\/lt\/wp-json\/wp\/v2\/product_tag?post=254125"}],"curies":[{"name":"wp","href":"https:\/\/api.w.org\/{rel}","templated":true}]}}