{"id":254114,"date":"2026-01-10T22:22:03","date_gmt":"2026-01-10T19:22:03","guid":{"rendered":"https:\/\/baldumarket.lt\/product\/ferro-fe13-szafa-narozna\/"},"modified":"2026-02-11T18:31:15","modified_gmt":"2026-02-11T15:31:15","slug":"ferro-fe13-szafa-narozna","status":"publish","type":"product","link":"https:\/\/baldumarket.lt\/lt\/product\/ferro-fe13-szafa-narozna\/","title":{"rendered":"FERRO FE13 KAMPIN\u0116 DRABU\u017dIN\u0116"},"content":{"rendered":"<p>Kampin\u0117 spinta \u2013 puikus sprendimas norint optimaliai i\u0161naudoti erdv\u0119 kambaryje. Ergonomi\u0161ka jos forma puikiai telpa \u012f kamp\u0105 ir suteikia daug vietos daiktams susid\u0117ti. Erdvios lentynos ir pakaba leid\u017eia lengvai susid\u0117ti drabu\u017eius ir aksesuarus. Tvirta konstrukcija u\u017etikrina ilgaam\u017ei\u0161kum\u0105, o auk\u0161tos kokyb\u0117s med\u017eiagos \u2013 eleganti\u0161k\u0105 i\u0161vaizd\u0105. D\u0117l savo funkcionalumo \u0161i spinta puikiai tiks miegamajame, persirengimo kambaryje ar koridoriuje, esteti\u0161kai ir efektyviai i\u0161naudodama turim\u0105 erdv\u0119.<\/p>\n<p>Plotis 100 cm Gylis 100 cm Auk\u0161tis 204,5 cm Produkto svoris su pakuote 114,25 kg Gamintojo kodas \/ simbolis FE13 Kolekcijos pavadinimas FERRO Pavadinimas b2b sistemoje FERRO FE13 KREMINIS \u0104\u017dUOLAS TORRO\/CZ KAMPIN\u0116 SPINTEL\u0116 KOMPLEKTAS Produkt\u0173 pakuo\u010di\u0173 skai\u010dius 4 Stilius Modernus \u012eranga Surinkimo instrukcijos \/ surinkimo priedai Surinkimas Savaranki\u0161kam surinkimui Korpuso spalva Cremona Torro \u0105\u017euolas \/ Juoda Korpuso med\u017eiaga \/ tipas \/ storis 16 mm baldin\u0117 lenta \/ lentjuost\u0117s 16 mm MDF baldin\u0117 lenta Korpuso vir\u0161utin\u0117 dalis \/ tipas \/ storis 16 mm baldin\u0117 lenta Korpuso apa\u010dia \/ tipas \/ storis 16 mm baldin\u0117 lenta Korpuso pagrindo dalis \/ tipas \/ storis 16 mm baldin\u0117 lenta Lentynos spalva Cremona Torro \u0105\u017euolas Lentynos med\u017eiaga \/ tipas \/ storis 16 mm baldin\u0117 lenta Lentyn\u0173 kiekis 3 Siena Galin\u0117s apdailos med\u017eiaga \/ tipas \/ storis 2,5 mm HDF baldin\u0117 lenta Galin\u0117s sienos matomos dalies spalva Artisan \u0105\u017euolas Priekin\u0117 spalva Cremona Torro \u0105\u017euolas \/ Juoda Priekin\u0117s apdailos med\u017eiaga \/ tipas \/ storis 16 mm baldin\u0117 lenta Priekinis vyris \u2300 35 mm reguliuojamas trijose plok\u0161tumose Priekin\u0117 rankena \/ apdaila \/ spalva Aliuminis \/ juoda Dur\u0173 atidarymo spyruokliniu b\u016bdu sistema 2 dur\u0173 priekiai Kojel\u0117 \/ apdaila \/ spalva Be reguliavimo \/ Bald\u0173 b\u0117geliai \/ plastikas \/ juoda Dur\u0173 skai\u010dius 4 U\u017edar\u0173 ni\u0161\u0173 skai\u010dius 7 Korpuso \u012franga Standartin\u0117 1 pakabinimo karnizas<\/p>","protected":false},"excerpt":{"rendered":"<p>Kampin\u0117 spinta yra puikus sprendimas optimaliam erdv\u0117s i\u0161naudojimui kambaryje. Ergonomi\u0161ka jos forma puikiai telpa \u012f kamp\u0105 ir suteikia daug vietos daiktams susid\u0117ti. Ji turi erdvias lentynas ir pakab\u0105, leid\u017eian\u010di\u0105 lengvai sutvarkyti drabu\u017eius ir aksesuarus. Tvirta konstrukcija u\u017etikrina ilgaam\u017ei\u0161kum\u0105, o auk\u0161tos kokyb\u0117s med\u017eiagos \u2013 eleganti\u0161k\u0105 [\u2026]<\/p>","protected":false},"featured_media":254107,"comment_status":"open","ping_status":"open","template":"","meta":[],"product_brand":[],"product_cat":[2457,1177],"product_tag":[],"class_list":{"0":"post-254114","1":"product","2":"type-product","3":"status-publish","4":"has-post-thumbnail","6":"product_cat-liveo","7":"product_cat-wardrobes","9":"first","10":"instock","11":"purchasable","12":"product-type-simple"},"_links":{"self":[{"href":"https:\/\/baldumarket.lt\/lt\/wp-json\/wp\/v2\/product\/254114","targetHints":{"allow":["GET"]}}],"collection":[{"href":"https:\/\/baldumarket.lt\/lt\/wp-json\/wp\/v2\/product"}],"about":[{"href":"https:\/\/baldumarket.lt\/lt\/wp-json\/wp\/v2\/types\/product"}],"replies":[{"embeddable":true,"href":"https:\/\/baldumarket.lt\/lt\/wp-json\/wp\/v2\/comments?post=254114"}],"wp:featuredmedia":[{"embeddable":true,"href":"https:\/\/baldumarket.lt\/lt\/wp-json\/wp\/v2\/media\/254107"}],"wp:attachment":[{"href":"https:\/\/baldumarket.lt\/lt\/wp-json\/wp\/v2\/media?parent=254114"}],"wp:term":[{"taxonomy":"product_brand","embeddable":true,"href":"https:\/\/baldumarket.lt\/lt\/wp-json\/wp\/v2\/product_brand?post=254114"},{"taxonomy":"product_cat","embeddable":true,"href":"https:\/\/baldumarket.lt\/lt\/wp-json\/wp\/v2\/product_cat?post=254114"},{"taxonomy":"product_tag","embeddable":true,"href":"https:\/\/baldumarket.lt\/lt\/wp-json\/wp\/v2\/product_tag?post=254114"}],"curies":[{"name":"wp","href":"https:\/\/api.w.org\/{rel}","templated":true}]}}