{"id":254108,"date":"2026-01-10T22:21:59","date_gmt":"2026-01-10T19:21:59","guid":{"rendered":"https:\/\/baldumarket.lt\/product\/ferro-fe11-szafa-z-lustrem\/"},"modified":"2026-02-11T18:31:16","modified_gmt":"2026-02-11T15:31:16","slug":"ferro-fe11-szafa-z-lustrem","status":"publish","type":"product","link":"https:\/\/baldumarket.lt\/lt\/product\/ferro-fe11-szafa-z-lustrem\/","title":{"rendered":"FERRO FE11 spinta su veidrod\u017eiu"},"content":{"rendered":"<p>Rytinis pasiruo\u0161imas taps malonumu su \u201eFerro FE11\u201c spinta. Keturi\u0173 dureli\u0173 priekyje slepiasi daugyb\u0117 lentyn\u0173 ir b\u0117geli\u0173, kurie pad\u0117s sutvarkyti j\u016bs\u0173 garderob\u0105. Veidrodis spintos priekyje bus j\u016bs\u0173 kasdienis palydovas, kai pasirinksite tinkam\u0105 stili\u0173. Neutralus \u201eCremona Torro\u201c \u0105\u017euolo atspalvis ir juodi akcentai skland\u017eiai dera tiek su \u0161viesiu, tiek su tamsiu interjeru, suteikdami jums visi\u0161k\u0105 laisv\u0119 \u012frengti miegam\u0105j\u012f.<\/p>\n<p>Plotis 182 cm Gylis 54 cm Auk\u0161tis 204,5 cm Produkto svoris su pakuote 156,25 kg Gamintojo kodas \/ simbolis FE11 Kolekcijos pavadinimas FERRO Pavadinimas b2b sistemoje FERRO FE11 KREMINIS \u0104\u017dUOLAS TORRO SPINTEL\u0116 4D KOMPLEKTAS Produkto pakuo\u010di\u0173 skai\u010dius 5 Stilius Modernus \u012eranga Surinkimo instrukcijos \/ surinkimo priedai Surinkimas Savaranki\u0161kam surinkimui Korpuso spalva Cremona Torro \u0105\u017euolas \/ Juoda Korpuso med\u017eiaga \/ tipas \/ storis 16 mm baldin\u0117 plok\u0161t\u0117 Korpuso vir\u0161utin\u0117 dalis \/ tipas \/ storis 16 mm baldin\u0117 plok\u0161t\u0117 Korpuso apa\u010dia \/ tipas \/ storis 16 mm baldin\u0117 plok\u0161t\u0117 Korpuso pagrindo dalis \/ tipas \/ storis 16 mm baldin\u0117 plok\u0161t\u0117 Lentynos spalva Cremona Torro \u0105\u017euolas Lentynos med\u017eiaga \/ tipas \/ storis 16 mm baldin\u0117 plok\u0161t\u0117 Lentyn\u0173 kiekis 4 Galin\u0117s sienel\u0117s med\u017eiaga \/ tipas \/ storis 2,5 mm HDF baldin\u0117 plok\u0161t\u0117 Galin\u0117s sienel\u0117s matomos dalies spalva Artisan \u0105\u017euolas Priekin\u0117 spalva Cremona Torro \u0105\u017euolas \/ Juoda Priekin\u0117 med\u017eiaga \/ tipas \/ storis 16 mm baldin\u0117 plok\u0161t\u0117 \/ lentjuost\u0117s 16 mm MDF baldin\u0117 plok\u0161t\u0117 Priekin\u0117 dalis su veidrod\u017eiu TAIP Priekin\u0117 dalis su veidrod\u017eiu kiekis 2 Priekinis vyris \u2300 35 mm, reguliuojamas trijose plok\u0161tumose Priekin\u0117 rankena \/ apdaila \/ spalva Aliuminis \/ juoda Dur\u0173 atidarymo sistema Atidaroma spaud\u017eiant 2 dur\u0173 priekiai \u0160velnaus u\u017edarymo sistema Standarti\u0161kai Pilno i\u0161traukimo stal\u010di\u0173 b\u0117geliai Papildoma koja \/ apdaila \/ spalva Reguliuojama vidurin\u0117 koja \/ plastikas \/ juoda Kojel\u0117 \/ apdaila \/ spalva Nereguliuojama \/ Bald\u0173 b\u0117geliai \/ plastikas \/ juoda Dur\u0173 skai\u010dius 8 Stal\u010di\u0173 skai\u010dius 4 U\u017edar\u0173 ni\u0161\u0173 skai\u010dius 10 Korpuso \u012franga Standarti\u0161kai 2 pakabos<\/p>","protected":false},"excerpt":{"rendered":"<p>Rytinis pasiruo\u0161imas taps malonumu su \u201eFerro FE11\u201c spinta. Keturi\u0173 dureli\u0173 priekyje slepiasi daugyb\u0117 lentyn\u0173 ir b\u0117geli\u0173, kurie pad\u0117s sutvarkyti j\u016bs\u0173 garderob\u0105. Veidrodis spintos priekyje bus j\u016bs\u0173 kasdienis palydovas, kai pasirinksite tinkam\u0105 stili\u0173. Neutralus \u201eCremona Torro\u201c \u0105\u017euolo atspalvis ir juodi akcentai dera tarpusavyje [\u2026]<\/p>","protected":false},"featured_media":254054,"comment_status":"open","ping_status":"open","template":"","meta":[],"product_brand":[],"product_cat":[2457,1177],"product_tag":[],"class_list":{"0":"post-254108","1":"product","2":"type-product","3":"status-publish","4":"has-post-thumbnail","6":"product_cat-liveo","7":"product_cat-wardrobes","9":"first","10":"instock","11":"purchasable","12":"product-type-simple"},"_links":{"self":[{"href":"https:\/\/baldumarket.lt\/lt\/wp-json\/wp\/v2\/product\/254108","targetHints":{"allow":["GET"]}}],"collection":[{"href":"https:\/\/baldumarket.lt\/lt\/wp-json\/wp\/v2\/product"}],"about":[{"href":"https:\/\/baldumarket.lt\/lt\/wp-json\/wp\/v2\/types\/product"}],"replies":[{"embeddable":true,"href":"https:\/\/baldumarket.lt\/lt\/wp-json\/wp\/v2\/comments?post=254108"}],"wp:featuredmedia":[{"embeddable":true,"href":"https:\/\/baldumarket.lt\/lt\/wp-json\/wp\/v2\/media\/254054"}],"wp:attachment":[{"href":"https:\/\/baldumarket.lt\/lt\/wp-json\/wp\/v2\/media?parent=254108"}],"wp:term":[{"taxonomy":"product_brand","embeddable":true,"href":"https:\/\/baldumarket.lt\/lt\/wp-json\/wp\/v2\/product_brand?post=254108"},{"taxonomy":"product_cat","embeddable":true,"href":"https:\/\/baldumarket.lt\/lt\/wp-json\/wp\/v2\/product_cat?post=254108"},{"taxonomy":"product_tag","embeddable":true,"href":"https:\/\/baldumarket.lt\/lt\/wp-json\/wp\/v2\/product_tag?post=254108"}],"curies":[{"name":"wp","href":"https:\/\/api.w.org\/{rel}","templated":true}]}}