{"id":254100,"date":"2026-01-10T22:21:55","date_gmt":"2026-01-10T19:21:55","guid":{"rendered":"https:\/\/baldumarket.lt\/product\/ferro-fe09-szafa-z-lustrem\/"},"modified":"2026-02-11T18:31:16","modified_gmt":"2026-02-11T15:31:16","slug":"ferro-fe09-szafa-z-lustrem","status":"publish","type":"product","link":"https:\/\/baldumarket.lt\/lt\/product\/ferro-fe09-szafa-z-lustrem\/","title":{"rendered":"FERRO FE09 Drabu\u017ei\u0173 spinta su veidrod\u017eiu"},"content":{"rendered":"<p>Didesn\u0117 FERRO kolekcijos spintos versija si\u016blo daug vietos drabu\u017eiams ir aksesuarams susid\u0117ti. Ji turi erdvias lentynas ir plat\u0173 pakab\u0105 daiktams, tod\u0117l idealiai tinka tiek miegamiesiems, tiek drabu\u017ein\u0117ms. D\u0117l modernaus, minimalistinio dizaino ji tinka \u012fvairiems interjero dizainams. Pagaminta i\u0161 auk\u0161tos kokyb\u0117s med\u017eiag\u0173, ji atlaiko kasdien\u012f naudojim\u0105 ir u\u017etikrina maksimal\u0173 funkcionalum\u0105. Papildomas \u0161ios spintos privalumas \u2013 eleganti\u0161kas, didelis veidrodis priekyje, kuris ne tik vizualiai padidina erdv\u0119, bet ir suteikia interjerui modernumo bei prakti\u0161kumo.<\/p>\n<p>Plotis 165 cm Gylis 54 cm Auk\u0161tis 204,5 cm Produkto svoris su pakuote 137,60 kg Gamintojo kodas \/ simbolis FE09 Kolekcijos pavadinimas FERRO Pavadinimas b2b sistemoje FERRO FE09 KREMINIS \u0104\u017dUOLAS TORRO\/CZ 3D SPINTEL\u0116 KPL Produkto pakuo\u010di\u0173 skai\u010dius 4 Stilius Modernus \u012eranga Surinkimo instrukcijos \/ surinkimo priedai Surinkimas Savaranki\u0161kam surinkimui Korpuso spalva Cremona Torro \u0105\u017euolas \/ Juoda Korpuso med\u017eiaga \/ tipas \/ storis 16 mm baldin\u0117 plok\u0161t\u0117 Korpuso vir\u0161utin\u0117 dalis \/ tipas \/ storis 16 mm baldin\u0117 plok\u0161t\u0117 Korpuso apa\u010dia \/ tipas \/ storis 16 mm baldin\u0117 plok\u0161t\u0117 Korpuso pagrindo dalis \/ tipas \/ storis 16 mm baldin\u0117 plok\u0161t\u0117 Lentynos spalva Cremona Torro \u0105\u017euolas Lentynos med\u017eiaga \/ tipas \/ storis 16 mm baldin\u0117 plok\u0161t\u0117 Lentyn\u0173 kiekis 3 Galin\u0117s sienel\u0117s med\u017eiaga \/ tipas \/ storis HDF baldin\u0117 plok\u0161t\u0117 2,5 mm Galin\u0117s sienel\u0117s matomos dalies spalva Artisan \u0105\u017euolas Priekin\u0117 spalva Cremona Torro \u0105\u017euolas \/ Juoda Priekin\u0117 med\u017eiaga \/ tipas \/ storis 16 mm baldin\u0117 plok\u0161t\u0117 \/ lentjuost\u0117s 16 mm MDF baldin\u0117 plok\u0161t\u0117 Priekin\u0117 dalis su veidrod\u017eiu TAIP Priekin\u0117 dalis su veidrod\u017eiu Kiekis: 1 Priekinis vyris \u2300 35 mm, reguliuojamas trijose plok\u0161tumose Priekin\u0117 rankena \/ apdaila \/ spalva Aliuminis \/ juoda Dur\u0173 atidarymo sistema Atidaroma spaud\u017eiant 2 dur\u0173 priekiai \u0160velnaus u\u017edarymo sistema Standarti\u0161kai Pilno i\u0161traukimo stal\u010di\u0173 b\u0117geliai Papildoma koja \/ apdaila \/ spalva Reguliuojama vidurin\u0117 koja \/ plastikas \/ juoda Kojel\u0117 \/ apdaila \/ spalva Nereguliuojama \/ Bald\u0173 b\u0117geliai \/ plastikas \/ juoda Dur\u0173 skai\u010dius: 6 Stal\u010di\u0173 skai\u010dius: 3 U\u017edar\u0173 ni\u0161\u0173 skai\u010dius: 8 Korpuso \u012franga Standarti\u0161kai 2 pakabos<\/p>","protected":false},"excerpt":{"rendered":"<p>Didesn\u0117 FERRO kolekcijos spintos versija si\u016blo daug vietos drabu\u017eiams ir aksesuarams laikyti. Ji turi erdvias lentynas ir plat\u0173 pakab\u0105, tod\u0117l puikiai tinka tiek miegamiesiems, tiek drabu\u017ein\u0117ms. D\u0117l modernaus, minimalistinio dizaino ji tinka \u012fvairiems interjero dizainams. Pagaminta i\u0161 auk\u0161tos kokyb\u0117s med\u017eiag\u0173, ji [\u2026]<\/p>","protected":false},"featured_media":254101,"comment_status":"open","ping_status":"open","template":"","meta":[],"product_brand":[],"product_cat":[2457,1177],"product_tag":[],"class_list":{"0":"post-254100","1":"product","2":"type-product","3":"status-publish","4":"has-post-thumbnail","6":"product_cat-liveo","7":"product_cat-wardrobes","9":"first","10":"instock","11":"purchasable","12":"product-type-simple"},"_links":{"self":[{"href":"https:\/\/baldumarket.lt\/lt\/wp-json\/wp\/v2\/product\/254100","targetHints":{"allow":["GET"]}}],"collection":[{"href":"https:\/\/baldumarket.lt\/lt\/wp-json\/wp\/v2\/product"}],"about":[{"href":"https:\/\/baldumarket.lt\/lt\/wp-json\/wp\/v2\/types\/product"}],"replies":[{"embeddable":true,"href":"https:\/\/baldumarket.lt\/lt\/wp-json\/wp\/v2\/comments?post=254100"}],"wp:featuredmedia":[{"embeddable":true,"href":"https:\/\/baldumarket.lt\/lt\/wp-json\/wp\/v2\/media\/254101"}],"wp:attachment":[{"href":"https:\/\/baldumarket.lt\/lt\/wp-json\/wp\/v2\/media?parent=254100"}],"wp:term":[{"taxonomy":"product_brand","embeddable":true,"href":"https:\/\/baldumarket.lt\/lt\/wp-json\/wp\/v2\/product_brand?post=254100"},{"taxonomy":"product_cat","embeddable":true,"href":"https:\/\/baldumarket.lt\/lt\/wp-json\/wp\/v2\/product_cat?post=254100"},{"taxonomy":"product_tag","embeddable":true,"href":"https:\/\/baldumarket.lt\/lt\/wp-json\/wp\/v2\/product_tag?post=254100"}],"curies":[{"name":"wp","href":"https:\/\/api.w.org\/{rel}","templated":true}]}}