{"id":254094,"date":"2026-01-10T22:21:51","date_gmt":"2026-01-10T19:21:51","guid":{"rendered":"https:\/\/baldumarket.lt\/product\/ferro-fe08-szafa\/"},"modified":"2026-02-11T18:31:16","modified_gmt":"2026-02-11T15:31:16","slug":"ferro-fe08-szafa","status":"publish","type":"product","link":"https:\/\/baldumarket.lt\/lt\/product\/ferro-fe08-szafa\/","title":{"rendered":"FERRO FE08 drabu\u017ei\u0173 spinta"},"content":{"rendered":"<p>Erdvi FE08 spinta su patogiomis lentynomis ir pakaba leid\u017eia optimaliai sutvarkyti spintas. D\u0117l kompakti\u0161ko plo\u010dio ji puikiai tinka net ir ma\u017eesn\u0117ms erdv\u0117ms. Moderni i\u0161vaizda ir eleganti\u0161ka apdaila suteikia bet kokiam interjerui klas\u0117s ir stiliaus. Durys su \u0161velnaus u\u017edarymo mechanizmu u\u017etikrina patog\u0173 naudojim\u0105, o tvirta konstrukcija \u2013 ilgalaik\u012f tarnavim\u0105.<\/p>\n<p>Plotis 93 cm Gylis 54 cm Auk\u0161tis 204,5 cm Produkto svoris su pakuote 82,65 kg Gamintojo kodas \/ simbolis FE08 Kolekcijos pavadinimas FERRO Pavadinimas b2b sistemoje FERRO FE08 KREMINIS \u0104\u017dUOLAS TORRO\/CZ SPINTEL\u0116 2D KOMPLEKTAS Produkto pakuo\u010di\u0173 skai\u010dius 4 Stilius Modernus \u012eranga Surinkimo instrukcijos \/ surinkimo priedai Surinkimas Savaranki\u0161kam surinkimui Korpuso spalva Cremona Torro \u0105\u017euolas \/ Juoda Korpuso med\u017eiaga \/ tipas \/ storis 16 mm baldin\u0117 plok\u0161t\u0117 Korpuso vir\u0161utin\u0117 dalis \/ tipas \/ storis 16 mm baldin\u0117 plok\u0161t\u0117 Korpuso apa\u010dia \/ tipas \/ storis 16 mm baldin\u0117 plok\u0161t\u0117 Korpuso pagrindo dalis \/ tipas \/ storis 16 mm baldin\u0117 plok\u0161t\u0117 Lentynos spalva Cremona Torro \u0105\u017euolas Lentynos med\u017eiaga \/ tipas \/ storis 16 mm baldin\u0117 plok\u0161t\u0117 Lentyn\u0173 kiekis 2 Galin\u0117s sienel\u0117s med\u017eiaga \/ tipas \/ storis 2,5 mm HDF baldin\u0117 plok\u0161t\u0117 Matomos galin\u0117s sienel\u0117s dalies spalva Artisan \u0105\u017euolas Priekin\u0117 spalva Cremona Torro \u0105\u017euolas \/ Juoda Priekin\u0117s apdailos med\u017eiaga \/ tipas \/ storis 16 mm baldin\u0117 plok\u0161t\u0117 \/ lentjuost\u0117s 16 mm MDF baldin\u0117 plok\u0161t\u0117 Priekinis vyris \u2300 35 mm reguliuojamas trijose plok\u0161tumose Priekin\u0117 rankena \/ apdaila \/ spalva Aliuminis \/ juoda Dur\u0173 atidarymo sistema Atidaroma spaud\u017eiant 1 priekin\u0117s durys \u0160velnaus u\u017edarymo sistema Standartin\u0117 Pilno i\u0161traukimo stal\u010di\u0173 b\u0117geliai Papildoma koja \/ apdaila \/ spalva Reguliuojama vidurin\u0117 koja \/ plastikas \/ juoda Kojel\u0117 \/ apdaila \/ spalva Nereguliuojama \/ Bald\u0173 b\u0117geliai \/ plastikas \/ juoda Dur\u0173 skai\u010dius 4 Stal\u010di\u0173 skai\u010dius 2 U\u017edar\u0173 ni\u0161\u0173 skai\u010dius 5 Korpuso \u012franga Standartin\u0117 1 pakabinimo karnizas<\/p>","protected":false},"excerpt":{"rendered":"<p>Erdvi FE08 spinta su patogiomis lentynomis ir pakaba leid\u017eia optimaliai sutvarkyti spintas. D\u0117l kompakti\u0161ko plo\u010dio ji puikiai tinka net ma\u017eesn\u0117ms erdv\u0117ms. Moderni i\u0161vaizda ir eleganti\u0161ka apdaila suteikia bet kokiam interjerui klas\u0117s ir stiliaus. Durys su \u0161velnaus u\u017edarymo mechanizmu u\u017etikrina patog\u0173 naudojim\u0105, o tvirta konstrukcija garantuoja [\u2026]<\/p>","protected":false},"featured_media":254046,"comment_status":"open","ping_status":"open","template":"","meta":[],"product_brand":[],"product_cat":[2457,1177],"product_tag":[],"class_list":{"0":"post-254094","1":"product","2":"type-product","3":"status-publish","4":"has-post-thumbnail","6":"product_cat-liveo","7":"product_cat-wardrobes","9":"first","10":"instock","11":"purchasable","12":"product-type-simple"},"_links":{"self":[{"href":"https:\/\/baldumarket.lt\/lt\/wp-json\/wp\/v2\/product\/254094","targetHints":{"allow":["GET"]}}],"collection":[{"href":"https:\/\/baldumarket.lt\/lt\/wp-json\/wp\/v2\/product"}],"about":[{"href":"https:\/\/baldumarket.lt\/lt\/wp-json\/wp\/v2\/types\/product"}],"replies":[{"embeddable":true,"href":"https:\/\/baldumarket.lt\/lt\/wp-json\/wp\/v2\/comments?post=254094"}],"wp:featuredmedia":[{"embeddable":true,"href":"https:\/\/baldumarket.lt\/lt\/wp-json\/wp\/v2\/media\/254046"}],"wp:attachment":[{"href":"https:\/\/baldumarket.lt\/lt\/wp-json\/wp\/v2\/media?parent=254094"}],"wp:term":[{"taxonomy":"product_brand","embeddable":true,"href":"https:\/\/baldumarket.lt\/lt\/wp-json\/wp\/v2\/product_brand?post=254094"},{"taxonomy":"product_cat","embeddable":true,"href":"https:\/\/baldumarket.lt\/lt\/wp-json\/wp\/v2\/product_cat?post=254094"},{"taxonomy":"product_tag","embeddable":true,"href":"https:\/\/baldumarket.lt\/lt\/wp-json\/wp\/v2\/product_tag?post=254094"}],"curies":[{"name":"wp","href":"https:\/\/api.w.org\/{rel}","templated":true}]}}