{"id":254086,"date":"2026-01-10T22:21:47","date_gmt":"2026-01-10T19:21:47","guid":{"rendered":"https:\/\/baldumarket.lt\/product\/ferro-fe07-szafka-l-p\/"},"modified":"2026-02-11T18:31:16","modified_gmt":"2026-02-11T15:31:16","slug":"ferro-fe07-szafka-l-p","status":"publish","type":"product","link":"https:\/\/baldumarket.lt\/lt\/product\/ferro-fe07-szafka-l-p\/","title":{"rendered":"FERRO FE07 SPINTEL\u0116 K\/D"},"content":{"rendered":"<p>Universali FE07 spintel\u0117 gali b\u016bti ir lentyna, ir u\u017edaras daikt\u0173 laikymo blokas. Minimalistinis dizainas puikiai tinka bet kokiam interjerui, o talpa leid\u017eia laikyti knygas, dokumentus ir asmeninius daiktus. Kompakti\u0161ki matmenys leid\u017eia j\u0105 naudoti \u012fvairiose erdv\u0117se \u2013 nuo svetain\u0117s iki biuro ar miegamojo. Tvirta konstrukcija ir auk\u0161tos kokyb\u0117s med\u017eiagos u\u017etikrina patvarum\u0105 ir komfort\u0105.<\/p>\n<p>Plotis 57,5 cm Gylis 39 cm Auk\u0161tis 195 cm Produkto svoris su pakuote 47,00 kg Gamintojo kodas \/ simbolis FE07 Kolekcijos pavadinimas FERRO Pavadinimas b2b sistemoje FERRO FE07 KREMINIO \u0104\u017dUOLO TORRO\/\u010cI\u0160KOS SPALVOS SPINTEL\u0116 K\/D\/D KOMPLEKTAS Produkto pakuo\u010di\u0173 skai\u010dius 3 Stilius Modernus \u012eranga Surinkimo instrukcijos \/ surinkimo priedai Surinkimas Savaranki\u0161kam surinkimui Korpuso spalva Cremona Torro \u0105\u017euolas \/ Juoda Korpuso med\u017eiaga \/ tipas \/ storis 16 mm baldin\u0117 plok\u0161t\u0117 \/ lentjuost\u0117s 16 mm MDF baldin\u0117 plok\u0161t\u0117 Korpuso vir\u0161utin\u0117 dalis \/ med\u017eiaga \/ tipas \/ storis 16 mm baldin\u0117 plok\u0161t\u0117 Korpuso apa\u010dia \/ med\u017eiaga \/ tipas \/ storis 16 mm baldin\u0117 plok\u0161t\u0117 Korpuso pagrindo dalis \/ med\u017eiaga \/ tipas \/ storis 16 mm baldin\u0117 plok\u0161t\u0117 Lentynos spalva Cremona Torro \u0105\u017euolas Lentynos med\u017eiaga \/ tipas \/ storis 16 mm baldin\u0117 plok\u0161t\u0117 Lentyn\u0173 kiekis 3 Siena Nugar\u0117l\u0117s apdailos med\u017eiaga \/ tipas \/ storis 2,5 mm HDF baldin\u0117 plok\u0161t\u0117 Galin\u0117s sienos matomos dalies spalva Artisan \u0105\u017euolas Priekin\u0117 spalva Cremona Torro \u0105\u017euolas \/ Juoda Priekin\u0117s apdailos med\u017eiaga \/ tipas \/ storis 16 mm bald\u0173 lenta Priekinis vyris \u2300 35 mm reguliuojamas trijose plok\u0161tumose Priekinis universalus atidarymas \u012f kair\u0119 \/ \u012f de\u0161in\u0119 TAIP Priekin\u0117 rankena \/ apdaila \/ spalva Aliuminis \/ juoda Dur\u0173 atidarymo stumiant sistema 1 priekin\u0117s durys \u0160velnaus u\u017edarymo sistema Standarti\u0161kai Kojel\u0117 \/ apdaila \/ spalva Nereguliuojama \/ Bald\u0173 b\u0117gelis \/ plastikas \/ juoda Dur\u0173 skai\u010dius 2 U\u017edar\u0173 ni\u0161\u0173 skai\u010dius 5<\/p>","protected":false},"excerpt":{"rendered":"<p>Universali FE07 spintel\u0117 gali b\u016bti ir lentyna, ir u\u017edaras daikt\u0173 laikymo blokas. Minimalistinis dizainas puikiai tinka bet kokiam interjerui, o talpa leid\u017eia laikyti knygas, dokumentus ir asmeninius daiktus. Kompakti\u0161ki matmenys leid\u017eia j\u0105 naudoti \u012fvairiose erdv\u0117se \u2013 nuo svetain\u0117s iki biuro [\u2026]<\/p>","protected":false},"featured_media":254087,"comment_status":"open","ping_status":"open","template":"","meta":[],"product_brand":[],"product_cat":[2457,1177],"product_tag":[],"class_list":{"0":"post-254086","1":"product","2":"type-product","3":"status-publish","4":"has-post-thumbnail","6":"product_cat-liveo","7":"product_cat-wardrobes","9":"first","10":"instock","11":"purchasable","12":"product-type-simple"},"_links":{"self":[{"href":"https:\/\/baldumarket.lt\/lt\/wp-json\/wp\/v2\/product\/254086","targetHints":{"allow":["GET"]}}],"collection":[{"href":"https:\/\/baldumarket.lt\/lt\/wp-json\/wp\/v2\/product"}],"about":[{"href":"https:\/\/baldumarket.lt\/lt\/wp-json\/wp\/v2\/types\/product"}],"replies":[{"embeddable":true,"href":"https:\/\/baldumarket.lt\/lt\/wp-json\/wp\/v2\/comments?post=254086"}],"wp:featuredmedia":[{"embeddable":true,"href":"https:\/\/baldumarket.lt\/lt\/wp-json\/wp\/v2\/media\/254087"}],"wp:attachment":[{"href":"https:\/\/baldumarket.lt\/lt\/wp-json\/wp\/v2\/media?parent=254086"}],"wp:term":[{"taxonomy":"product_brand","embeddable":true,"href":"https:\/\/baldumarket.lt\/lt\/wp-json\/wp\/v2\/product_brand?post=254086"},{"taxonomy":"product_cat","embeddable":true,"href":"https:\/\/baldumarket.lt\/lt\/wp-json\/wp\/v2\/product_cat?post=254086"},{"taxonomy":"product_tag","embeddable":true,"href":"https:\/\/baldumarket.lt\/lt\/wp-json\/wp\/v2\/product_tag?post=254086"}],"curies":[{"name":"wp","href":"https:\/\/api.w.org\/{rel}","templated":true}]}}