{"id":254078,"date":"2026-01-10T22:21:43","date_gmt":"2026-01-10T19:21:43","guid":{"rendered":"https:\/\/baldumarket.lt\/product\/ferro-fe06-regal-l-p\/"},"modified":"2026-02-11T18:31:16","modified_gmt":"2026-02-11T15:31:16","slug":"ferro-fe06-regal-l-p","status":"publish","type":"product","link":"https:\/\/baldumarket.lt\/lt\/product\/ferro-fe06-regal-l-p\/","title":{"rendered":"FERRO FE06 LENTYNA K\/D"},"content":{"rendered":"<p>Auk\u0161ta ir funkcionali FE06 knyg\u0173 lentyna su atviromis lentynomis leid\u017eia esteti\u0161kai eksponuoti knygas, dokumentus ir dekoratyvinius daiktus. D\u0117l gerai apgalvoto lentyn\u0173 i\u0161d\u0117stymo joje yra vietos tiek didesniems daiktams, tiek ma\u017eesniems aksesuarams. Minimalistinis dizainas leid\u017eia j\u0105 pritaikyti \u012fvairiems interjerams \u2013 nuo modernaus iki industrinio. Pagaminta i\u0161 patvari\u0173 med\u017eiag\u0173, ji u\u017etikrina stabilum\u0105 ir atsparum\u0105 kasdieniam naudojimui. J\u0105 galima naudoti kaip biuro baldo element\u0105, taip pat svetain\u0117je ar paauglio kambaryje. D\u0117l savo universalumo knyg\u0173 lentyna tiks \u012fvairiose erdv\u0117se, suteikdama stiliaus ir funkcionalumo.<\/p>\n<p>Plotis 57,5 cm Gylis 39 cm Auk\u0161tis 195 cm Produkto svoris su pakuote 40,85 kg Gamintojo kodas \/ simbolis FE06 Kolekcijos pavadinimas FERRO Pavadinimas b2b sistemoje FERRO FE06 KREMINIS \u0104\u017dUOLAS TORRO\/CZ LENTYN\u0172 KOMPLEKTAS Produkto pakuo\u010di\u0173 skai\u010dius 3 Stilius Modernus \u012eranga Surinkimo instrukcijos \/ surinkimo priedai Surinkimas Savaranki\u0161kam surinkimui Korpuso spalva Cremona Torro \u0105\u017euolas \/ Juoda Korpuso med\u017eiaga \/ tipas \/ storis 16 mm baldin\u0117 plok\u0161t\u0117 \/ lentjuost\u0117s 16 mm MDF baldin\u0117 plok\u0161t\u0117 Korpuso vir\u0161utin\u0117 dalis \/ med\u017eiaga \/ tipas \/ storis 16 mm baldin\u0117 plok\u0161t\u0117 Korpuso apa\u010dia \/ med\u017eiaga \/ tipas \/ storis 16 mm baldin\u0117 plok\u0161t\u0117 Korpuso pagrindo dalis \/ med\u017eiaga \/ tipas \/ storis 16 mm baldin\u0117 plok\u0161t\u0117 Lentynos spalva Cremona Torro \u0105\u017euolas Lentynos med\u017eiaga \/ tipas \/ storis 16 mm baldin\u0117 plok\u0161t\u0117 Lentyn\u0173 kiekis 3 Galin\u0117s sienel\u0117s med\u017eiaga \/ tipas \/ storis 2,5 mm HDF baldin\u0117 plok\u0161t\u0117 Galin\u0117s sienel\u0117s matomos dalies spalva Artisan \u0105\u017euolas Priekin\u0117 spalva Cremona Torro \u0105\u017euolas \/ Juoda Priekin\u0117 med\u017eiaga \/ tipas \/ storis 16 mm baldin\u0117 plok\u0161t\u0117 Priekinis vyris \u2300 35 mm, reguliuojamas trijose plok\u0161tumose Priekinis universalus atidarymas \u012f kair\u0119 \/ \u012f de\u0161in\u0119 TAIP Priekin\u0117 rankena \/ med\u017eiaga \/ spalva Aliuminis \/ juoda \u0160velnaus u\u017edarymo dur\u0173 sistema Standarti\u0161kai Kojel\u0117 \/ med\u017eiaga \/ spalva Nereguliuojama \/ Bald\u0173 slankiklis \/ plastikas \/ juoda Dureli\u0173 skai\u010dius 1 Atvir\u0173 ni\u0161\u0173 skai\u010dius 3 U\u017edar\u0173 ni\u0161\u0173 skai\u010dius 2<\/p>","protected":false},"excerpt":{"rendered":"<p>Auk\u0161ta ir funkcionali FE06 knyg\u0173 lentyna su atviromis lentynomis leid\u017eia esteti\u0161kai eksponuoti knygas, dokumentus ir dekoratyvinius daiktus. D\u0117l gerai apgalvoto lentyn\u0173 i\u0161d\u0117stymo joje yra vietos tiek didesniems daiktams, tiek ma\u017eesniems aksesuarams. Minimalistinis dizainas leid\u017eia j\u0105 pritaikyti \u012fvairiems interjerams \u2013 nuo modernaus iki industrinio. Pagaminta i\u0161 patvari\u0173 med\u017eiag\u0173, [\u2026]<\/p>","protected":false},"featured_media":254079,"comment_status":"open","ping_status":"open","template":"","meta":[],"product_brand":[],"product_cat":[2457,1177],"product_tag":[],"class_list":{"0":"post-254078","1":"product","2":"type-product","3":"status-publish","4":"has-post-thumbnail","6":"product_cat-liveo","7":"product_cat-wardrobes","9":"first","10":"instock","11":"purchasable","12":"product-type-simple"},"_links":{"self":[{"href":"https:\/\/baldumarket.lt\/lt\/wp-json\/wp\/v2\/product\/254078","targetHints":{"allow":["GET"]}}],"collection":[{"href":"https:\/\/baldumarket.lt\/lt\/wp-json\/wp\/v2\/product"}],"about":[{"href":"https:\/\/baldumarket.lt\/lt\/wp-json\/wp\/v2\/types\/product"}],"replies":[{"embeddable":true,"href":"https:\/\/baldumarket.lt\/lt\/wp-json\/wp\/v2\/comments?post=254078"}],"wp:featuredmedia":[{"embeddable":true,"href":"https:\/\/baldumarket.lt\/lt\/wp-json\/wp\/v2\/media\/254079"}],"wp:attachment":[{"href":"https:\/\/baldumarket.lt\/lt\/wp-json\/wp\/v2\/media?parent=254078"}],"wp:term":[{"taxonomy":"product_brand","embeddable":true,"href":"https:\/\/baldumarket.lt\/lt\/wp-json\/wp\/v2\/product_brand?post=254078"},{"taxonomy":"product_cat","embeddable":true,"href":"https:\/\/baldumarket.lt\/lt\/wp-json\/wp\/v2\/product_cat?post=254078"},{"taxonomy":"product_tag","embeddable":true,"href":"https:\/\/baldumarket.lt\/lt\/wp-json\/wp\/v2\/product_tag?post=254078"}],"curies":[{"name":"wp","href":"https:\/\/api.w.org\/{rel}","templated":true}]}}