{"id":254055,"date":"2026-01-10T22:21:21","date_gmt":"2026-01-10T19:21:21","guid":{"rendered":"https:\/\/baldumarket.lt\/product\/ferro-fe03-komoda\/"},"modified":"2026-02-11T18:31:17","modified_gmt":"2026-02-11T15:31:17","slug":"ferro-fe03-komoda","status":"publish","type":"product","link":"https:\/\/baldumarket.lt\/lt\/product\/ferro-fe03-komoda\/","title":{"rendered":"FERRO FE03 komoda su stal\u010diais"},"content":{"rendered":"<p>\u201eFerro\u201c kolekcijos komoda FE03 neabejotinai u\u017epildys j\u016bs\u0173 spintos spragas, suteikdama papildomos vietos drabu\u017eiams, apatiniams ir smulkiems aksesuarams. Kremonos kotos \u0105\u017euolo baldai, derinami su tamsiais elementais, sukurs \u0161ilt\u0105 ir modern\u0173 interjer\u0105.<\/p>\n<p>Plotis 165 cm Gylis 39 cm Auk\u0161tis 85 cm Produkto svoris su pakuote 61,70 kg Gamintojo kodas \/ simbolis FE03 Kolekcijos pavadinimas FERRO Pavadinimas b2b sistemoje FERRO FE03 KREMINIS \u0104\u017dUOLAS TORRO\/CZ KOMODOS KPL Produkto pakuo\u010di\u0173 skai\u010dius 3 Stilius Modernus \u012eranga Surinkimo instrukcijos \/ surinkimo priedai Surinkimas Savaranki\u0161kam surinkimui Korpuso spalva Cremona Torro \u0105\u017euolas \/ Juoda Korpuso med\u017eiaga \/ tipas \/ storis 16 mm baldin\u0117 plok\u0161t\u0117 Korpuso vir\u0161utin\u0117s dalies med\u017eiaga \/ tipas \/ storis 16 mm baldin\u0117 plok\u0161t\u0117 Korpuso apatin\u0117s dalies med\u017eiaga \/ tipas \/ storis 16 mm baldin\u0117 plok\u0161t\u0117 Korpuso pagrindo med\u017eiaga \/ tipas \/ storis 16 mm baldin\u0117 plok\u0161t\u0117 Lentynos spalva Cremona Torro \u0105\u017euolas Lentynos med\u017eiaga \/ tipas \/ storis 16 mm baldin\u0117 plok\u0161t\u0117 Lentyn\u0173 kiekis 3 Galin\u0117s sienel\u0117s med\u017eiaga \/ tipas \/ storis 2,5 mm HDF baldin\u0117 plok\u0161t\u0117 Matomos galin\u0117s sienel\u0117s dalies spalva Artisan \u0105\u017euolas Priekin\u0117 spalva Cremona Torro \u0105\u017euolas \/ Juoda Priekin\u0117s apdailos med\u017eiaga \/ tipas \/ storis 16 mm baldin\u0117 plok\u0161t\u0117 \/ lentjuost\u0117s 16 mm MDF baldin\u0117 plok\u0161t\u0117 Priekinis vyris \u2300 35 mm Reguliuojama trijose plok\u0161tumose Priekin\u0117 rankena \/ apdaila \/ spalva Aliuminis \/ juoda \u0160velnaus u\u017edarymo dureli\u0173 sistema Standartin\u0117 Pilno i\u0161traukimo stal\u010di\u0173 b\u0117geliai Papildoma koja \/ apdaila \/ spalva Reguliuojama vidurin\u0117 koja \/ plastikas \/ juoda Kojel\u0117 \/ apdaila \/ spalva Nereguliuojama \/ Bald\u0173 b\u0117gelis \/ plastikas \/ juoda Dureli\u0173 skai\u010dius 3 Stal\u010di\u0173 skai\u010dius 3 U\u017edar\u0173 ni\u0161\u0173 skai\u010dius 6<\/p>","protected":false},"excerpt":{"rendered":"<p>\u201eFerro\u201c kolekcijos komoda FE03 neabejotinai u\u017epildys j\u016bs\u0173 spintos spragas, suteikdama papildomos vietos drabu\u017eiams, apatiniams drabu\u017eiams ir smulkiems aksesuarams. Kremonos kotos \u0105\u017euolo baldai kartu su tamsiais elementais sukurs \u0161ilt\u0105 ir modern\u0173 interjer\u0105. Plotis 165 cm Gylis 39 cm Auk\u0161tis 85 cm Gaminio svoris su pakuote [\u2026]<\/p>","protected":false},"featured_media":254056,"comment_status":"open","ping_status":"open","template":"","meta":[],"product_brand":[],"product_cat":[1173,2457],"product_tag":[],"class_list":{"0":"post-254055","1":"product","2":"type-product","3":"status-publish","4":"has-post-thumbnail","6":"product_cat-chests-of-drawers","7":"product_cat-liveo","9":"first","10":"instock","11":"purchasable","12":"product-type-simple"},"_links":{"self":[{"href":"https:\/\/baldumarket.lt\/lt\/wp-json\/wp\/v2\/product\/254055","targetHints":{"allow":["GET"]}}],"collection":[{"href":"https:\/\/baldumarket.lt\/lt\/wp-json\/wp\/v2\/product"}],"about":[{"href":"https:\/\/baldumarket.lt\/lt\/wp-json\/wp\/v2\/types\/product"}],"replies":[{"embeddable":true,"href":"https:\/\/baldumarket.lt\/lt\/wp-json\/wp\/v2\/comments?post=254055"}],"wp:featuredmedia":[{"embeddable":true,"href":"https:\/\/baldumarket.lt\/lt\/wp-json\/wp\/v2\/media\/254056"}],"wp:attachment":[{"href":"https:\/\/baldumarket.lt\/lt\/wp-json\/wp\/v2\/media?parent=254055"}],"wp:term":[{"taxonomy":"product_brand","embeddable":true,"href":"https:\/\/baldumarket.lt\/lt\/wp-json\/wp\/v2\/product_brand?post=254055"},{"taxonomy":"product_cat","embeddable":true,"href":"https:\/\/baldumarket.lt\/lt\/wp-json\/wp\/v2\/product_cat?post=254055"},{"taxonomy":"product_tag","embeddable":true,"href":"https:\/\/baldumarket.lt\/lt\/wp-json\/wp\/v2\/product_tag?post=254055"}],"curies":[{"name":"wp","href":"https:\/\/api.w.org\/{rel}","templated":true}]}}