{"id":254047,"date":"2026-01-10T22:21:17","date_gmt":"2026-01-10T19:21:17","guid":{"rendered":"https:\/\/baldumarket.lt\/product\/ferro-fe02-komoda\/"},"modified":"2026-02-11T18:31:17","modified_gmt":"2026-02-11T15:31:17","slug":"ferro-fe02-komoda","status":"publish","type":"product","link":"https:\/\/baldumarket.lt\/lt\/product\/ferro-fe02-komoda\/","title":{"rendered":"FERRO FE02 komoda su stal\u010diais"},"content":{"rendered":"<p>Kompakti\u0161ka komoda FE02 pasi\u017eymi erdviais stal\u010diais ir spintel\u0117mis patogiam drabu\u017ei\u0173, dokument\u0173 ir kit\u0173 b\u016btiniausi\u0173 daikt\u0173 laikymui. Ergonomi\u0161kos rankenos ir \u0161velnaus u\u017edarymo mechanizmas padidina komfort\u0105. Komoda FERRO puikiai tiks tiek svetain\u0117je, tiek valgomajame. Kur ji geriausiai atliks savo paskirt\u012f, rinkit\u0117s patys.<\/p>\n<p>Plotis 111,5 cm Gylis 39 cm Auk\u0161tis 85 cm Produkto svoris su pakuote 43,25 kg Gamintojo kodas \/ simbolis FE02 Kolekcijos pavadinimas FERRO Pavadinimas b2b sistemoje FERRO FE02 KREMINIS \u0104\u017dUOLAS TORRO\/CZ KOMODOS KPL Produkto pakuo\u010di\u0173 skai\u010dius 3 Stilius Modernus \u012eranga Surinkimo instrukcijos \/ surinkimo priedai Surinkimas Savaranki\u0161kam surinkimui Korpuso spalva Cremona Torro \u0105\u017euolas \/ Juoda Korpuso med\u017eiaga \/ tipas \/ storis 16 mm baldin\u0117 plok\u0161t\u0117 Korpuso vir\u0161utin\u0117s dalies med\u017eiaga \/ tipas \/ storis 16 mm baldin\u0117 plok\u0161t\u0117 Korpuso apa\u010dios med\u017eiaga \/ tipas \/ storis 16 mm baldin\u0117 plok\u0161t\u0117 Korpuso pagrindo med\u017eiaga \/ tipas \/ storis 16 mm baldin\u0117 plok\u0161t\u0117 Lentynos spalva Cremona Torro \u0105\u017euolas Lentynos med\u017eiaga \/ tipas \/ storis 16 mm baldin\u0117 plok\u0161t\u0117 Lentyn\u0173 kiekis 2 Galin\u0117s sienel\u0117s med\u017eiaga \/ tipas \/ storis 2,5 mm HDF baldin\u0117 plok\u0161t\u0117 Sienos galin\u0117s matomos dalies spalva Artisan \u0105\u017euolas Priekin\u0117 spalva Cremona Torro \u0105\u017euolas \/ Juoda Priekin\u0117s apdailos med\u017eiaga \/ tipas \/ storis 16 mm baldin\u0117 plok\u0161t\u0117 \/ lentjuost\u0117s 16 mm MDF baldin\u0117 plok\u0161t\u0117 Priekinis vyris \u2300 35 mm reguliuojamas trijose plok\u0161tumose Priekin\u0117 rankena \/ apdaila \/ spalva Aliuminis \/ juoda \u0160velnaus u\u017edarymo dureli\u0173 sistema Standartin\u0117 Pilno i\u0161traukimo stal\u010di\u0173 b\u0117geliai Kojel\u0117 \/ apdaila \/ spalva Nereguliuojama \/ Bald\u0173 b\u0117gelis \/ plastikas \/ juoda Dureli\u0173 skai\u010dius 2 Stal\u010di\u0173 skai\u010dius 2 U\u017edar\u0173 ni\u0161\u0173 skai\u010dius 4<\/p>","protected":false},"excerpt":{"rendered":"<p>Kompakti\u0161ka komoda FE02 pasi\u017eymi erdviais stal\u010diais ir spintel\u0117mis, kuriose patogu laikyti drabu\u017eius, dokumentus ir kitus b\u016btiniausius daiktus. Ergonomi\u0161kos rankenos ir \u0161velnaus u\u017edarymo mechanizmas padidina komfort\u0105. FERRO komoda puikiai tiks tiek svetain\u0117je, tiek valgomajame. Jums tereikia pasirinkti, kur ji geriausiai tiks [\u2026]<\/p>","protected":false},"featured_media":254048,"comment_status":"open","ping_status":"open","template":"","meta":[],"product_brand":[],"product_cat":[1173,2457],"product_tag":[],"class_list":{"0":"post-254047","1":"product","2":"type-product","3":"status-publish","4":"has-post-thumbnail","6":"product_cat-chests-of-drawers","7":"product_cat-liveo","9":"first","10":"instock","11":"purchasable","12":"product-type-simple"},"_links":{"self":[{"href":"https:\/\/baldumarket.lt\/lt\/wp-json\/wp\/v2\/product\/254047","targetHints":{"allow":["GET"]}}],"collection":[{"href":"https:\/\/baldumarket.lt\/lt\/wp-json\/wp\/v2\/product"}],"about":[{"href":"https:\/\/baldumarket.lt\/lt\/wp-json\/wp\/v2\/types\/product"}],"replies":[{"embeddable":true,"href":"https:\/\/baldumarket.lt\/lt\/wp-json\/wp\/v2\/comments?post=254047"}],"wp:featuredmedia":[{"embeddable":true,"href":"https:\/\/baldumarket.lt\/lt\/wp-json\/wp\/v2\/media\/254048"}],"wp:attachment":[{"href":"https:\/\/baldumarket.lt\/lt\/wp-json\/wp\/v2\/media?parent=254047"}],"wp:term":[{"taxonomy":"product_brand","embeddable":true,"href":"https:\/\/baldumarket.lt\/lt\/wp-json\/wp\/v2\/product_brand?post=254047"},{"taxonomy":"product_cat","embeddable":true,"href":"https:\/\/baldumarket.lt\/lt\/wp-json\/wp\/v2\/product_cat?post=254047"},{"taxonomy":"product_tag","embeddable":true,"href":"https:\/\/baldumarket.lt\/lt\/wp-json\/wp\/v2\/product_tag?post=254047"}],"curies":[{"name":"wp","href":"https:\/\/api.w.org\/{rel}","templated":true}]}}