{"id":254039,"date":"2026-01-10T22:21:13","date_gmt":"2026-01-10T19:21:13","guid":{"rendered":"https:\/\/baldumarket.lt\/product\/ferro-fe01-rtv\/"},"modified":"2026-02-11T18:31:17","modified_gmt":"2026-02-11T15:31:17","slug":"ferro-fe01-rtv","status":"publish","type":"product","link":"https:\/\/baldumarket.lt\/lt\/product\/ferro-fe01-rtv\/","title":{"rendered":"FERRO FE01 RTV"},"content":{"rendered":"<p>Eleganti\u0161ka FE01 RTV spintel\u0117 su erdviomis lentynomis ir u\u017erakinamais skyriais yra puiki vieta multimedijos \u012frangai. Prakti\u0161kos ni\u0161os leid\u017eia lengvai sutvarkyti laidus ir priedus. Tvirta konstrukcija garantuoja stabilum\u0105 ir ilgaam\u017ei\u0161kum\u0105 ateinantiems metams.<\/p>\n<p>Plotis 165 cm Gylis 39 cm Auk\u0161tis 58,5 cm Produkto svoris su pakuote 37,95 kg Gamintojo kodas \/ simbolis FE01 Kolekcijos pavadinimas FERRO Pavadinimas b2b sistemoje FERRO FE01 KREMINIS \u0104\u017dUOLAS TORRO\/CZ RTV KPL Produkto pakuo\u010di\u0173 skai\u010dius 2 Stilius Modernus \u012eranga Surinkimo instrukcijos \/ surinkimo priedai Surinkimas Savaranki\u0161kam surinkimui Korpuso spalva Cremona Torro \u0105\u017euolas \/ Juoda Korpuso med\u017eiaga \/ tipas \/ storis 16 mm bald\u0173 plok\u0161t\u0117 \/ lentjuost\u0117s 16 mm MDF bald\u0173 plok\u0161t\u0117 Korpuso vir\u0161utin\u0117 dalis \/ tipas \/ storis 16 mm bald\u0173 plok\u0161t\u0117 Korpuso apa\u010dia \/ tipas \/ storis 16 mm bald\u0173 plok\u0161t\u0117 Korpuso pagrindo dalis \/ tipas \/ storis 16 mm bald\u0173 plok\u0161t\u0117 Lentynos spalva Cremona Torro \u0105\u017euolas Lentynos med\u017eiaga \/ tipas \/ storis 16 mm bald\u0173 plok\u0161t\u0117 Lentyn\u0173 kiekis 1 Galin\u0117s sienel\u0117s med\u017eiaga \/ tipas \/ storis 2,5 mm HDF bald\u0173 plok\u0161t\u0117 Galin\u0117s sienel\u0117s matomos dalies spalva Artisan \u0105\u017euolas Priekin\u0117 spalva Cremona Torro \u0105\u017euolas \/ Juoda Priekin\u0117s apdailos med\u017eiaga \/ tipas \/ storis 16 mm bald\u0173 plok\u0161t\u0117 Priekinis vyris \u2300 35 mm reguliuojamas trijose plok\u0161tumose Priekin\u0117 rankena \/ apdaila \/ spalva Aliuminis \/ juoda Skyl\u0117 RTV kabeliams \u2300 50 mm \u0160velnaus u\u017edarymo dur\u0173 sistema Standartin\u0117 Papildoma koja \/ apdaila \/ spalva Reguliuojama vidurin\u0117 dalis \/ plastikas \/ juoda Kojel\u0117 \/ apdaila \/ spalva Nereguliuojama \/ Bald\u0173 slankiklis \/ plastikas \/ juoda Dur\u0173 skai\u010dius 2 Atvir\u0173 ni\u0161\u0173 skai\u010dius 2 U\u017edar\u0173 ni\u0161\u0173 skai\u010dius 2<\/p>","protected":false},"excerpt":{"rendered":"<p>Eleganti\u0161ka FE01 RTV spintel\u0117 su erdviomis lentynomis ir u\u017erakinamais skyriais \u2013 puiki vieta multimedijos \u012frangai. Prakti\u0161kos ni\u0161os leid\u017eia lengvai susitvarkyti laidus ir priedus. Tvirta konstrukcija garantuoja stabilum\u0105 ir ilgaam\u017ei\u0161kum\u0105 ilgus metus. Plotis 165 cm Gylis 39 cm Auk\u0161tis 58,5 cm Gaminio svoris su pakuote 37,95 kg Gamintojo [\u2026]<\/p>","protected":false},"featured_media":254040,"comment_status":"open","ping_status":"open","template":"","meta":[],"product_brand":[],"product_cat":[2457,1175],"product_tag":[],"class_list":{"0":"post-254039","1":"product","2":"type-product","3":"status-publish","4":"has-post-thumbnail","6":"product_cat-liveo","7":"product_cat-tv-stands","9":"first","10":"instock","11":"purchasable","12":"product-type-simple"},"_links":{"self":[{"href":"https:\/\/baldumarket.lt\/lt\/wp-json\/wp\/v2\/product\/254039","targetHints":{"allow":["GET"]}}],"collection":[{"href":"https:\/\/baldumarket.lt\/lt\/wp-json\/wp\/v2\/product"}],"about":[{"href":"https:\/\/baldumarket.lt\/lt\/wp-json\/wp\/v2\/types\/product"}],"replies":[{"embeddable":true,"href":"https:\/\/baldumarket.lt\/lt\/wp-json\/wp\/v2\/comments?post=254039"}],"wp:featuredmedia":[{"embeddable":true,"href":"https:\/\/baldumarket.lt\/lt\/wp-json\/wp\/v2\/media\/254040"}],"wp:attachment":[{"href":"https:\/\/baldumarket.lt\/lt\/wp-json\/wp\/v2\/media?parent=254039"}],"wp:term":[{"taxonomy":"product_brand","embeddable":true,"href":"https:\/\/baldumarket.lt\/lt\/wp-json\/wp\/v2\/product_brand?post=254039"},{"taxonomy":"product_cat","embeddable":true,"href":"https:\/\/baldumarket.lt\/lt\/wp-json\/wp\/v2\/product_cat?post=254039"},{"taxonomy":"product_tag","embeddable":true,"href":"https:\/\/baldumarket.lt\/lt\/wp-json\/wp\/v2\/product_tag?post=254039"}],"curies":[{"name":"wp","href":"https:\/\/api.w.org\/{rel}","templated":true}]}}