{"id":254038,"date":"2026-01-10T22:21:11","date_gmt":"2026-01-10T19:21:11","guid":{"rendered":"https:\/\/baldumarket.lt\/product\/fado-235-szafa-orzech-selekt\/"},"modified":"2026-02-11T18:31:17","modified_gmt":"2026-02-11T15:31:17","slug":"fado-235-szafa-orzech-selekt","status":"publish","type":"product","link":"https:\/\/baldumarket.lt\/lt\/product\/fado-235-szafa-orzech-selekt\/","title":{"rendered":"FADO 235 RIE\u0160UTMEDIS SU SAVYB\u0116MIS"},"content":{"rendered":"<p>Plotis 235 cm Gylis 61 cm Auk\u0161tis 216 cm \u012eranga Surinkimo instrukcijos \/ surinkimo priedai Surinkimas Savaranki\u0161kam surinkimui Korpuso spalva: Pasirinkite rie\u0161utmed\u012f Priekin\u0117s dalies spalva: Pasirinkite rie\u0161utmed\u012f<\/p>","protected":false},"excerpt":{"rendered":"<p>Plotis 235 cm Gylis 61 cm Auk\u0161tis 216 cm \u012eranga Surinkimo instrukcijos \/ surinkimo priedai Surinkimas Savaranki\u0161kam surinkimui Korpuso spalva: Pasirinkite rie\u0161utmed\u012f Priekin\u0117s dalies spalva: Pasirinkite rie\u0161utmed\u012f<\/p>","protected":false},"featured_media":252776,"comment_status":"open","ping_status":"open","template":"","meta":[],"product_brand":[],"product_cat":[2457,1177],"product_tag":[],"class_list":{"0":"post-254038","1":"product","2":"type-product","3":"status-publish","4":"has-post-thumbnail","6":"product_cat-liveo","7":"product_cat-wardrobes","9":"first","10":"instock","11":"purchasable","12":"product-type-simple"},"_links":{"self":[{"href":"https:\/\/baldumarket.lt\/lt\/wp-json\/wp\/v2\/product\/254038","targetHints":{"allow":["GET"]}}],"collection":[{"href":"https:\/\/baldumarket.lt\/lt\/wp-json\/wp\/v2\/product"}],"about":[{"href":"https:\/\/baldumarket.lt\/lt\/wp-json\/wp\/v2\/types\/product"}],"replies":[{"embeddable":true,"href":"https:\/\/baldumarket.lt\/lt\/wp-json\/wp\/v2\/comments?post=254038"}],"wp:featuredmedia":[{"embeddable":true,"href":"https:\/\/baldumarket.lt\/lt\/wp-json\/wp\/v2\/media\/252776"}],"wp:attachment":[{"href":"https:\/\/baldumarket.lt\/lt\/wp-json\/wp\/v2\/media?parent=254038"}],"wp:term":[{"taxonomy":"product_brand","embeddable":true,"href":"https:\/\/baldumarket.lt\/lt\/wp-json\/wp\/v2\/product_brand?post=254038"},{"taxonomy":"product_cat","embeddable":true,"href":"https:\/\/baldumarket.lt\/lt\/wp-json\/wp\/v2\/product_cat?post=254038"},{"taxonomy":"product_tag","embeddable":true,"href":"https:\/\/baldumarket.lt\/lt\/wp-json\/wp\/v2\/product_tag?post=254038"}],"curies":[{"name":"wp","href":"https:\/\/api.w.org\/{rel}","templated":true}]}}