{"id":254031,"date":"2026-01-10T22:20:58","date_gmt":"2026-01-10T19:20:58","guid":{"rendered":"https:\/\/baldumarket.lt\/product\/eliza-ez-8g50o-rijeka-jasna-kpl\/"},"modified":"2026-02-11T18:31:17","modified_gmt":"2026-02-11T15:31:17","slug":"eliza-ez-8g50o-rijeka-jasna-kpl","status":"publish","type":"product","link":"https:\/\/baldumarket.lt\/lt\/product\/eliza-ez-8g50o-rijeka-jasna-kpl\/","title":{"rendered":"ELIZA EZ-8|G50o rijeka \u0161viesus komplektas"},"content":{"rendered":"<p>Vir\u0161utin\u0117 gartraukio spintel\u0117 EZ8\/G50O priklauso \u201eEliza\u201c bald\u0173 kolekcijai. \u0160i vien\u0173 dur\u0173, varstoma gartraukio spintel\u0117 puikiai sutvarko virtuv\u0117s prietais\u0173 laikymo viet\u0105 ir suteikia prakti\u0161k\u0105 b\u016bd\u0105 integruoti gartrauk\u012f. 50 cm plo\u010dio ir 29,5 cm auk\u0161\u010dio ji puikiai papildo vir\u0161utin\u0119 virtuv\u0117s spintel\u0119. Subtilios sidabrin\u0117s ranken\u0117l\u0117s pary\u0161kina bendr\u0105 spintel\u0117s stili\u0173. \u201eEliza\u201c virtuv\u0117 yra sisteminis sprendimas, leid\u017eiantis susikurti savo svajoni\u0173 bald\u0173 komplekt\u0105. Spintel\u0117, kaip ir visa kolekcija, buvo kruop\u0161\u010diai suprojektuota taip, kad b\u016bt\u0173 pakankamai vietos daiktams susid\u0117ti, o auk\u0161tos kokyb\u0117s med\u017eiagos u\u017etikrina tok\u012f pat\u012f ilgaam\u017ei\u0161kum\u0105.<\/p>\n<p>Plotis 50 cm Gylis 29,5 cm Auk\u0161tis 29,5 cm Gaminio svoris su pakuote 6,7 kg Gamintojo kodas \/ simbolis EZ08 Kolekcijos pavadinimas ELIZA KITCHEN Gaminio pakuo\u010di\u0173 skai\u010dius 1 Stilius UNIVERSAL \u012eranga Surinkimo instrukcijos \/ surinkimo priedai Surinkimas Savaranki\u0161kam surinkimui<\/p>","protected":false},"excerpt":{"rendered":"<p>Vir\u0161utin\u0117 gartraukio spintel\u0117 EZ8\/G50O priklauso \u201eEliza\u201c bald\u0173 kolekcijai. \u0160i vien\u0173 dur\u0173, varstoma gartraukio spintel\u0117 puikiai sutvarko virtuv\u0117s prietais\u0173 laikymo viet\u0105 ir suteikia prakti\u0161k\u0105 b\u016bd\u0105 integruoti gartrauk\u012f. 50 cm plo\u010dio ir 29,5 cm auk\u0161\u010dio ji puikiai papildo vir\u0161utin\u012f virtuv\u0117s bald\u0105. Subtilios sidabrin\u0117s ranken\u0117l\u0117s pary\u0161kina bendr\u0105 [\u2026] stili\u0173.<\/p>","protected":false},"featured_media":253991,"comment_status":"open","ping_status":"open","template":"","meta":[],"product_brand":[],"product_cat":[1043,2457],"product_tag":[],"class_list":{"0":"post-254031","1":"product","2":"type-product","3":"status-publish","4":"has-post-thumbnail","6":"product_cat-extras","7":"product_cat-liveo","9":"first","10":"instock","11":"purchasable","12":"product-type-simple"},"_links":{"self":[{"href":"https:\/\/baldumarket.lt\/lt\/wp-json\/wp\/v2\/product\/254031","targetHints":{"allow":["GET"]}}],"collection":[{"href":"https:\/\/baldumarket.lt\/lt\/wp-json\/wp\/v2\/product"}],"about":[{"href":"https:\/\/baldumarket.lt\/lt\/wp-json\/wp\/v2\/types\/product"}],"replies":[{"embeddable":true,"href":"https:\/\/baldumarket.lt\/lt\/wp-json\/wp\/v2\/comments?post=254031"}],"wp:featuredmedia":[{"embeddable":true,"href":"https:\/\/baldumarket.lt\/lt\/wp-json\/wp\/v2\/media\/253991"}],"wp:attachment":[{"href":"https:\/\/baldumarket.lt\/lt\/wp-json\/wp\/v2\/media?parent=254031"}],"wp:term":[{"taxonomy":"product_brand","embeddable":true,"href":"https:\/\/baldumarket.lt\/lt\/wp-json\/wp\/v2\/product_brand?post=254031"},{"taxonomy":"product_cat","embeddable":true,"href":"https:\/\/baldumarket.lt\/lt\/wp-json\/wp\/v2\/product_cat?post=254031"},{"taxonomy":"product_tag","embeddable":true,"href":"https:\/\/baldumarket.lt\/lt\/wp-json\/wp\/v2\/product_tag?post=254031"}],"curies":[{"name":"wp","href":"https:\/\/api.w.org\/{rel}","templated":true}]}}