{"id":254030,"date":"2026-01-10T22:20:55","date_gmt":"2026-01-10T19:20:55","guid":{"rendered":"https:\/\/baldumarket.lt\/product\/eliza-ez-7g60nw-rijeka-jasna-kpl\/"},"modified":"2026-02-11T18:31:17","modified_gmt":"2026-02-11T15:31:17","slug":"eliza-ez-7g60nw-rijeka-jasna-kpl","status":"publish","type":"product","link":"https:\/\/baldumarket.lt\/lt\/product\/eliza-ez-7g60nw-rijeka-jasna-kpl\/","title":{"rendered":"ELIZA EZ-7|G60NW rijeka \u0161viestuv\u0173 komplektas"},"content":{"rendered":"<p>Vir\u0161utin\u0117 kampin\u0117 spintel\u0117 EZ7\/G60NW (K\/D) priklauso \u201eEliza\u201c bald\u0173 kolekcijai. Spintel\u0117 pasi\u017eymi atidaroma priekine dalimi ir viena lentyna. Maksimaliai i\u0161naudojant erdv\u0119 kambario kampuose, joje tikrai tilps net ir smulk\u016bs prietaisai. 60 cm gylio ir 57,5 cm auk\u0161\u010dio spintel\u0117 puikiai papildo vir\u0161utin\u0119 virtuv\u0117s spintel\u0119 kampin\u0117s virtuv\u0117s koncepcijoje. Subtilios sidabrin\u0117s ranken\u0117l\u0117s pary\u0161kina bendr\u0105 spintel\u0117s stili\u0173. Tai sisteminis sprendimas, leid\u017eiantis susikurti savo svajoni\u0173 bald\u0173 komplekt\u0105. Spintel\u0117, kaip ir visa \u201eEliza\u201c bald\u0173 kolekcija, buvo kruop\u0161\u010diai suprojektuota taip, kad b\u016bt\u0173 pakankamai vietos daiktams susid\u0117ti, o auk\u0161tos kokyb\u0117s med\u017eiagos u\u017etikrina tok\u012f pat didel\u012f patvarum\u0105.<\/p>\n<p>Plotis 60 cm Gylis 60 cm Auk\u0161tis 57,5 cm Gaminio svoris su pakuote 16,95 kg Gamintojo kodas \/ simbolis EZ07 Kolekcijos pavadinimas ELIZA KITCHEN Gaminio pakuo\u010di\u0173 skai\u010dius 1 Stilius UNIVERSAL \u012eranga Surinkimo instrukcijos \/ surinkimo priedai Surinkimas Savaranki\u0161kam surinkimui<\/p>","protected":false},"excerpt":{"rendered":"<p>Vir\u0161utin\u0117 kampin\u0117 spintel\u0117 EZ7\/G60NW (K\/D) yra i\u0161 \u201eEliza\u201c bald\u0173 kolekcijos. Spintel\u0117 turi atidarom\u0105 priek\u012f ir vien\u0105 lentyn\u0105. Maksimaliai i\u0161naudojant erdv\u0119 kambario kampuose, joje tikrai tilps net ir smulk\u016bs prietaisai. 60 cm gylio ir 57,5 cm auk\u0161\u010dio ji puikiai papildo vir\u0161utin\u012f virtuv\u0117s bald\u0105 [\u2026]<\/p>","protected":false},"featured_media":253992,"comment_status":"open","ping_status":"open","template":"","meta":[],"product_brand":[],"product_cat":[1043,2457],"product_tag":[],"class_list":{"0":"post-254030","1":"product","2":"type-product","3":"status-publish","4":"has-post-thumbnail","6":"product_cat-extras","7":"product_cat-liveo","9":"first","10":"instock","11":"purchasable","12":"product-type-simple"},"_links":{"self":[{"href":"https:\/\/baldumarket.lt\/lt\/wp-json\/wp\/v2\/product\/254030","targetHints":{"allow":["GET"]}}],"collection":[{"href":"https:\/\/baldumarket.lt\/lt\/wp-json\/wp\/v2\/product"}],"about":[{"href":"https:\/\/baldumarket.lt\/lt\/wp-json\/wp\/v2\/types\/product"}],"replies":[{"embeddable":true,"href":"https:\/\/baldumarket.lt\/lt\/wp-json\/wp\/v2\/comments?post=254030"}],"wp:featuredmedia":[{"embeddable":true,"href":"https:\/\/baldumarket.lt\/lt\/wp-json\/wp\/v2\/media\/253992"}],"wp:attachment":[{"href":"https:\/\/baldumarket.lt\/lt\/wp-json\/wp\/v2\/media?parent=254030"}],"wp:term":[{"taxonomy":"product_brand","embeddable":true,"href":"https:\/\/baldumarket.lt\/lt\/wp-json\/wp\/v2\/product_brand?post=254030"},{"taxonomy":"product_cat","embeddable":true,"href":"https:\/\/baldumarket.lt\/lt\/wp-json\/wp\/v2\/product_cat?post=254030"},{"taxonomy":"product_tag","embeddable":true,"href":"https:\/\/baldumarket.lt\/lt\/wp-json\/wp\/v2\/product_tag?post=254030"}],"curies":[{"name":"wp","href":"https:\/\/api.w.org\/{rel}","templated":true}]}}