{"id":254029,"date":"2026-01-10T22:20:52","date_gmt":"2026-01-10T19:20:52","guid":{"rendered":"https:\/\/baldumarket.lt\/product\/eliza-ez-6g80w-rijeka-jasna-kpl\/"},"modified":"2026-02-11T18:31:18","modified_gmt":"2026-02-11T15:31:18","slug":"eliza-ez-6g80w-rijeka-jasna-kpl","status":"publish","type":"product","link":"https:\/\/baldumarket.lt\/lt\/product\/eliza-ez-6g80w-rijeka-jasna-kpl\/","title":{"rendered":"ELIZA EZ-6|G80W rijeka \u0161viestuv\u0173 komplektas"},"content":{"rendered":"<p>Vir\u0161utin\u0117 vitrina EZ6\/G80W i\u0161 \u201eEliza\u201c bald\u0173 kolekcijos. Spintel\u0117 turi du i\u0161 dalies \u012fstiklintus priekius ir vien\u0105 lentyn\u0105 viduje. Stiklas leid\u017eia i\u0161 dalies eksponuoti m\u0117gstamus stiklinius stalo \u012frankius. 80 cm plo\u010dio ir 57,5 cm auk\u0161\u010dio ji puikiai papildo vir\u0161utin\u0119 virtuv\u0117s dal\u012f. Subtilios sidabrin\u0117s ranken\u0117l\u0117s pary\u0161kina bendr\u0105 spintel\u0117s stili\u0173. \u201eEliza\u201c virtuv\u0117 yra sisteminis sprendimas, leid\u017eiantis susikurti savo svajoni\u0173 bald\u0173 komplekt\u0105. Spintel\u0117, kaip ir visa kolekcija, buvo kruop\u0161\u010diai suprojektuota taip, kad b\u016bt\u0173 pakankamai vietos daiktams susid\u0117ti, o auk\u0161tos kokyb\u0117s med\u017eiagos u\u017etikrina tok\u012f pat didel\u012f patvarum\u0105.<\/p>\n<p>Plotis 80 cm Gylis 29,5 cm Auk\u0161tis 57,5 cm Gaminio svoris su pakuote 15,7 kg Gamintojo kodas \/ simbolis EZ06 Kolekcijos pavadinimas ELIZA KITCHEN Gaminio pakuo\u010di\u0173 skai\u010dius 2 Stilius UNIVERSAL \u012eranga Surinkimo instrukcijos \/ surinkimo priedai Surinkimas Savaranki\u0161kam surinkimui<\/p>","protected":false},"excerpt":{"rendered":"<p>Vir\u0161utin\u0117 vitrina EZ6\/G80W yra i\u0161 \u201eEliza\u201c bald\u0173 kolekcijos. Spintel\u0117 turi du i\u0161 dalies \u012fstiklintus priekius ir vien\u0105 lentyn\u0105 viduje. Stiklas leid\u017eia i\u0161 dalies eksponuoti m\u0117gstamus stiklinius stalo \u012frankius. 80 cm plo\u010dio ir 57,5 cm auk\u0161\u010dio ji puikiai papildo vir\u0161utin\u0119 virtuv\u0117s dal\u012f. Subtilios sidabrin\u0117s ranken\u0117l\u0117s pary\u0161kina bendr\u0105 [\u2026]<\/p>","protected":false},"featured_media":254011,"comment_status":"open","ping_status":"open","template":"","meta":[],"product_brand":[],"product_cat":[1043,2457],"product_tag":[],"class_list":{"0":"post-254029","1":"product","2":"type-product","3":"status-publish","4":"has-post-thumbnail","6":"product_cat-extras","7":"product_cat-liveo","9":"first","10":"instock","11":"purchasable","12":"product-type-simple"},"_links":{"self":[{"href":"https:\/\/baldumarket.lt\/lt\/wp-json\/wp\/v2\/product\/254029","targetHints":{"allow":["GET"]}}],"collection":[{"href":"https:\/\/baldumarket.lt\/lt\/wp-json\/wp\/v2\/product"}],"about":[{"href":"https:\/\/baldumarket.lt\/lt\/wp-json\/wp\/v2\/types\/product"}],"replies":[{"embeddable":true,"href":"https:\/\/baldumarket.lt\/lt\/wp-json\/wp\/v2\/comments?post=254029"}],"wp:featuredmedia":[{"embeddable":true,"href":"https:\/\/baldumarket.lt\/lt\/wp-json\/wp\/v2\/media\/254011"}],"wp:attachment":[{"href":"https:\/\/baldumarket.lt\/lt\/wp-json\/wp\/v2\/media?parent=254029"}],"wp:term":[{"taxonomy":"product_brand","embeddable":true,"href":"https:\/\/baldumarket.lt\/lt\/wp-json\/wp\/v2\/product_brand?post=254029"},{"taxonomy":"product_cat","embeddable":true,"href":"https:\/\/baldumarket.lt\/lt\/wp-json\/wp\/v2\/product_cat?post=254029"},{"taxonomy":"product_tag","embeddable":true,"href":"https:\/\/baldumarket.lt\/lt\/wp-json\/wp\/v2\/product_tag?post=254029"}],"curies":[{"name":"wp","href":"https:\/\/api.w.org\/{rel}","templated":true}]}}