{"id":254023,"date":"2026-01-10T22:20:40","date_gmt":"2026-01-10T19:20:40","guid":{"rendered":"https:\/\/baldumarket.lt\/product\/eliza-ez-19d50c-rijeka-jasnad-w-kpl\/"},"modified":"2026-02-11T18:31:18","modified_gmt":"2026-02-11T15:31:18","slug":"eliza-ez-19d50c-rijeka-jasnad-w-kpl","status":"publish","type":"product","link":"https:\/\/baldumarket.lt\/lt\/product\/eliza-ez-19d50c-rijeka-jasnad-w-kpl\/","title":{"rendered":"ELIZA EZ-19|D50C light rijeka|dw rinkinys"},"content":{"rendered":"<p>K\/D apatin\u0117 spintel\u0117 EZ19\/D50C priklauso \u201eEliza\u201c bald\u0173 kolekcijai. \u0160i dvigubo fasado virtuv\u0117s spintel\u0117 yra puikus pasirinkimas tiems, kurie vertina erdvius baldus ir neapsiriboja tik apatine ir vir\u0161utine spintel\u0117mis. Erdvios lentynos viduje leid\u017eia laikyti \u012fvairius virtuv\u0117s reikmenis. 50 cm plo\u010dio ir 195 cm auk\u0161\u010dio ji puikiai papildo apatin\u0119 virtuv\u0117s spintel\u0119. \u201eEliza\u201c virtuv\u0117 yra sisteminis sprendimas, leid\u017eiantis susikurti savo svajoni\u0173 bald\u0173 komplekt\u0105. Subtilios sidabrin\u0117s ranken\u0117l\u0117s pary\u0161kina bendr\u0105 bald\u0173 stili\u0173. Spintel\u0117, kaip ir visa kolekcija, buvo kruop\u0161\u010diai suprojektuota taip, kad b\u016bt\u0173 pakankamai vietos daiktams susid\u0117ti, o auk\u0161tos kokyb\u0117s med\u017eiagos u\u017etikrina tok\u012f pat\u012f ilgaam\u017ei\u0161kum\u0105.<\/p>\n<p>Plotis 50 cm Gylis 56 cm Auk\u0161tis 195 cm Gaminio svoris su pakuote 47,3 kg Gamintojo kodas \/ simbolis EZ19 Kolekcijos pavadinimas ELIZA KITCHEN Gaminio pakuo\u010di\u0173 skai\u010dius 2 Stilius UNIVERSAL \u012eranga Surinkimo instrukcijos \/ surinkimo priedai Surinkimas Savaranki\u0161kam surinkimui Kojel\u0117 \/ dizainas \/ spalva SLIDE<\/p>","protected":false},"excerpt":{"rendered":"<p>K\/D apatin\u0117 spintel\u0117 EZ19\/D50C yra i\u0161 \u201eEliza\u201c bald\u0173 kolekcijos. \u0160i dvigubo fasado virtuv\u0117s spintel\u0117 yra puikus pasirinkimas tiems, kurie vertina erdvius baldus ir neapsiriboja tik apatine ir vir\u0161utine spintel\u0117mis. Erdvios lentynos viduje leid\u017eia laikyti \u012fvairius virtuv\u0117s reikmenis. 50 cm plo\u010dio ir 195 cm auk\u0161\u010dio, [\u2026]<\/p>","protected":false},"featured_media":254007,"comment_status":"open","ping_status":"open","template":"","meta":[],"product_brand":[],"product_cat":[1043,2457],"product_tag":[],"class_list":{"0":"post-254023","1":"product","2":"type-product","3":"status-publish","4":"has-post-thumbnail","6":"product_cat-extras","7":"product_cat-liveo","9":"first","10":"instock","11":"purchasable","12":"product-type-simple"},"_links":{"self":[{"href":"https:\/\/baldumarket.lt\/lt\/wp-json\/wp\/v2\/product\/254023","targetHints":{"allow":["GET"]}}],"collection":[{"href":"https:\/\/baldumarket.lt\/lt\/wp-json\/wp\/v2\/product"}],"about":[{"href":"https:\/\/baldumarket.lt\/lt\/wp-json\/wp\/v2\/types\/product"}],"replies":[{"embeddable":true,"href":"https:\/\/baldumarket.lt\/lt\/wp-json\/wp\/v2\/comments?post=254023"}],"wp:featuredmedia":[{"embeddable":true,"href":"https:\/\/baldumarket.lt\/lt\/wp-json\/wp\/v2\/media\/254007"}],"wp:attachment":[{"href":"https:\/\/baldumarket.lt\/lt\/wp-json\/wp\/v2\/media?parent=254023"}],"wp:term":[{"taxonomy":"product_brand","embeddable":true,"href":"https:\/\/baldumarket.lt\/lt\/wp-json\/wp\/v2\/product_brand?post=254023"},{"taxonomy":"product_cat","embeddable":true,"href":"https:\/\/baldumarket.lt\/lt\/wp-json\/wp\/v2\/product_cat?post=254023"},{"taxonomy":"product_tag","embeddable":true,"href":"https:\/\/baldumarket.lt\/lt\/wp-json\/wp\/v2\/product_tag?post=254023"}],"curies":[{"name":"wp","href":"https:\/\/api.w.org\/{rel}","templated":true}]}}