{"id":254022,"date":"2026-01-10T22:20:38","date_gmt":"2026-01-10T19:20:38","guid":{"rendered":"https:\/\/baldumarket.lt\/product\/eliza-ez-18d100nw-rijeka-jasnad-w-kpl\/"},"modified":"2026-02-11T18:31:18","modified_gmt":"2026-02-11T15:31:18","slug":"eliza-ez-18d100nw-rijeka-jasnad-w-kpl","status":"publish","type":"product","link":"https:\/\/baldumarket.lt\/lt\/product\/eliza-ez-18d100nw-rijeka-jasnad-w-kpl\/","title":{"rendered":"ELIZA EZ-18|D100NW rijeka light|dw rinkinys"},"content":{"rendered":"<p>Apatin\u0117 kampin\u0117 spintel\u0117 EZ18\/D100NW (K\/D) priklauso \u201eEliza\u201c bald\u0173 kolekcijai. Tai kampin\u0117 spintel\u0117, skirta naudoti kambario kampe ir negali b\u016bti derinama su spintel\u0117mis su stal\u010diais. Priklausomai nuo j\u016bs\u0173 pageidavim\u0173, viduje galite laikyti indus, maist\u0105 ir smulkius daiktus. 100 cm plo\u010dio ir 85 cm auk\u0161\u010dio ji puikiai papildo apatin\u0119 virtuv\u0117s spintel\u0119 kampin\u0117s virtuv\u0117s koncepcijoje. \u201eEliza\u201c virtuv\u0117 \u2013 tai sisteminis sprendimas, leid\u017eiantis susikurti savo svajoni\u0173 bald\u0173 komplekt\u0105. Subtilios sidabrin\u0117s ranken\u0117l\u0117s pary\u0161kina bendr\u0105 bald\u0173 stili\u0173. Komplekte yra 28 mm storio \u0161viesus \u201eRijeka\u201c stalvir\u0161is. Spintel\u0117, kaip ir visa kolekcija, buvo kruop\u0161\u010diai suprojektuota taip, kad b\u016bt\u0173 pakankamai vietos daiktams susid\u0117ti, o auk\u0161tos kokyb\u0117s med\u017eiagos u\u017etikrina tok\u012f pat\u012f ilgaam\u017ei\u0161kum\u0105.<\/p>\n<p>Plotis 80 cm Gylis 60 cm Auk\u0161tis 85 cm Gaminio svoris su pakuote 33 kg Gamintojo kodas \/ simbolis EZ18 Kolekcijos pavadinimas ELIZA KITCHEN Gaminio pakuo\u010di\u0173 skai\u010dius 2 Stilius UNIVERSAL \u012eranga Surinkimo instrukcijos \/ surinkimo priedai Surinkimas Savaranki\u0161kam surinkimui Kojel\u0117 \/ dizainas \/ spalva SLIDE<\/p>","protected":false},"excerpt":{"rendered":"<p>Apatin\u0117 kampin\u0117 spintel\u0117 EZ18\/D100NW (K\/D) i\u0161 \u201eEliza\u201c bald\u0173 kolekcijos. Tai kampin\u0117 spintel\u0117, skirta naudoti kambario kampe ir negali b\u016bti derinama su spintel\u0117mis su stal\u010diais. Priklausomai nuo j\u016bs\u0173 pageidavim\u0173, viduje galite laikyti indus, maist\u0105 ir smulkius daiktus. 100 cm plo\u010dio ir 85 cm auk\u0161\u010dio, ji [\u2026]<\/p>","protected":false},"featured_media":254006,"comment_status":"open","ping_status":"open","template":"","meta":[],"product_brand":[],"product_cat":[1043,2457],"product_tag":[],"class_list":{"0":"post-254022","1":"product","2":"type-product","3":"status-publish","4":"has-post-thumbnail","6":"product_cat-extras","7":"product_cat-liveo","9":"first","10":"instock","11":"purchasable","12":"product-type-simple"},"_links":{"self":[{"href":"https:\/\/baldumarket.lt\/lt\/wp-json\/wp\/v2\/product\/254022","targetHints":{"allow":["GET"]}}],"collection":[{"href":"https:\/\/baldumarket.lt\/lt\/wp-json\/wp\/v2\/product"}],"about":[{"href":"https:\/\/baldumarket.lt\/lt\/wp-json\/wp\/v2\/types\/product"}],"replies":[{"embeddable":true,"href":"https:\/\/baldumarket.lt\/lt\/wp-json\/wp\/v2\/comments?post=254022"}],"wp:featuredmedia":[{"embeddable":true,"href":"https:\/\/baldumarket.lt\/lt\/wp-json\/wp\/v2\/media\/254006"}],"wp:attachment":[{"href":"https:\/\/baldumarket.lt\/lt\/wp-json\/wp\/v2\/media?parent=254022"}],"wp:term":[{"taxonomy":"product_brand","embeddable":true,"href":"https:\/\/baldumarket.lt\/lt\/wp-json\/wp\/v2\/product_brand?post=254022"},{"taxonomy":"product_cat","embeddable":true,"href":"https:\/\/baldumarket.lt\/lt\/wp-json\/wp\/v2\/product_cat?post=254022"},{"taxonomy":"product_tag","embeddable":true,"href":"https:\/\/baldumarket.lt\/lt\/wp-json\/wp\/v2\/product_tag?post=254022"}],"curies":[{"name":"wp","href":"https:\/\/api.w.org\/{rel}","templated":true}]}}