{"id":254021,"date":"2026-01-10T22:20:35","date_gmt":"2026-01-10T19:20:35","guid":{"rendered":"https:\/\/baldumarket.lt\/product\/eliza-ez-17d80z-rijeka-jasnad-w-kpl\/"},"modified":"2026-02-11T18:31:18","modified_gmt":"2026-02-11T15:31:18","slug":"eliza-ez-17d80z-rijeka-jasnad-w-kpl","status":"publish","type":"product","link":"https:\/\/baldumarket.lt\/lt\/product\/eliza-ez-17d80z-rijeka-jasnad-w-kpl\/","title":{"rendered":"ELIZA EZ-17|D80Z rijeka \u0161viesus|dw rinkinys"},"content":{"rendered":"<p>Apatin\u0117 kriaukl\u0117s spintel\u0117 EZ17\/D80Z priklauso \u201eEliza\u201c bald\u0173 kolekcijai. Ji turi dvi duris ir yra universalaus dyd\u017eio, tod\u0117l galite pritaikyti kriaukl\u0119 pagal savo skon\u012f. Joje taip pat yra daug vietos valymo priemon\u0117ms ir \u0161iuk\u0161li\u0173 mai\u0161ams laikyti. 80 cm plo\u010dio ir 85 cm auk\u0161\u010dio spintel\u0117 puikiai dera prie apatin\u0117s virtuv\u0117s spintel\u0117s. Galima \u012fsigyti 80 cm auk\u0161\u010dio stalvir\u0161\u012f \u0161viesaus \u201eRijeka\u201c spalvos, kurio storis 28 mm. \u201eEliza\u201c virtuv\u0117 \u2013 tai sisteminis sprendimas, leid\u017eiantis susikurti savo svajoni\u0173 bald\u0173 komplekt\u0105. Subtilios sidabrin\u0117s ranken\u0117l\u0117s pary\u0161kina bendr\u0105 bald\u0173 stili\u0173. Spintel\u0117, kaip ir visa kolekcija, buvo kruop\u0161\u010diai suprojektuota taip, kad b\u016bt\u0173 pakankamai vietos daiktams susid\u0117ti, o auk\u0161tos kokyb\u0117s med\u017eiagos u\u017etikrina tok\u012f pat didel\u012f patvarum\u0105.<\/p>\n<p>Plotis 80 cm Gylis 45 cm Auk\u0161tis 82 cm Gaminio svoris su pakuote 19,45 kg Gamintojo kodas \/ simbolis EZ17 Kolekcijos pavadinimas ELIZA KITCHEN Gaminio pakuo\u010di\u0173 skai\u010dius 2 Stilius UNIVERSAL \u012eranga Surinkimo instrukcijos \/ surinkimo priedai Surinkimas Savaranki\u0161kam surinkimui Kojel\u0117 \/ dizainas \/ spalva SLIDE<\/p>","protected":false},"excerpt":{"rendered":"<p>Apatin\u0117 kriaukl\u0117s spintel\u0117 EZ17\/D80Z priklauso \u201eEliza\u201c bald\u0173 kolekcijai. Ji turi dvejas dureles ir yra universalaus dyd\u017eio, tod\u0117l galite pritaikyti kriaukl\u0119 pagal savo skon\u012f. Joje taip pat yra daug vietos valymo priemon\u0117ms ir \u0161iuk\u0161li\u0173 mai\u0161ams laikyti. 80 cm plo\u010dio ir 85 cm auk\u0161\u010dio spintel\u0117 puikiai dera prie apatinio virtuv\u0117s spintel\u0117s. [\u2026]<\/p>","protected":false},"featured_media":253993,"comment_status":"open","ping_status":"open","template":"","meta":[],"product_brand":[],"product_cat":[1043,2457],"product_tag":[],"class_list":{"0":"post-254021","1":"product","2":"type-product","3":"status-publish","4":"has-post-thumbnail","6":"product_cat-extras","7":"product_cat-liveo","9":"first","10":"instock","11":"purchasable","12":"product-type-simple"},"_links":{"self":[{"href":"https:\/\/baldumarket.lt\/lt\/wp-json\/wp\/v2\/product\/254021","targetHints":{"allow":["GET"]}}],"collection":[{"href":"https:\/\/baldumarket.lt\/lt\/wp-json\/wp\/v2\/product"}],"about":[{"href":"https:\/\/baldumarket.lt\/lt\/wp-json\/wp\/v2\/types\/product"}],"replies":[{"embeddable":true,"href":"https:\/\/baldumarket.lt\/lt\/wp-json\/wp\/v2\/comments?post=254021"}],"wp:featuredmedia":[{"embeddable":true,"href":"https:\/\/baldumarket.lt\/lt\/wp-json\/wp\/v2\/media\/253993"}],"wp:attachment":[{"href":"https:\/\/baldumarket.lt\/lt\/wp-json\/wp\/v2\/media?parent=254021"}],"wp:term":[{"taxonomy":"product_brand","embeddable":true,"href":"https:\/\/baldumarket.lt\/lt\/wp-json\/wp\/v2\/product_brand?post=254021"},{"taxonomy":"product_cat","embeddable":true,"href":"https:\/\/baldumarket.lt\/lt\/wp-json\/wp\/v2\/product_cat?post=254021"},{"taxonomy":"product_tag","embeddable":true,"href":"https:\/\/baldumarket.lt\/lt\/wp-json\/wp\/v2\/product_tag?post=254021"}],"curies":[{"name":"wp","href":"https:\/\/api.w.org\/{rel}","templated":true}]}}