{"id":254018,"date":"2026-01-10T22:20:28","date_gmt":"2026-01-10T19:20:28","guid":{"rendered":"https:\/\/baldumarket.lt\/product\/eliza-ez-14d60-rijeka-jasnad-w-kpl\/"},"modified":"2026-02-11T18:31:18","modified_gmt":"2026-02-11T15:31:18","slug":"eliza-ez-14d60-rijeka-jasnad-w-kpl","status":"publish","type":"product","link":"https:\/\/baldumarket.lt\/lt\/product\/eliza-ez-14d60-rijeka-jasnad-w-kpl\/","title":{"rendered":"ELIZA EZ-14|D60 \u0161viesus rijeka|dw rinkinys"},"content":{"rendered":"<p>Apatin\u0117 spintel\u0117 EZ14\/D60 priklauso \u201eEliza\u201c bald\u0173 kolekcijai. Dvigub\u0173 dureli\u0173 dizainas sukuria erdvi\u0105 erdv\u0119, idealiai tinkan\u010di\u0105 virtuv\u0117s reikmenims. 60 cm plo\u010dio ir 85 cm auk\u0161\u010dio ji puikiai dera prie apatin\u0117s virtuv\u0117s spintel\u0117s. Subtilios sidabrin\u0117s ranken\u0117l\u0117s pary\u0161kina bendr\u0105 spintel\u0117s stili\u0173. Komplekte yra 28 mm storio \u0161viesus \u201eRijeka\u201c stalvir\u0161is. \u201eEliza\u201c virtuv\u0117 yra sisteminis sprendimas, leid\u017eiantis susikurti savo svajoni\u0173 bald\u0173 komplekt\u0105. Spintel\u0117, kaip ir visa kolekcija, buvo kruop\u0161\u010diai suprojektuota taip, kad b\u016bt\u0173 pakankamai vietos daiktams susid\u0117ti, o auk\u0161tos kokyb\u0117s med\u017eiagos u\u017etikrina tok\u012f pat didel\u012f patvarum\u0105.<\/p>\n<p>Plotis 60 cm Gylis 60 cm Auk\u0161tis 85 cm Gaminio svoris su pakuote 26,35 kg Gamintojo kodas \/ simbolis EZ14 Kolekcijos pavadinimas ELIZA KITCHEN Gaminio pakuo\u010di\u0173 skai\u010dius 2 Stilius UNIVERSAL \u012eranga Surinkimo instrukcijos \/ surinkimo priedai Surinkimas Savaranki\u0161kam surinkimui Kojel\u0117 \/ dizainas \/ spalva SLIDE<\/p>","protected":false},"excerpt":{"rendered":"<p>Apatin\u0117 spintel\u0117 EZ14\/D60 priklauso \u201eEliza\u201c bald\u0173 kolekcijai. Dvigub\u0173 dureli\u0173 dizainas sukuria erdvi\u0105 erdv\u0119, idealiai tinkan\u010di\u0105 virtuv\u0117s reikmenims. 60 cm plo\u010dio ir 85 cm auk\u0161\u010dio ji puikiai dera prie apatin\u0117s virtuv\u0117s spintel\u0117s. Subtilios sidabrin\u0117s ranken\u0117l\u0117s pary\u0161kina bendr\u0105 spintel\u0117s stili\u0173. Pridedamas 28 mm storio \u0161viesus \u201eRijeka\u201c stalvir\u0161is. [\u2026]<\/p>","protected":false},"featured_media":254002,"comment_status":"open","ping_status":"open","template":"","meta":[],"product_brand":[],"product_cat":[1043,2457],"product_tag":[],"class_list":{"0":"post-254018","1":"product","2":"type-product","3":"status-publish","4":"has-post-thumbnail","6":"product_cat-extras","7":"product_cat-liveo","9":"first","10":"instock","11":"purchasable","12":"product-type-simple"},"_links":{"self":[{"href":"https:\/\/baldumarket.lt\/lt\/wp-json\/wp\/v2\/product\/254018","targetHints":{"allow":["GET"]}}],"collection":[{"href":"https:\/\/baldumarket.lt\/lt\/wp-json\/wp\/v2\/product"}],"about":[{"href":"https:\/\/baldumarket.lt\/lt\/wp-json\/wp\/v2\/types\/product"}],"replies":[{"embeddable":true,"href":"https:\/\/baldumarket.lt\/lt\/wp-json\/wp\/v2\/comments?post=254018"}],"wp:featuredmedia":[{"embeddable":true,"href":"https:\/\/baldumarket.lt\/lt\/wp-json\/wp\/v2\/media\/254002"}],"wp:attachment":[{"href":"https:\/\/baldumarket.lt\/lt\/wp-json\/wp\/v2\/media?parent=254018"}],"wp:term":[{"taxonomy":"product_brand","embeddable":true,"href":"https:\/\/baldumarket.lt\/lt\/wp-json\/wp\/v2\/product_brand?post=254018"},{"taxonomy":"product_cat","embeddable":true,"href":"https:\/\/baldumarket.lt\/lt\/wp-json\/wp\/v2\/product_cat?post=254018"},{"taxonomy":"product_tag","embeddable":true,"href":"https:\/\/baldumarket.lt\/lt\/wp-json\/wp\/v2\/product_tag?post=254018"}],"curies":[{"name":"wp","href":"https:\/\/api.w.org\/{rel}","templated":true}]}}