{"id":253987,"date":"2026-01-10T22:19:57","date_gmt":"2026-01-10T19:19:57","guid":{"rendered":"https:\/\/baldumarket.lt\/product\/eliza-180-kpl-rijeka-jasnadab-wenge-kpl\/"},"modified":"2026-02-11T18:31:19","modified_gmt":"2026-02-11T15:31:19","slug":"eliza-180-kpl-rijeka-jasnadab-wenge-kpl","status":"publish","type":"product","link":"https:\/\/baldumarket.lt\/lt\/product\/eliza-180-kpl-rijeka-jasnadab-wenge-kpl\/","title":{"rendered":"ELIZA 180 rinkiniai light rijeka | wenge \u0105\u017euolo komplektas"},"content":{"rendered":"<p>\u201eEliza\u201c 180 cm komplektas: Komplekt\u0105 sudaro \u0161ios spintel\u0117s: vir\u0161utin\u0117 spintel\u0117 \u2013 vitrina EZ6\/G80W, vir\u0161utin\u0117 spintel\u0117 vir\u0161 gartraukio EZ9\/G60O, vir\u0161utin\u0117 spintel\u0117 K\/D EZ1\/G40, apatin\u0117 spintel\u0117 kriauklei EZ17\/D80, apatin\u0117 spintel\u0117 EZ11\/D40S1. Apatinei kriaukl\u0117s spintelei EZ17\/D80 galima \u012fsigyti 80 cm stalvir\u0161\u012f \u0161viesios \u201eRijeka\u201c spalvos, 28 mm storio.<\/p>\n<p>Plotis 180 cm Gylis 60 cm Auk\u0161tis 195 cm Gaminio svoris su pakuote 73,6 kg Gamintojo kodas \/ simbolis ELIZA 1.8 Kolekcijos pavadinimas ELIZA KITCHEN Gaminio pakuo\u010di\u0173 skai\u010dius 7 Stilius UNIVERSAL \u012eranga Surinkimo instrukcijos \/ surinkimo priedai Surinkimas Savaranki\u0161kam surinkimui Kojel\u0117 \/ dizainas \/ spalva SLIDE<\/p>","protected":false},"excerpt":{"rendered":"<p>\u201eEliza\u201c 180 cm komplektas: Komplekt\u0105 sudaro \u0161ios spintel\u0117s: vir\u0161utin\u0117 spintel\u0117 \u2013 vitrina EZ6\/G80W, vir\u0161utin\u0117 spintel\u0117 vir\u0161 gartraukio EZ9\/G60O, vir\u0161utin\u0117 spintel\u0117 K\/D EZ1\/G40, apatin\u0117 spintel\u0117 kriauklei EZ17\/D80, apatin\u0117 spintel\u0117 EZ11\/D40S1. Apatinei kriaukl\u0117s spintelei EZ17\/D80 galima \u012fsigyti 80 cm stalvir\u0161\u012f \u0161viesios \u201eRijeka\u201c spalvos, [\u2026]<\/p>","protected":false},"featured_media":253988,"comment_status":"open","ping_status":"open","template":"","meta":[],"product_brand":[],"product_cat":[1043,2457],"product_tag":[],"class_list":{"0":"post-253987","1":"product","2":"type-product","3":"status-publish","4":"has-post-thumbnail","6":"product_cat-extras","7":"product_cat-liveo","9":"first","10":"instock","11":"purchasable","12":"product-type-simple"},"_links":{"self":[{"href":"https:\/\/baldumarket.lt\/lt\/wp-json\/wp\/v2\/product\/253987","targetHints":{"allow":["GET"]}}],"collection":[{"href":"https:\/\/baldumarket.lt\/lt\/wp-json\/wp\/v2\/product"}],"about":[{"href":"https:\/\/baldumarket.lt\/lt\/wp-json\/wp\/v2\/types\/product"}],"replies":[{"embeddable":true,"href":"https:\/\/baldumarket.lt\/lt\/wp-json\/wp\/v2\/comments?post=253987"}],"wp:featuredmedia":[{"embeddable":true,"href":"https:\/\/baldumarket.lt\/lt\/wp-json\/wp\/v2\/media\/253988"}],"wp:attachment":[{"href":"https:\/\/baldumarket.lt\/lt\/wp-json\/wp\/v2\/media?parent=253987"}],"wp:term":[{"taxonomy":"product_brand","embeddable":true,"href":"https:\/\/baldumarket.lt\/lt\/wp-json\/wp\/v2\/product_brand?post=253987"},{"taxonomy":"product_cat","embeddable":true,"href":"https:\/\/baldumarket.lt\/lt\/wp-json\/wp\/v2\/product_cat?post=253987"},{"taxonomy":"product_tag","embeddable":true,"href":"https:\/\/baldumarket.lt\/lt\/wp-json\/wp\/v2\/product_tag?post=253987"}],"curies":[{"name":"wp","href":"https:\/\/api.w.org\/{rel}","templated":true}]}}