{"id":253981,"date":"2026-01-10T22:19:53","date_gmt":"2026-01-10T19:19:53","guid":{"rendered":"https:\/\/baldumarket.lt\/product\/dorian-dn15-szafka-nocna-uniwersalna-lewostronna-prawostronna\/"},"modified":"2026-02-11T18:31:19","modified_gmt":"2026-02-11T15:31:19","slug":"dorian-dn15-szafka-nocna-uniwersalna-lewostronna-prawostronna","status":"publish","type":"product","link":"https:\/\/baldumarket.lt\/lt\/product\/dorian-dn15-szafka-nocna-uniwersalna-lewostronna-prawostronna\/","title":{"rendered":"DORIAN DN15 UNIVERSALUS NAKTINIS STILIUKAS KAIR\u0116\/DE\u0160IN\u0116"},"content":{"rendered":"<p>DORIAN DN15 naktinis staliukas \u017eavi savo paprastumu ir elegancija, skland\u017eiai \u012fsiliejantis \u012f bet koki\u0105 erdv\u0119. Idealiai tinka miegamiesiems, jis papildo lov\u0105 kaip papildomas akcentas. Jame yra vienas stal\u010dius ir atvira ni\u0161a visiems b\u016btiniausiems aksesuarams. J\u012f galima komplektuoti su papildomu LED ap\u0161vietimu (u\u017e papildom\u0105 mokest\u012f), kuris ap\u0161vie\u010dia priekyje esan\u010di\u0105 medines lenteles, sukurdamas subtil\u0173 \u0161vyt\u0117jim\u0105 ir jauki\u0105 atmosfer\u0105. Spintel\u0117 yra universali \u2013 j\u0105 galima naudoti tiek de\u0161in\u0117je, tiek kair\u0117je pus\u0117je. \u201eApril Oak\u201c spalv\u0173 gam\u0105 papildo juodos spalvos akcentai, pabr\u0117\u017eiantys bendr\u0105 spintel\u0117s stili\u0173. \u0160ilta spalv\u0173 gama ir minimalistin\u0117 forma sukurs patraukl\u0173, modern\u0173 interjer\u0105. Naktinis staliukas idealiai dera su kitais DORIAN serijos baldais arba yra atskiras baldas, leid\u017eiantis j\u012f pritaikyti prie savo kambario interjero.<\/p>\n<p>Plotis 54 cm Gylis 40 cm Auk\u0161tis 49 cm Produkto svoris su pakuote 18,55 kg Gamintojo kodas \/ simbolis DN15 Kolekcijos pavadinimas DORIAN Pavadinimas b2b sistemoje DORIAN DN-15 april oak\/black NAKTIN\u0116 SPINTEL\u0116 komplektas Produkto pakuo\u010di\u0173 skai\u010dius 2 Stilius Modernus \u012eranga Surinkimo instrukcijos \/ surinkimo priedai Surinkimui Savaranki\u0161kam surinkimui Korpuso spalva April Oak \/ Juoda Korpuso med\u017eiaga \/ tipas \/ storis 16 mm bald\u0173 plok\u0161t\u0117 \/ Juostel\u0117 16 mm MDF bald\u0173 plok\u0161t\u0117 Vir\u0161utinio korpuso med\u017eiaga \/ tipas \/ storis 22 mm bald\u0173 plok\u0161t\u0117 Apatinio korpuso med\u017eiaga \/ tipas \/ storis 22 mm bald\u0173 plok\u0161t\u0117 Pagrindo korpuso med\u017eiaga \/ tipas \/ storis 16 mm bald\u0173 plok\u0161t\u0117 Galin\u0117s sienel\u0117s med\u017eiaga \/ tipas \/ storis 2,5 mm HDF bald\u0173 plok\u0161t\u0117 Matoma galin\u0117s sienel\u0117s dalis Juoda Priekin\u0117s spalvos April Oak Priekin\u0117s med\u017eiagos \/ tipas \/ storis 18 mm MDF bald\u0173 plok\u0161t\u0117 Priekin\u0117 ranken\u0117l\u0117 \/ tipas \/ spalva Plastikas \/ juoda I\u0161orinis ap\u0161vietimas Standartinis I\u0161orinio ap\u0161vietimo \u0161viesos spalva \u0160iltai balta I\u0161orinio ap\u0161vietimo energijos klas\u0117 A++ Pilno i\u0161traukimo stal\u010di\u0173 b\u0117geliai Kojel\u0117 \/ tipas \/ spalva Nereguliuojami \/ Bald\u0173 b\u0117geliai \/ plastikas \/ Juoda Stal\u010di\u0173 skai\u010dius 1 Atvir\u0173 ni\u0161\u0173 skai\u010dius 1 Universalus korpusas kairiarankiams \/ de\u0161iniarankiams TAIP<\/p>","protected":false},"excerpt":{"rendered":"<p>DORIAN DN15 naktinis staliukas \u017eavi savo paprastumu ir elegancija, skland\u017eiai \u012fsiliejantis \u012f bet koki\u0105 erdv\u0119. Idealiai tinka miegamiesiems, jis papildo lov\u0105 kaip papildomas aksesuaras. Jame yra vienas stal\u010dius ir atvira ni\u0161a visiems b\u016btiniausiems aksesuarams. J\u012f galima papildomai ap\u0161viesti LED ap\u0161vietimu (u\u017e papildom\u0105 mokest\u012f), kuris ap\u0161vie\u010dia medin\u012f [\u2026]<\/p>","protected":false},"featured_media":253982,"comment_status":"open","ping_status":"open","template":"","meta":[],"product_brand":[],"product_cat":[1176,2457],"product_tag":[],"class_list":{"0":"post-253981","1":"product","2":"type-product","3":"status-publish","4":"has-post-thumbnail","6":"product_cat-bedside-tables","7":"product_cat-liveo","9":"first","10":"instock","11":"purchasable","12":"product-type-simple"},"_links":{"self":[{"href":"https:\/\/baldumarket.lt\/lt\/wp-json\/wp\/v2\/product\/253981","targetHints":{"allow":["GET"]}}],"collection":[{"href":"https:\/\/baldumarket.lt\/lt\/wp-json\/wp\/v2\/product"}],"about":[{"href":"https:\/\/baldumarket.lt\/lt\/wp-json\/wp\/v2\/types\/product"}],"replies":[{"embeddable":true,"href":"https:\/\/baldumarket.lt\/lt\/wp-json\/wp\/v2\/comments?post=253981"}],"wp:featuredmedia":[{"embeddable":true,"href":"https:\/\/baldumarket.lt\/lt\/wp-json\/wp\/v2\/media\/253982"}],"wp:attachment":[{"href":"https:\/\/baldumarket.lt\/lt\/wp-json\/wp\/v2\/media?parent=253981"}],"wp:term":[{"taxonomy":"product_brand","embeddable":true,"href":"https:\/\/baldumarket.lt\/lt\/wp-json\/wp\/v2\/product_brand?post=253981"},{"taxonomy":"product_cat","embeddable":true,"href":"https:\/\/baldumarket.lt\/lt\/wp-json\/wp\/v2\/product_cat?post=253981"},{"taxonomy":"product_tag","embeddable":true,"href":"https:\/\/baldumarket.lt\/lt\/wp-json\/wp\/v2\/product_tag?post=253981"}],"curies":[{"name":"wp","href":"https:\/\/api.w.org\/{rel}","templated":true}]}}